{"id":11756,"date":"2024-01-19T12:00:28","date_gmt":"2024-01-19T11:00:28","guid":{"rendered":"https:\/\/mes-pochoirs.com\/?post_type=product&#038;p=11756"},"modified":"2025-10-31T12:00:58","modified_gmt":"2025-10-31T11:00:58","slug":"plantilla-pareja-el0009","status":"publish","type":"product","link":"https:\/\/mes-pochoirs.com\/es\/produit\/pochoir-charme-du-couple-el0009","title":{"rendered":"Plantilla Encanto Pareja - EL0009"},"content":{"rendered":"<h2>Plantilla Encanto de la pareja<\/h2>\n<h3>Encanto \u00fanico<\/h3>\n<p>Descubra la plantilla \"Charme du Couple\", una plantilla impactante que capta la esencia misma del amor. De nuestra exclusiva colecci\u00f3n \"Expressions of Love\", esta plantilla representa a una pareja en un momento de complicidad cristalizado en el tiempo. Su estilo Street Art atrevido y moderno la convierte en una pieza \u00fanica, perfecta para quienes buscan expresar su amor de una forma art\u00edstica y original.<\/p>\n<h3>El arte de la plantilla en el arte callejero y el arte pop<\/h3>\n<p>Esta plantilla no es una simple herramienta, es una puerta abierta al mundo del arte urbano y del Pop Art. Los retratos de parejas, tema recurrente en estos movimientos art\u00edsticos, se reinventan aqu\u00ed. Utiliza esta plantilla para crear tus propias obras de arte, reflejando las tendencias actuales del arte urbano y el Pop Art, a la vez que a\u00f1ades tu toque personal.<\/p>\n<h3>Creatividad y calidad a su alcance<\/h3>\n<p>Fabricada a mano en nuestro taller, esta plantilla de alta calidad est\u00e1 dise\u00f1ada para ser reutilizable y reversible. Se adapta a todos sus proyectos, sea cual sea su tama\u00f1o, gracias a las diferentes dimensiones disponibles. Su facilidad de uso le permitir\u00e1 experimentar con distintos soportes y t\u00e9cnicas, como el acr\u00edlico o la acuarela, para dar vida a sus visiones art\u00edsticas.<\/p>","protected":false},"excerpt":{"rendered":"<p><span style=\"color: #34568b\"><strong>Colecci\u00f3n \"Expressions of Love<\/strong><\/span><\/p>\n<p>Esta plantilla se fabrica en nuestro taller de Francia.<br \/>\nElija la talla que desee entre las opciones siguientes.<\/p>","protected":false},"featured_media":11647,"comment_status":"open","ping_status":"closed","template":"","meta":{"bwfblock_default_font":"","_kad_blocks_custom_css":"","_kad_blocks_head_custom_js":"","_kad_blocks_body_custom_js":"","_kad_blocks_footer_custom_js":"","_kadence_starter_templates_imported_post":false,"_kad_post_transparent":"default","_kad_post_title":"","_kad_post_layout":"default","_kad_post_sidebar_id":"","_kad_post_content_style":"default","_kad_post_vertical_padding":"default","_kad_post_feature":"","_kad_post_feature_position":"","_kad_post_header":false,"_kad_post_footer":false,"_kad_post_classname":""},"product_brand":[1415],"product_cat":[504,481,36,1138,328],"product_tag":[325,507,492,506,491,359,490,505,296,476,333,338],"class_list":{"0":"post-11756","1":"product","2":"type-product","3":"status-publish","4":"has-post-thumbnail","6":"product_brand-mes-pochoirs","7":"product_cat-expressions-of-love","8":"product_cat-collections","9":"product_cat-pochoirs-portraits-visages","10":"product_cat-pochoirs-saint-valentin","11":"product_cat-pochoirs-street-art","12":"product_tag-amour","13":"product_tag-amoureux","14":"product_tag-collection","15":"product_tag-couple","16":"product_tag-expression","17":"product_tag-femme","18":"product_tag-gros-plan","19":"product_tag-homme","20":"product_tag-love","21":"product_tag-pochoir","22":"product_tag-pop-art","23":"product_tag-visage","25":"first","26":"instock","27":"taxable","28":"shipping-taxable","29":"purchasable","30":"product-type-variable","31":"entry","32":"content-bg","33":"loop-entry"},"taxonomy_info":{"product_brand":[{"value":1415,"label":"Mes Pochoirs"}],"product_cat":[{"value":504,"label":"Expressions of Love"},{"value":481,"label":"Collections"},{"value":36,"label":"Portraits &amp; Visages"},{"value":1138,"label":"Saint-Valentin"},{"value":328,"label":"Street Art"}],"product_tag":[{"value":325,"label":"amour"},{"value":507,"label":"amoureux"},{"value":492,"label":"collection"},{"value":506,"label":"couple"},{"value":491,"label":"expression"},{"value":359,"label":"femme"},{"value":490,"label":"Gros plan"},{"value":505,"label":"homme"},{"value":296,"label":"Love"},{"value":476,"label":"pochoir"},{"value":333,"label":"pop art"},{"value":338,"label":"visage"}]},"featured_image_src_large":["https:\/\/mes-pochoirs.com\/wp-content\/uploads\/2024\/01\/EL0009-FR-pochoir-Expressions-Of-Love-7-10-copyright-mes-pochoirs-com-858x1030.jpg",858,1030,true],"author_info":[],"comment_info":2,"_links":{"self":[{"href":"https:\/\/mes-pochoirs.com\/es\/wp-json\/wp\/v2\/product\/11756","targetHints":{"allow":["GET"]}}],"collection":[{"href":"https:\/\/mes-pochoirs.com\/es\/wp-json\/wp\/v2\/product"}],"about":[{"href":"https:\/\/mes-pochoirs.com\/es\/wp-json\/wp\/v2\/types\/product"}],"replies":[{"embeddable":true,"href":"https:\/\/mes-pochoirs.com\/es\/wp-json\/wp\/v2\/comments?post=11756"}],"wp:featuredmedia":[{"embeddable":true,"href":"https:\/\/mes-pochoirs.com\/es\/wp-json\/wp\/v2\/media\/11647"}],"wp:attachment":[{"href":"https:\/\/mes-pochoirs.com\/es\/wp-json\/wp\/v2\/media?parent=11756"}],"wp:term":[{"taxonomy":"product_brand","embeddable":true,"href":"https:\/\/mes-pochoirs.com\/es\/wp-json\/wp\/v2\/product_brand?post=11756"},{"taxonomy":"product_cat","embeddable":true,"href":"https:\/\/mes-pochoirs.com\/es\/wp-json\/wp\/v2\/product_cat?post=11756"},{"taxonomy":"product_tag","embeddable":true,"href":"https:\/\/mes-pochoirs.com\/es\/wp-json\/wp\/v2\/product_tag?post=11756"}],"curies":[{"name":"wp","href":"https:\/\/api.w.org\/{rel}","templated":true}]}}