{"id":11837,"date":"2024-01-17T14:57:59","date_gmt":"2024-01-17T13:57:59","guid":{"rendered":"https:\/\/mes-pochoirs.com\/?post_type=product&#038;p=11837"},"modified":"2025-10-31T12:01:02","modified_gmt":"2025-10-31T11:01:02","slug":"plantilla-semitono-g0045","status":"publish","type":"product","link":"https:\/\/mes-pochoirs.com\/es\/produit\/pochoir-halftone-demi-teinte-g0045","title":{"rendered":"Plantilla Halftone Half-Tone - G0045"},"content":{"rendered":"<h2>Plantilla semitono<\/h2>\n<h3>La elegancia del efecto semitono<\/h3>\n<p>Esta plantilla geom\u00e9trica Halftone, con su cautivador efecto de semitono, es imprescindible para los amantes del arte y la decoraci\u00f3n. El efecto semitono, una sofisticada t\u00e9cnica de impresi\u00f3n, se manifiesta aqu\u00ed a trav\u00e9s de una mir\u00edada de peque\u00f1os c\u00edrculos de distintos tama\u00f1os, cuidadosamente dispuestos a intervalos regulares. Esta t\u00e9cnica, que crea ilusiones \u00f3pticas y sutiles gradaciones, a\u00f1ade un toque de refinamiento y profundidad a sus proyectos art\u00edsticos.<\/p>\n<h3>Divertido y pr\u00e1ctico de usar<\/h3>\n<p>Notre pochoir g\u00e9om\u00e9trique est con\u00e7u pour s&#8217;adapter \u00e0 tous vos projets cr\u00e9atifs. Disponible en plusieurs tailles, il r\u00e9pond parfaitement \u00e0 vos besoins, que vous souhaitiez cr\u00e9er de grandes fresques murales ou ajouter des d\u00e9tails d\u00e9licats \u00e0 de petits objets. Cette polyvalence le rend id\u00e9al pour diverses applications, de la d\u00e9coration d&#8217;int\u00e9rieur \u00e0 la personnalisation d&#8217;objets du quotidien. La simplicit\u00e9 d&#8217;application de ce pochoir rend l&#8217;art accessible \u00e0 tous. Que vous soyez un artiste exp\u00e9riment\u00e9 ou un d\u00e9butant, son utilisation facile et ludique vous permet de d\u00e9ployer votre cr\u00e9ativit\u00e9 sans contrainte. Il est compatible avec de multiples techniques, telles que le pinceau, la bombe de peinture, et bien d&#8217;autres, et peut \u00eatre appliqu\u00e9 sur une vari\u00e9t\u00e9 de supports comme les toiles, les murs, le papier, le bois, et le carton. Fabriqu\u00e9 en plastique r\u00e9sistant de haute qualit\u00e9, ce pochoir est facile \u00e0 entretenir, r\u00e9utilisable et r\u00e9versible, garantissant une long\u00e9vit\u00e9 et une durabilit\u00e9 exceptionnelles.<\/p>","protected":false},"excerpt":{"rendered":"<p><strong data-start=\"1205\" data-end=\"1237\">Plantilla semitono<\/strong> con\u00e7u pour d\u00e9coration murale et toile. R\u00e9utilisable, r\u00e9versible, haute qualit\u00e9 et d\u00e9clin\u00e9 en plusieurs tailles.<\/p>","protected":false},"featured_media":11846,"comment_status":"open","ping_status":"closed","template":"","meta":{"bwfblock_default_font":"","_kad_blocks_custom_css":"","_kad_blocks_head_custom_js":"","_kad_blocks_body_custom_js":"","_kad_blocks_footer_custom_js":"","_kadence_starter_templates_imported_post":false,"_kad_post_transparent":"default","_kad_post_title":"","_kad_post_layout":"default","_kad_post_sidebar_id":"","_kad_post_content_style":"default","_kad_post_vertical_padding":"default","_kad_post_feature":"","_kad_post_feature_position":"","_kad_post_header":false,"_kad_post_footer":false,"_kad_post_classname":""},"product_brand":[1415],"product_cat":[498,241],"product_tag":[335,519,232,234,336,362,476,520],"class_list":{"0":"post-11837","1":"product","2":"type-product","3":"status-publish","4":"has-post-thumbnail","6":"product_brand-mes-pochoirs","7":"product_cat-pochoirs-halftone","8":"product_cat-pochoirs-geometriques","9":"product_tag-demi-teinte","10":"product_tag-effet","11":"product_tag-geometrique","12":"product_tag-grille","13":"product_tag-halftone","14":"product_tag-motifs","15":"product_tag-pochoir","16":"product_tag-technique","18":"first","19":"instock","20":"taxable","21":"shipping-taxable","22":"purchasable","23":"product-type-variable","24":"has-default-attributes","25":"entry","26":"content-bg","27":"loop-entry"},"taxonomy_info":{"product_brand":[{"value":1415,"label":"Mes Pochoirs"}],"product_cat":[{"value":498,"label":"Halftone &amp; Benday"},{"value":241,"label":"G\u00e9om\u00e9triques"}],"product_tag":[{"value":335,"label":"demi-teinte"},{"value":519,"label":"effet"},{"value":232,"label":"g\u00e9om\u00e9trique"},{"value":234,"label":"grille"},{"value":336,"label":"halftone"},{"value":362,"label":"motifs"},{"value":476,"label":"pochoir"},{"value":520,"label":"technique"}]},"featured_image_src_large":["https:\/\/mes-pochoirs.com\/wp-content\/uploads\/2024\/01\/G0045FR-pochoir-geometrique-Halftone-copyright-mes-pochoirs-com-858x1030.jpg",858,1030,true],"author_info":[],"comment_info":0,"_links":{"self":[{"href":"https:\/\/mes-pochoirs.com\/es\/wp-json\/wp\/v2\/product\/11837","targetHints":{"allow":["GET"]}}],"collection":[{"href":"https:\/\/mes-pochoirs.com\/es\/wp-json\/wp\/v2\/product"}],"about":[{"href":"https:\/\/mes-pochoirs.com\/es\/wp-json\/wp\/v2\/types\/product"}],"replies":[{"embeddable":true,"href":"https:\/\/mes-pochoirs.com\/es\/wp-json\/wp\/v2\/comments?post=11837"}],"wp:featuredmedia":[{"embeddable":true,"href":"https:\/\/mes-pochoirs.com\/es\/wp-json\/wp\/v2\/media\/11846"}],"wp:attachment":[{"href":"https:\/\/mes-pochoirs.com\/es\/wp-json\/wp\/v2\/media?parent=11837"}],"wp:term":[{"taxonomy":"product_brand","embeddable":true,"href":"https:\/\/mes-pochoirs.com\/es\/wp-json\/wp\/v2\/product_brand?post=11837"},{"taxonomy":"product_cat","embeddable":true,"href":"https:\/\/mes-pochoirs.com\/es\/wp-json\/wp\/v2\/product_cat?post=11837"},{"taxonomy":"product_tag","embeddable":true,"href":"https:\/\/mes-pochoirs.com\/es\/wp-json\/wp\/v2\/product_tag?post=11837"}],"curies":[{"name":"wp","href":"https:\/\/api.w.org\/{rel}","templated":true}]}}