{"id":11857,"date":"2024-01-17T15:42:07","date_gmt":"2024-01-17T14:42:07","guid":{"rendered":"https:\/\/mes-pochoirs.com\/?post_type=product&#038;p=11857"},"modified":"2025-10-31T12:01:04","modified_gmt":"2025-10-31T11:01:04","slug":"plantilla-semitono-g0046","status":"publish","type":"product","link":"https:\/\/mes-pochoirs.com\/es\/produit\/pochoir-halftone-demi-teinte-g0046","title":{"rendered":"Plantilla Halftone Half-Tone - G0046"},"content":{"rendered":"<h2>Plantilla semitono<\/h2>\n<h3>Descubra la magia del efecto semitono<\/h3>\n<p>Nuestra plantilla geom\u00e9trica, adornada con un cautivador efecto Halftone, es la pieza central ideal para los entusiastas del arte y el dise\u00f1o. Este efecto, caracterizado por peque\u00f1os c\u00edrculos de distintos tama\u00f1os dispuestos a intervalos regulares, crea una ilusi\u00f3n visual \u00fanica. Halftone es una t\u00e9cnica de impresi\u00f3n art\u00edstica que se utiliza para crear im\u00e1genes o patrones complejos a partir de peque\u00f1os puntos o c\u00edrculos. Este motivo sutil y sofisticado a\u00f1ade una nueva dimensi\u00f3n a sus dise\u00f1os.<\/p>\n<h3>El efecto de semitono en el arte contempor\u00e1neo<\/h3>\n<p>El efecto de medios tonos es una de las opciones favoritas de los artistas, sobre todo en el estilo pop art. Los fondos creados con esta t\u00e9cnica ofrecen una profundidad y una textura inigualables, transformando cada obra en una experiencia visual \u00fanica. Utilizado en pinturas de arte pop, el efecto de medios tonos a\u00f1ade un toque de modernidad y dinamismo, capturando la esencia de la cultura contempor\u00e1nea.<\/p>\n<h3>Versatilidad y calidad para todos sus proyectos<\/h3>\n<p>Esta plantilla geom\u00e9trica Halftone, disponible en varios tama\u00f1os, es perfecta para todos sus proyectos art\u00edsticos, grandes o peque\u00f1os. Dise\u00f1ada para un uso f\u00e1cil e intuitivo, permite a todos, desde principiantes hasta artistas experimentados, expresarse con libertad y creatividad. Fabricada en pl\u00e1stico resistente de alta calidad, no s\u00f3lo es duradera, sino tambi\u00e9n f\u00e1cil de reutilizar y mantener, lo que hace que cada creaci\u00f3n sea tan agradable como duradera.<\/p>\n<h3><\/h3>","protected":false},"excerpt":{"rendered":"<p><strong data-start=\"1361\" data-end=\"1393\">Plantilla semitono<\/strong> pour street art et graffiti. Haute qualit\u00e9, r\u00e9utilisable, r\u00e9versible et propos\u00e9 en plusieurs tailles.<\/p>","protected":false},"featured_media":11847,"comment_status":"open","ping_status":"closed","template":"","meta":{"bwfblock_default_font":"","_kad_blocks_custom_css":"","_kad_blocks_head_custom_js":"","_kad_blocks_body_custom_js":"","_kad_blocks_footer_custom_js":"","_kadence_starter_templates_imported_post":false,"_kad_post_transparent":"default","_kad_post_title":"","_kad_post_layout":"default","_kad_post_sidebar_id":"","_kad_post_content_style":"default","_kad_post_vertical_padding":"default","_kad_post_feature":"","_kad_post_feature_position":"","_kad_post_header":false,"_kad_post_footer":false,"_kad_post_classname":""},"product_brand":[1415],"product_cat":[498,241],"product_tag":[335,519,232,234,336,362,476,520],"class_list":{"0":"post-11857","1":"product","2":"type-product","3":"status-publish","4":"has-post-thumbnail","6":"product_brand-mes-pochoirs","7":"product_cat-pochoirs-halftone","8":"product_cat-pochoirs-geometriques","9":"product_tag-demi-teinte","10":"product_tag-effet","11":"product_tag-geometrique","12":"product_tag-grille","13":"product_tag-halftone","14":"product_tag-motifs","15":"product_tag-pochoir","16":"product_tag-technique","18":"first","19":"instock","20":"taxable","21":"shipping-taxable","22":"purchasable","23":"product-type-variable","24":"has-default-attributes","25":"entry","26":"content-bg","27":"loop-entry"},"taxonomy_info":{"product_brand":[{"value":1415,"label":"Mes Pochoirs"}],"product_cat":[{"value":498,"label":"Halftone &amp; Benday"},{"value":241,"label":"G\u00e9om\u00e9triques"}],"product_tag":[{"value":335,"label":"demi-teinte"},{"value":519,"label":"effet"},{"value":232,"label":"g\u00e9om\u00e9trique"},{"value":234,"label":"grille"},{"value":336,"label":"halftone"},{"value":362,"label":"motifs"},{"value":476,"label":"pochoir"},{"value":520,"label":"technique"}]},"featured_image_src_large":["https:\/\/mes-pochoirs.com\/wp-content\/uploads\/2024\/01\/G0046-FR-pochoir-geometrique-Halftone-copyright-mes-pochoirs-com-858x1030.jpg",858,1030,true],"author_info":[],"comment_info":0,"_links":{"self":[{"href":"https:\/\/mes-pochoirs.com\/es\/wp-json\/wp\/v2\/product\/11857","targetHints":{"allow":["GET"]}}],"collection":[{"href":"https:\/\/mes-pochoirs.com\/es\/wp-json\/wp\/v2\/product"}],"about":[{"href":"https:\/\/mes-pochoirs.com\/es\/wp-json\/wp\/v2\/types\/product"}],"replies":[{"embeddable":true,"href":"https:\/\/mes-pochoirs.com\/es\/wp-json\/wp\/v2\/comments?post=11857"}],"wp:featuredmedia":[{"embeddable":true,"href":"https:\/\/mes-pochoirs.com\/es\/wp-json\/wp\/v2\/media\/11847"}],"wp:attachment":[{"href":"https:\/\/mes-pochoirs.com\/es\/wp-json\/wp\/v2\/media?parent=11857"}],"wp:term":[{"taxonomy":"product_brand","embeddable":true,"href":"https:\/\/mes-pochoirs.com\/es\/wp-json\/wp\/v2\/product_brand?post=11857"},{"taxonomy":"product_cat","embeddable":true,"href":"https:\/\/mes-pochoirs.com\/es\/wp-json\/wp\/v2\/product_cat?post=11857"},{"taxonomy":"product_tag","embeddable":true,"href":"https:\/\/mes-pochoirs.com\/es\/wp-json\/wp\/v2\/product_tag?post=11857"}],"curies":[{"name":"wp","href":"https:\/\/api.w.org\/{rel}","templated":true}]}}