{"id":11869,"date":"2024-01-17T16:11:44","date_gmt":"2024-01-17T15:11:44","guid":{"rendered":"https:\/\/mes-pochoirs.com\/?post_type=product&#038;p=11869"},"modified":"2025-10-31T12:01:06","modified_gmt":"2025-10-31T11:01:06","slug":"pochoir-halftone-demi-teinte-g0047","status":"publish","type":"product","link":"https:\/\/mes-pochoirs.com\/es\/produit\/pochoir-halftone-demi-teinte-g0047","title":{"rendered":"Plantilla Halftone Half-Tone - G0047"},"content":{"rendered":"<h2>Plantilla semitono<\/h2>\n<h3>Un universo art\u00edstico con la plantilla Puntos explosivos<\/h3>\n<p>D\u00e9couvrez notre pochoir g\u00e9om\u00e9trique, un outil essentiel pour les cr\u00e9atifs cherchant \u00e0 exprimer leur art avec originalit\u00e9. Ce pochoir \u00e0 effet d&#8217;explosion de points est con\u00e7u pour \u00e9veiller votre imagination et enrichir vos projets artistiques. Le pochoir met en avant l&#8217;effet Halftone, ou demi-teinte, une technique d&#8217;impression raffin\u00e9e pour cr\u00e9er des motifs captivants. Cette m\u00e9thode repose sur l&#8217;agencement de petits points ou cercles de diff\u00e9rentes tailles, espac\u00e9s \u00e0 intervalles r\u00e9guliers. Ce proc\u00e9d\u00e9 permet de cr\u00e9er des images complexes, offrant une profondeur et une texture visuelle unique \u00e0 vos \u0153uvres.<\/p>\n<h3>Medios tonos en el arte pop y el c\u00f3mic<\/h3>\n<p>Los artistas del arte pop y de los dibujos animados son especialmente aficionados al efecto de semitono por su capacidad para producir patrones vivos y efectos de sombra din\u00e1micos. Esta plantilla es perfecta para experimentar con estos estilos, ya que ofrece una forma sencilla de crear fondos \u00fanicos que captan la atenci\u00f3n y evocan una sensaci\u00f3n de movimiento y vida.<\/p>\n<h3>Calidad, adaptabilidad y facilidad de uso<\/h3>\n<p>Esta plantilla, disponible en varios tama\u00f1os, es perfecta para todos sus proyectos, grandes o peque\u00f1os. Su dise\u00f1o intuitivo hace que sea f\u00e1cil y divertida de usar, ya sea con un pincel o un bote de pintura en spray, o sobre una gran variedad de superficies como lienzo, pared, papel, madera y cart\u00f3n. Fabricada en pl\u00e1stico resistente de alta calidad, esta plantilla no s\u00f3lo es duradera, sino tambi\u00e9n f\u00e1cil de mantener, reutilizable y reversible.<\/p>","protected":false},"excerpt":{"rendered":"<p><strong>Plantilla semitono<\/strong> con\u00e7u pour peinture murale et tableau. R\u00e9utilisable, haute qualit\u00e9, r\u00e9versible, en plusieurs tailles.<\/p>","protected":false},"featured_media":11848,"comment_status":"open","ping_status":"closed","template":"","meta":{"bwfblock_default_font":"","_kad_blocks_custom_css":"","_kad_blocks_head_custom_js":"","_kad_blocks_body_custom_js":"","_kad_blocks_footer_custom_js":"","_kadence_starter_templates_imported_post":false,"_kad_post_transparent":"default","_kad_post_title":"","_kad_post_layout":"default","_kad_post_sidebar_id":"","_kad_post_content_style":"default","_kad_post_vertical_padding":"default","_kad_post_feature":"","_kad_post_feature_position":"","_kad_post_header":false,"_kad_post_footer":false,"_kad_post_classname":""},"product_brand":[1415],"product_cat":[498,241],"product_tag":[523,335,519,232,234,336,362,476,361,522,333,520],"class_list":{"0":"post-11869","1":"product","2":"type-product","3":"status-publish","4":"has-post-thumbnail","6":"product_brand-mes-pochoirs","7":"product_cat-pochoirs-halftone","8":"product_cat-pochoirs-geometriques","9":"product_tag-bd","10":"product_tag-demi-teinte","11":"product_tag-effet","12":"product_tag-geometrique","13":"product_tag-grille","14":"product_tag-halftone","15":"product_tag-motifs","16":"product_tag-pochoir","17":"product_tag-pointilles","18":"product_tag-points","19":"product_tag-pop-art","20":"product_tag-technique","22":"first","23":"instock","24":"taxable","25":"shipping-taxable","26":"purchasable","27":"product-type-variable","28":"has-default-attributes","29":"entry","30":"content-bg","31":"loop-entry"},"taxonomy_info":{"product_brand":[{"value":1415,"label":"Mes Pochoirs"}],"product_cat":[{"value":498,"label":"Halftone &amp; Benday"},{"value":241,"label":"G\u00e9om\u00e9triques"}],"product_tag":[{"value":523,"label":"BD"},{"value":335,"label":"demi-teinte"},{"value":519,"label":"effet"},{"value":232,"label":"g\u00e9om\u00e9trique"},{"value":234,"label":"grille"},{"value":336,"label":"halftone"},{"value":362,"label":"motifs"},{"value":476,"label":"pochoir"},{"value":361,"label":"pointill\u00e9s"},{"value":522,"label":"points"},{"value":333,"label":"pop art"},{"value":520,"label":"technique"}]},"featured_image_src_large":["https:\/\/mes-pochoirs.com\/wp-content\/uploads\/2024\/01\/G0047-FR-pochoir-geometrique-Halftone-copyright-mes-pochoirs-com-858x1030.jpg",858,1030,true],"author_info":[],"comment_info":1,"_links":{"self":[{"href":"https:\/\/mes-pochoirs.com\/es\/wp-json\/wp\/v2\/product\/11869","targetHints":{"allow":["GET"]}}],"collection":[{"href":"https:\/\/mes-pochoirs.com\/es\/wp-json\/wp\/v2\/product"}],"about":[{"href":"https:\/\/mes-pochoirs.com\/es\/wp-json\/wp\/v2\/types\/product"}],"replies":[{"embeddable":true,"href":"https:\/\/mes-pochoirs.com\/es\/wp-json\/wp\/v2\/comments?post=11869"}],"wp:featuredmedia":[{"embeddable":true,"href":"https:\/\/mes-pochoirs.com\/es\/wp-json\/wp\/v2\/media\/11848"}],"wp:attachment":[{"href":"https:\/\/mes-pochoirs.com\/es\/wp-json\/wp\/v2\/media?parent=11869"}],"wp:term":[{"taxonomy":"product_brand","embeddable":true,"href":"https:\/\/mes-pochoirs.com\/es\/wp-json\/wp\/v2\/product_brand?post=11869"},{"taxonomy":"product_cat","embeddable":true,"href":"https:\/\/mes-pochoirs.com\/es\/wp-json\/wp\/v2\/product_cat?post=11869"},{"taxonomy":"product_tag","embeddable":true,"href":"https:\/\/mes-pochoirs.com\/es\/wp-json\/wp\/v2\/product_tag?post=11869"}],"curies":[{"name":"wp","href":"https:\/\/api.w.org\/{rel}","templated":true}]}}