{"id":11969,"date":"2024-01-29T09:54:41","date_gmt":"2024-01-29T08:54:41","guid":{"rendered":"https:\/\/mes-pochoirs.com\/?post_type=product&#038;p=11969"},"modified":"2025-10-31T12:01:12","modified_gmt":"2025-10-31T11:01:12","slug":"plantilla-semitono-g0050","status":"publish","type":"product","link":"https:\/\/mes-pochoirs.com\/es\/produit\/pochoir-halftone-demi-teinte-g0050","title":{"rendered":"Plantilla Halftone Half-Tone - G0050"},"content":{"rendered":"<h2>Plantilla semitono<\/h2>\n<h3>Sutileza y modernidad en medio tono<\/h3>\n<p>Descubra nuestra plantilla efecto Halftone, una aut\u00e9ntica obra de arte que transformar\u00e1 cualquier superficie en una moderna obra maestra. Inspirada en la t\u00e9cnica de impresi\u00f3n Halftone, esta plantilla de puntos Pop Art crea una cautivadora ilusi\u00f3n visual, combinando peque\u00f1os c\u00edrculos de diferentes tama\u00f1os espaciados a intervalos regulares. Perfecta para los amantes del arte y el dise\u00f1o contempor\u00e1neos, esta plantilla Halftone a\u00f1ade un toque de sofisticaci\u00f3n y delicadeza a sus proyectos de decoraci\u00f3n.<\/p>\n<h3>La esencia del arte pop en su creaci\u00f3n<\/h3>\n<p>Sum\u00e9rjase en el mundo del arte pop con nuestra plantilla de efecto de medios tonos. Utilizado por los artistas del Pop Art y los dibujos animados por sus efectos de luces y sombras, este patr\u00f3n de medios tonos crea una atm\u00f3sfera art\u00edstica \u00fanica. Tanto si desea a\u00f1adir un toque de originalidad a su sal\u00f3n como crear una obra de arte mural, esta plantilla se convertir\u00e1 r\u00e1pidamente en su aliada creativa. Los motivos de semitono, con su efecto de punto y semitono, evocan la energ\u00eda y la vitalidad del Pop Art, transformando cualquier espacio en una galer\u00eda de arte moderno.<\/p>\n<h3>Calidad y versatilidad excepcionales<\/h3>\n<p>Nuestra plantilla Halftone es m\u00e1s que un accesorio decorativo, es una herramienta creativa duradera y vers\u00e1til. Disponible en varios tama\u00f1os, es adecuada para todos sus proyectos, desde peque\u00f1os objetos decorativos hasta grandes superficies murales. Fabricado en pl\u00e1stico de alta calidad, no s\u00f3lo es resistente, sino tambi\u00e9n f\u00e1cil de mantener. Reutilizable y reversible, esta plantilla te ofrece infinitas posibilidades creativas, en una gran variedad de superficies y con distintos m\u00e9todos de aplicaci\u00f3n. Deje volar su imaginaci\u00f3n con esta plantilla divertida y f\u00e1cil de usar.<\/p>","protected":false},"excerpt":{"rendered":"<p><strong data-start=\"603\" data-end=\"635\">Plantilla semitono<\/strong> Reutilizables y reversibles, perfectos para murales o cuadros. Alta calidad, varios tama\u00f1os disponibles.<\/p>","protected":false},"featured_media":11851,"comment_status":"open","ping_status":"closed","template":"","meta":{"bwfblock_default_font":"","_kad_blocks_custom_css":"","_kad_blocks_head_custom_js":"","_kad_blocks_body_custom_js":"","_kad_blocks_footer_custom_js":"","_kadence_starter_templates_imported_post":false,"_kad_post_transparent":"default","_kad_post_title":"","_kad_post_layout":"default","_kad_post_sidebar_id":"","_kad_post_content_style":"default","_kad_post_vertical_padding":"default","_kad_post_feature":"","_kad_post_feature_position":"","_kad_post_header":false,"_kad_post_footer":false,"_kad_post_classname":""},"product_brand":[1415],"product_cat":[498,241],"product_tag":[523,335,519,232,234,336,362,524,476,361,522,333,520],"class_list":{"0":"post-11969","1":"product","2":"type-product","3":"status-publish","4":"has-post-thumbnail","6":"product_brand-mes-pochoirs","7":"product_cat-pochoirs-halftone","8":"product_cat-pochoirs-geometriques","9":"product_tag-bd","10":"product_tag-demi-teinte","11":"product_tag-effet","12":"product_tag-geometrique","13":"product_tag-grille","14":"product_tag-halftone","15":"product_tag-motifs","16":"product_tag-pixel","17":"product_tag-pochoir","18":"product_tag-pointilles","19":"product_tag-points","20":"product_tag-pop-art","21":"product_tag-technique","23":"first","24":"instock","25":"taxable","26":"shipping-taxable","27":"purchasable","28":"product-type-variable","29":"has-default-attributes","30":"entry","31":"content-bg","32":"loop-entry"},"taxonomy_info":{"product_brand":[{"value":1415,"label":"Mes Pochoirs"}],"product_cat":[{"value":498,"label":"Halftone &amp; Benday"},{"value":241,"label":"G\u00e9om\u00e9triques"}],"product_tag":[{"value":523,"label":"BD"},{"value":335,"label":"demi-teinte"},{"value":519,"label":"effet"},{"value":232,"label":"g\u00e9om\u00e9trique"},{"value":234,"label":"grille"},{"value":336,"label":"halftone"},{"value":362,"label":"motifs"},{"value":524,"label":"pixel"},{"value":476,"label":"pochoir"},{"value":361,"label":"pointill\u00e9s"},{"value":522,"label":"points"},{"value":333,"label":"pop art"},{"value":520,"label":"technique"}]},"featured_image_src_large":["https:\/\/mes-pochoirs.com\/wp-content\/uploads\/2024\/01\/G0050-FR-pochoir-geometrique-Halftone-copyright-mes-pochoirs-com-858x1030.jpg",858,1030,true],"author_info":[],"comment_info":0,"_links":{"self":[{"href":"https:\/\/mes-pochoirs.com\/es\/wp-json\/wp\/v2\/product\/11969","targetHints":{"allow":["GET"]}}],"collection":[{"href":"https:\/\/mes-pochoirs.com\/es\/wp-json\/wp\/v2\/product"}],"about":[{"href":"https:\/\/mes-pochoirs.com\/es\/wp-json\/wp\/v2\/types\/product"}],"replies":[{"embeddable":true,"href":"https:\/\/mes-pochoirs.com\/es\/wp-json\/wp\/v2\/comments?post=11969"}],"wp:featuredmedia":[{"embeddable":true,"href":"https:\/\/mes-pochoirs.com\/es\/wp-json\/wp\/v2\/media\/11851"}],"wp:attachment":[{"href":"https:\/\/mes-pochoirs.com\/es\/wp-json\/wp\/v2\/media?parent=11969"}],"wp:term":[{"taxonomy":"product_brand","embeddable":true,"href":"https:\/\/mes-pochoirs.com\/es\/wp-json\/wp\/v2\/product_brand?post=11969"},{"taxonomy":"product_cat","embeddable":true,"href":"https:\/\/mes-pochoirs.com\/es\/wp-json\/wp\/v2\/product_cat?post=11969"},{"taxonomy":"product_tag","embeddable":true,"href":"https:\/\/mes-pochoirs.com\/es\/wp-json\/wp\/v2\/product_tag?post=11969"}],"curies":[{"name":"wp","href":"https:\/\/api.w.org\/{rel}","templated":true}]}}