{"id":11987,"date":"2024-01-29T10:22:57","date_gmt":"2024-01-29T09:22:57","guid":{"rendered":"https:\/\/mes-pochoirs.com\/?post_type=product&#038;p=11987"},"modified":"2025-10-31T12:01:16","modified_gmt":"2025-10-31T11:01:16","slug":"plantilla-semitono-g0052","status":"publish","type":"product","link":"https:\/\/mes-pochoirs.com\/es\/produit\/pochoir-halftone-demi-teinte-g0052","title":{"rendered":"Plantilla Halftone Half-Tone - G0052"},"content":{"rendered":"<h2>Plantilla semitono<\/h2>\n<h3>Effets Points Stencil : Una revoluci\u00f3n visual<\/h3>\n<p>Ad\u00e9ntrese en el fascinante mundo de la decoraci\u00f3n art\u00edstica con nuestra plantilla geom\u00e9trica Halftone, una obra maestra para los amantes del arte moderno y la est\u00e9tica retro. Esta plantilla con efecto de puntos al estilo Andy Warhol es un homenaje a la t\u00e9cnica de impresi\u00f3n Halftone, un m\u00e9todo utilizado para crear im\u00e1genes a partir de peque\u00f1os c\u00edrculos uniformemente espaciados de diferentes tama\u00f1os. Estos puntos meticulosamente colocados crean un efecto \u00fanico de luces y sombras, proporcionando un efecto visual sorprendentemente din\u00e1mico y llamativo. Perfecto para quienes buscan a\u00f1adir un toque art\u00edstico distintivo a su espacio.<\/p>\n<h3>El estilo Andy Warhol a tu alcance<\/h3>\n<p>Esta plantilla Halftone es todo un acierto para los dise\u00f1adores inspirados en el estilo Pop Art y las obras de Andy Warhol. Sus motivos geom\u00e9tricos son ideales para recrear los efectos ic\u00f3nicos de aquella \u00e9poca, aportando un toque de creatividad y originalidad a sus proyectos. Evocan la esencia misma de este movimiento art\u00edstico, transformando cualquier superficie en una cautivadora obra de arte.<\/p>\n<h3>Una plantilla de alta calidad para todos sus proyectos<\/h3>\n<p>Esta plantilla Halftone no es s\u00f3lo una herramienta decorativa, es una invitaci\u00f3n a explorar su creatividad. Disponible en varios tama\u00f1os, es perfecta para todos sus proyectos, desde los m\u00e1s peque\u00f1os hasta los m\u00e1s ambiciosos. Fabricada en pl\u00e1stico resistente de alta calidad, esta plantilla es f\u00e1cil de mantener, reutilizable y reversible, por lo que ofrece una flexibilidad y durabilidad excepcionales. Tanto si desea decorar una pared, un mueble o una obra de arte, esta plantilla es la herramienta ideal para una aplicaci\u00f3n f\u00e1cil, divertida y vers\u00e1til.<\/p>","protected":false},"excerpt":{"rendered":"<p><strong data-start=\"1121\" data-end=\"1153\">Plantilla semitono<\/strong> De alta calidad, reversibles y reutilizables. Ideal para pinturas Pop Art o modernas. Tallas m\u00faltiples.<\/p>","protected":false},"featured_media":11853,"comment_status":"open","ping_status":"closed","template":"","meta":{"bwfblock_default_font":"","_kad_blocks_custom_css":"","_kad_blocks_head_custom_js":"","_kad_blocks_body_custom_js":"","_kad_blocks_footer_custom_js":"","_kadence_starter_templates_imported_post":false,"_kad_post_transparent":"default","_kad_post_title":"","_kad_post_layout":"default","_kad_post_sidebar_id":"","_kad_post_content_style":"default","_kad_post_vertical_padding":"default","_kad_post_feature":"","_kad_post_feature_position":"","_kad_post_header":false,"_kad_post_footer":false,"_kad_post_classname":""},"product_brand":[1415],"product_cat":[498,241],"product_tag":[523,335,519,232,234,336,362,524,476,361,522,333,525,520],"class_list":{"0":"post-11987","1":"product","2":"type-product","3":"status-publish","4":"has-post-thumbnail","6":"product_brand-mes-pochoirs","7":"product_cat-pochoirs-halftone","8":"product_cat-pochoirs-geometriques","9":"product_tag-bd","10":"product_tag-demi-teinte","11":"product_tag-effet","12":"product_tag-geometrique","13":"product_tag-grille","14":"product_tag-halftone","15":"product_tag-motifs","16":"product_tag-pixel","17":"product_tag-pochoir","18":"product_tag-pointilles","19":"product_tag-points","20":"product_tag-pop-art","21":"product_tag-retro","22":"product_tag-technique","24":"first","25":"instock","26":"taxable","27":"shipping-taxable","28":"purchasable","29":"product-type-variable","30":"has-default-attributes","31":"entry","32":"content-bg","33":"loop-entry"},"taxonomy_info":{"product_brand":[{"value":1415,"label":"Mes Pochoirs"}],"product_cat":[{"value":498,"label":"Halftone &amp; Benday"},{"value":241,"label":"G\u00e9om\u00e9triques"}],"product_tag":[{"value":523,"label":"BD"},{"value":335,"label":"demi-teinte"},{"value":519,"label":"effet"},{"value":232,"label":"g\u00e9om\u00e9trique"},{"value":234,"label":"grille"},{"value":336,"label":"halftone"},{"value":362,"label":"motifs"},{"value":524,"label":"pixel"},{"value":476,"label":"pochoir"},{"value":361,"label":"pointill\u00e9s"},{"value":522,"label":"points"},{"value":333,"label":"pop art"},{"value":525,"label":"r\u00e9tro"},{"value":520,"label":"technique"}]},"featured_image_src_large":["https:\/\/mes-pochoirs.com\/wp-content\/uploads\/2024\/01\/G0052-FR-pochoir-geometrique-Halftone-copyright-mes-pochoirs-com-858x1030.jpg",858,1030,true],"author_info":[],"comment_info":0,"_links":{"self":[{"href":"https:\/\/mes-pochoirs.com\/es\/wp-json\/wp\/v2\/product\/11987","targetHints":{"allow":["GET"]}}],"collection":[{"href":"https:\/\/mes-pochoirs.com\/es\/wp-json\/wp\/v2\/product"}],"about":[{"href":"https:\/\/mes-pochoirs.com\/es\/wp-json\/wp\/v2\/types\/product"}],"replies":[{"embeddable":true,"href":"https:\/\/mes-pochoirs.com\/es\/wp-json\/wp\/v2\/comments?post=11987"}],"wp:featuredmedia":[{"embeddable":true,"href":"https:\/\/mes-pochoirs.com\/es\/wp-json\/wp\/v2\/media\/11853"}],"wp:attachment":[{"href":"https:\/\/mes-pochoirs.com\/es\/wp-json\/wp\/v2\/media?parent=11987"}],"wp:term":[{"taxonomy":"product_brand","embeddable":true,"href":"https:\/\/mes-pochoirs.com\/es\/wp-json\/wp\/v2\/product_brand?post=11987"},{"taxonomy":"product_cat","embeddable":true,"href":"https:\/\/mes-pochoirs.com\/es\/wp-json\/wp\/v2\/product_cat?post=11987"},{"taxonomy":"product_tag","embeddable":true,"href":"https:\/\/mes-pochoirs.com\/es\/wp-json\/wp\/v2\/product_tag?post=11987"}],"curies":[{"name":"wp","href":"https:\/\/api.w.org\/{rel}","templated":true}]}}