{"id":12100,"date":"2024-02-02T09:00:16","date_gmt":"2024-02-02T08:00:16","guid":{"rendered":"https:\/\/mes-pochoirs.com\/?post_type=product&#038;p=12100"},"modified":"2025-10-31T12:01:29","modified_gmt":"2025-10-31T11:01:29","slug":"stencil-anillo-corazon-an0006","status":"publish","type":"product","link":"https:\/\/mes-pochoirs.com\/es\/produit\/pochoir-coeur-tague-an0006","title":{"rendered":"Plantilla \"C\u0153ur Tagu\u00e9\" - AN0006"},"content":{"rendered":"<h2>Plantilla \"C\u0153ur Tagu\u00e9<\/h2>\n<h3>La dulzura del amor en el dinamismo del arte callejero<\/h3>\n<p>Descubra \"C\u0153ur Tagu\u00e9\", una plantilla llena de vida y emoci\u00f3n de nuestra colecci\u00f3n \"Amour Naissant\". Esta pieza \u00fanica captura una conmovedora escena de dos ni\u00f1os, una ni\u00f1a y un ni\u00f1o, en una vibrante escena callejera. El chico, armado con un bote de pintura en spray, dibuja un coraz\u00f3n en la pared, s\u00edmbolo de su incipiente afecto, mientras la chica mira con admiraci\u00f3n. Esta plantilla, que ilustra a la perfecci\u00f3n el amor puro y la inocencia a trav\u00e9s del prisma din\u00e1mico del Street Art, refleja sentimientos sinceros y complicidad infantil. Concebida y dise\u00f1ada en exclusiva por nuestro talentoso equipo, esta plantilla ofrece un toque de originalidad que no encontrar\u00e1 en ninguna otra tienda.<\/p>\n<h3>Dise\u00f1o vers\u00e1til para todos sus proyectos<\/h3>\n<p>La colecci\u00f3n \"Amour Naissant\" ofrece plantillas de formato cuadrado, disponibles en varios tama\u00f1os para satisfacer todas sus necesidades creativas. Fabricadas en nuestro taller, estas plantillas de pl\u00e1stico de gran calidad y resistencia son f\u00e1ciles de mantener, reutilizables y reversibles. Se pueden aplicar a todo tipo de superficies, por lo que resultan f\u00e1ciles y divertidas de utilizar con pinceles, pintura en spray, pintura acr\u00edlica o acuarela.<\/p>","protected":false},"excerpt":{"rendered":"<p><strong>Stencil Coraz\u00f3n Etiquetado<\/strong> Reutilizables y reversibles, ideales para murales o cuadros. Alta calidad, disponible en varios tama\u00f1os.<\/p>","protected":false},"featured_media":12063,"comment_status":"open","ping_status":"closed","template":"","meta":{"bwfblock_default_font":"","_kad_blocks_custom_css":"","_kad_blocks_head_custom_js":"","_kad_blocks_body_custom_js":"","_kad_blocks_footer_custom_js":"","_kadence_starter_templates_imported_post":false,"_kad_post_transparent":"default","_kad_post_title":"","_kad_post_layout":"default","_kad_post_sidebar_id":"","_kad_post_content_style":"default","_kad_post_vertical_padding":"default","_kad_post_feature":"","_kad_post_feature_position":"","_kad_post_header":false,"_kad_post_footer":false,"_kad_post_classname":""},"product_brand":[1415],"product_cat":[526,481,1138,328],"product_tag":[325,507,497,236,492,506,527,528,529,296,476,503,327,287,286],"class_list":{"0":"post-12100","1":"product","2":"type-product","3":"status-publish","4":"has-post-thumbnail","6":"product_brand-mes-pochoirs","7":"product_cat-amour-naissant","8":"product_cat-collections","9":"product_cat-pochoirs-saint-valentin","10":"product_cat-pochoirs-street-art","11":"product_tag-amour","12":"product_tag-amoureux","13":"product_tag-art-urbain","14":"product_tag-coeur","15":"product_tag-collection","16":"product_tag-couple","17":"product_tag-enfants","18":"product_tag-fille","19":"product_tag-garcon","20":"product_tag-love","21":"product_tag-pochoir","22":"product_tag-rue","23":"product_tag-street-art","24":"product_tag-tag","25":"product_tag-urbain","27":"first","28":"instock","29":"taxable","30":"shipping-taxable","31":"purchasable","32":"product-type-variable","33":"entry","34":"content-bg","35":"loop-entry"},"taxonomy_info":{"product_brand":[{"value":1415,"label":"Mes Pochoirs"}],"product_cat":[{"value":526,"label":"Amour Naissant"},{"value":481,"label":"Collections"},{"value":1138,"label":"Saint-Valentin"},{"value":328,"label":"Street Art"}],"product_tag":[{"value":325,"label":"amour"},{"value":507,"label":"amoureux"},{"value":497,"label":"Art urbain"},{"value":236,"label":"coeur"},{"value":492,"label":"collection"},{"value":506,"label":"couple"},{"value":527,"label":"enfants"},{"value":528,"label":"fille"},{"value":529,"label":"gar\u00e7on"},{"value":296,"label":"Love"},{"value":476,"label":"pochoir"},{"value":503,"label":"rue"},{"value":327,"label":"street art"},{"value":287,"label":"tag"},{"value":286,"label":"urbain"}]},"featured_image_src_large":["https:\/\/mes-pochoirs.com\/wp-content\/uploads\/2024\/02\/AN0006-FR-pochoir-collection-amour-naissant-copyright-mes-pochoirs-858x1030.jpg",858,1030,true],"author_info":[],"comment_info":1,"_links":{"self":[{"href":"https:\/\/mes-pochoirs.com\/es\/wp-json\/wp\/v2\/product\/12100","targetHints":{"allow":["GET"]}}],"collection":[{"href":"https:\/\/mes-pochoirs.com\/es\/wp-json\/wp\/v2\/product"}],"about":[{"href":"https:\/\/mes-pochoirs.com\/es\/wp-json\/wp\/v2\/types\/product"}],"replies":[{"embeddable":true,"href":"https:\/\/mes-pochoirs.com\/es\/wp-json\/wp\/v2\/comments?post=12100"}],"wp:featuredmedia":[{"embeddable":true,"href":"https:\/\/mes-pochoirs.com\/es\/wp-json\/wp\/v2\/media\/12063"}],"wp:attachment":[{"href":"https:\/\/mes-pochoirs.com\/es\/wp-json\/wp\/v2\/media?parent=12100"}],"wp:term":[{"taxonomy":"product_brand","embeddable":true,"href":"https:\/\/mes-pochoirs.com\/es\/wp-json\/wp\/v2\/product_brand?post=12100"},{"taxonomy":"product_cat","embeddable":true,"href":"https:\/\/mes-pochoirs.com\/es\/wp-json\/wp\/v2\/product_cat?post=12100"},{"taxonomy":"product_tag","embeddable":true,"href":"https:\/\/mes-pochoirs.com\/es\/wp-json\/wp\/v2\/product_tag?post=12100"}],"curies":[{"name":"wp","href":"https:\/\/api.w.org\/{rel}","templated":true}]}}