{"id":12324,"date":"2024-02-23T09:00:18","date_gmt":"2024-02-23T08:00:18","guid":{"rendered":"https:\/\/mes-pochoirs.com\/?post_type=product&#038;p=12324"},"modified":"2025-10-31T12:02:03","modified_gmt":"2025-10-31T11:02:03","slug":"plantilla-marilyns-panther-pa0012","status":"publish","type":"product","link":"https:\/\/mes-pochoirs.com\/es\/produit\/pochoir-la-panthere-de-marilyn-pa0012","title":{"rendered":"Plantilla \"Marilyn's Panther\" - PA0012"},"content":{"rendered":"<h3>Una obra maestra \u00fanica del arte pop: \"La pantera de Marilyn<\/h3>\n<p>Descubra nuestra exclusiva plantilla, una obra maestra que captura la esencia del Pop Art y el Street Art con un toque de humor y extravagancia. Esta plantilla representa a la ic\u00f3nica Marilyn Monroe, inmortalizada en un momento de pura alegr\u00eda, divirti\u00e9ndose pintando a una pantera obviamente menos entusiasta. La expresi\u00f3n alegre de Marilyn, en contraste con el enfado de la pantera, encarna a la perfecci\u00f3n la dualidad de emociones, lo que hace que esta obra resulte irresistiblemente atractiva. Concebido y dise\u00f1ado por el renombrado artista John Beckley, este dise\u00f1o \u00fanico no puede encontrarse en ninguna otra tienda.<\/p>\n<h3>Artesan\u00eda y versatilidad excepcionales<\/h3>\n<p>Fabricada con pasi\u00f3n en nuestro taller, esta plantilla \"Pantera de Marilyn\" est\u00e1 hecha de pl\u00e1stico de alta calidad y dise\u00f1ada para durar. Disponible en varios tama\u00f1os, es perfecta para todos tus proyectos creativos, ya sea sobre lienzo, pared, papel, madera o cart\u00f3n. Su reutilizaci\u00f3n y f\u00e1cil mantenimiento, junto con una aplicaci\u00f3n sencilla y divertida, le permitir\u00e1n explorar su creatividad con pinturas acr\u00edlicas, acuarelas y mucho m\u00e1s. Esta plantilla es la herramienta ideal para expresar su arte sobre cualquier superficie.<\/p>\n<h3>M\u00e1s informaci\u00f3n:<\/h3>\n<ul>\n<li>Tama\u00f1os: De 40x40cm a 80x80cm (seleccione el tama\u00f1o que se adapte a su proyecto entre las opciones disponibles)<\/li>\n<li>Material: Pl\u00e1stico de alta calidad, flexible y ultrarresistente, reutilizable de por vida si se cuida.<\/li>\n<li>Formato de la plantilla: Cuadrada (1:1)<\/li>\n<li>R\u00e9f\u00e9rence: PA0012<\/li>\n<\/ul>","protected":false},"excerpt":{"rendered":"<p><span style=\"color: #34568b;\"><strong>\"Marilyn se divierte con la pantera<\/strong><\/span><\/p>\n<p>Esta plantilla se fabrica en nuestro taller de Francia.<br \/>\nElija la talla que desee entre las opciones siguientes.<\/p>","protected":false},"featured_media":12323,"comment_status":"open","ping_status":"closed","template":"","meta":{"bwfblock_default_font":"","_kad_blocks_custom_css":"","_kad_blocks_head_custom_js":"","_kad_blocks_body_custom_js":"","_kad_blocks_footer_custom_js":"","_kadence_starter_templates_imported_post":false,"_kad_post_transparent":"default","_kad_post_title":"","_kad_post_layout":"default","_kad_post_sidebar_id":"","_kad_post_content_style":"default","_kad_post_vertical_padding":"default","_kad_post_feature":"","_kad_post_feature_position":"","_kad_post_header":false,"_kad_post_footer":false,"_kad_post_classname":""},"product_brand":[1415],"product_cat":[328,732,332],"product_tag":[532,367,497,359,490,339,530,531,476,333,390,327,338],"class_list":{"0":"post-12324","1":"product","2":"type-product","3":"status-publish","4":"has-post-thumbnail","6":"product_brand-mes-pochoirs","7":"product_cat-pochoirs-street-art","8":"product_cat-pochoirs-icones-celebrites","9":"product_cat-pochoirs-pop-art","10":"product_tag-amusant","11":"product_tag-animal","12":"product_tag-art-urbain","13":"product_tag-femme","14":"product_tag-gros-plan","15":"product_tag-marilyn-monroe","16":"product_tag-panthere","17":"product_tag-peindre","18":"product_tag-pochoir","19":"product_tag-pop-art","20":"product_tag-portrait","21":"product_tag-street-art","22":"product_tag-visage","24":"first","25":"instock","26":"taxable","27":"shipping-taxable","28":"purchasable","29":"product-type-variable","30":"has-default-attributes","31":"entry","32":"content-bg","33":"loop-entry"},"taxonomy_info":{"product_brand":[{"value":1415,"label":"Mes Pochoirs"}],"product_cat":[{"value":328,"label":"Street Art"},{"value":732,"label":"Ic\u00f4nes &amp; C\u00e9l\u00e9brit\u00e9s"},{"value":332,"label":"Pop Art"}],"product_tag":[{"value":532,"label":"amusant"},{"value":367,"label":"animal"},{"value":497,"label":"Art urbain"},{"value":359,"label":"femme"},{"value":490,"label":"Gros plan"},{"value":339,"label":"Marilyn Monroe"},{"value":530,"label":"panth\u00e8re"},{"value":531,"label":"peindre"},{"value":476,"label":"pochoir"},{"value":333,"label":"pop art"},{"value":390,"label":"portrait"},{"value":327,"label":"street art"},{"value":338,"label":"visage"}]},"featured_image_src_large":["https:\/\/mes-pochoirs.com\/wp-content\/uploads\/2024\/02\/PA0012-FR-pochoir-Panthere-Marilyn-copyright-mes-pochoirs-com-858x1030.jpg",858,1030,true],"author_info":[],"comment_info":4,"_links":{"self":[{"href":"https:\/\/mes-pochoirs.com\/es\/wp-json\/wp\/v2\/product\/12324","targetHints":{"allow":["GET"]}}],"collection":[{"href":"https:\/\/mes-pochoirs.com\/es\/wp-json\/wp\/v2\/product"}],"about":[{"href":"https:\/\/mes-pochoirs.com\/es\/wp-json\/wp\/v2\/types\/product"}],"replies":[{"embeddable":true,"href":"https:\/\/mes-pochoirs.com\/es\/wp-json\/wp\/v2\/comments?post=12324"}],"wp:featuredmedia":[{"embeddable":true,"href":"https:\/\/mes-pochoirs.com\/es\/wp-json\/wp\/v2\/media\/12323"}],"wp:attachment":[{"href":"https:\/\/mes-pochoirs.com\/es\/wp-json\/wp\/v2\/media?parent=12324"}],"wp:term":[{"taxonomy":"product_brand","embeddable":true,"href":"https:\/\/mes-pochoirs.com\/es\/wp-json\/wp\/v2\/product_brand?post=12324"},{"taxonomy":"product_cat","embeddable":true,"href":"https:\/\/mes-pochoirs.com\/es\/wp-json\/wp\/v2\/product_cat?post=12324"},{"taxonomy":"product_tag","embeddable":true,"href":"https:\/\/mes-pochoirs.com\/es\/wp-json\/wp\/v2\/product_tag?post=12324"}],"curies":[{"name":"wp","href":"https:\/\/api.w.org\/{rel}","templated":true}]}}