{"id":12533,"date":"2024-02-22T17:30:36","date_gmt":"2024-02-22T16:30:36","guid":{"rendered":"https:\/\/mes-pochoirs.com\/?post_type=product&#038;p=12533"},"modified":"2025-10-31T12:02:25","modified_gmt":"2025-10-31T11:02:25","slug":"estilo-rever-throw-up-stencil-t0028","status":"publish","type":"product","link":"https:\/\/mes-pochoirs.com\/es\/produit\/pochoir-rever-style-throw-up-t0028","title":{"rendered":"Plantilla Estilo \"Dreaming\" - T0028"},"content":{"rendered":"<h2>Pochoir &#8220;R\u00eaver&#8221; Style Throw-Up<\/h2>\n<h3>Expresa tu arte : Stencil \"R\u00eaver\" Estilo Graffiti<\/h3>\n<p>Da rienda suelta a tu creatividad con nuestra exclusiva plantilla Dreaming, inspirada en t\u00e9cnicas ic\u00f3nicas del arte callejero. Con su atrevido dise\u00f1o Throw-Up, esta plantilla transforma cualquier espacio en una cautivadora pieza de arte urbano. Ideal para los amantes del arte y los rebeldes creativos, aporta un toque de rebeld\u00eda art\u00edstica a tu espacio interior o exterior.<\/p>\n<h3>La esencia del arte callejero: Throw-Up &amp; Flop<\/h3>\n<p>Sum\u00e9rgete en el mundo del Street Art con nuestra plantilla \"Dream\", perfecta para reproducir palabras y mensajes con el aut\u00e9ntico car\u00e1cter del Graffiti. Los estilos Throw-Up y Flop celebrados por los artistas urbanos est\u00e1n ahora a tu alcance. Utiliza esta plantilla para a\u00f1adir una dimensi\u00f3n din\u00e1mica a tus fondos, paredes de dormitorio o incluso muebles, y deja que el lenguaje del arte callejero se exprese a trav\u00e9s de tus proyectos. \u00a0<\/p>","protected":false},"excerpt":{"rendered":"<p><strong>Pochoir R\u00eaver Style Throw-Up<\/strong> con\u00e7u pour peinture, tableau et art urbain. R\u00e9utilisable, r\u00e9versible, haute qualit\u00e9 et d\u00e9clin\u00e9 en plusieurs tailles.<\/p>","protected":false},"featured_media":12451,"comment_status":"open","ping_status":"closed","template":"","meta":{"bwfblock_default_font":"","_kad_blocks_custom_css":"","_kad_blocks_head_custom_js":"","_kad_blocks_body_custom_js":"","_kad_blocks_footer_custom_js":"","_kadence_starter_templates_imported_post":false,"_kad_post_transparent":"default","_kad_post_title":"","_kad_post_layout":"default","_kad_post_sidebar_id":"","_kad_post_content_style":"default","_kad_post_vertical_padding":"default","_kad_post_feature":"","_kad_post_feature_position":"","_kad_post_header":false,"_kad_post_footer":false,"_kad_post_classname":""},"product_brand":[1415],"product_cat":[533,284,546,316],"product_tag":[439,553,441,536,285,275,442,453,327,287,295,535,286],"class_list":{"0":"post-12533","1":"product","2":"type-product","3":"status-publish","4":"has-post-thumbnail","6":"product_brand-mes-pochoirs","7":"product_cat-pochoirs-style-throw-up-flop","8":"product_cat-pochoirs-graffitis","9":"product_cat-pochoirs-mot-rever","10":"product_cat-pochoirs-textes-et-messages","11":"product_tag-art","12":"product_tag-couleur","13":"product_tag-dream","14":"product_tag-flop","15":"product_tag-graffiti","16":"product_tag-message","17":"product_tag-reve","18":"product_tag-rever","19":"product_tag-street-art","20":"product_tag-tag","21":"product_tag-texte","22":"product_tag-throw-up","23":"product_tag-urbain","25":"first","26":"instock","27":"taxable","28":"shipping-taxable","29":"purchasable","30":"product-type-variable","31":"has-default-attributes","32":"entry","33":"content-bg","34":"loop-entry"},"taxonomy_info":{"product_brand":[{"value":1415,"label":"Mes Pochoirs"}],"product_cat":[{"value":533,"label":"Throw-Up \/ Flop"},{"value":284,"label":"Graffitis"},{"value":546,"label":"R\u00eaver"},{"value":316,"label":"Textes et Messages"}],"product_tag":[{"value":439,"label":"art"},{"value":553,"label":"couleur"},{"value":441,"label":"Dream"},{"value":536,"label":"Flop"},{"value":285,"label":"graffiti"},{"value":275,"label":"message"},{"value":442,"label":"R\u00eave"},{"value":453,"label":"r\u00eaver"},{"value":327,"label":"street art"},{"value":287,"label":"tag"},{"value":295,"label":"Texte"},{"value":535,"label":"Throw-Up"},{"value":286,"label":"urbain"}]},"featured_image_src_large":["https:\/\/mes-pochoirs.com\/wp-content\/uploads\/2024\/02\/T0028-FR-pochoir-ThrowUp-Rever-copyright-mes-pochoirs-com-858x1030.jpg",858,1030,true],"author_info":[],"comment_info":0,"_links":{"self":[{"href":"https:\/\/mes-pochoirs.com\/es\/wp-json\/wp\/v2\/product\/12533","targetHints":{"allow":["GET"]}}],"collection":[{"href":"https:\/\/mes-pochoirs.com\/es\/wp-json\/wp\/v2\/product"}],"about":[{"href":"https:\/\/mes-pochoirs.com\/es\/wp-json\/wp\/v2\/types\/product"}],"replies":[{"embeddable":true,"href":"https:\/\/mes-pochoirs.com\/es\/wp-json\/wp\/v2\/comments?post=12533"}],"wp:featuredmedia":[{"embeddable":true,"href":"https:\/\/mes-pochoirs.com\/es\/wp-json\/wp\/v2\/media\/12451"}],"wp:attachment":[{"href":"https:\/\/mes-pochoirs.com\/es\/wp-json\/wp\/v2\/media?parent=12533"}],"wp:term":[{"taxonomy":"product_brand","embeddable":true,"href":"https:\/\/mes-pochoirs.com\/es\/wp-json\/wp\/v2\/product_brand?post=12533"},{"taxonomy":"product_cat","embeddable":true,"href":"https:\/\/mes-pochoirs.com\/es\/wp-json\/wp\/v2\/product_cat?post=12533"},{"taxonomy":"product_tag","embeddable":true,"href":"https:\/\/mes-pochoirs.com\/es\/wp-json\/wp\/v2\/product_tag?post=12533"}],"curies":[{"name":"wp","href":"https:\/\/api.w.org\/{rel}","templated":true}]}}