{"id":12719,"date":"2024-03-06T16:10:01","date_gmt":"2024-03-06T15:10:01","guid":{"rendered":"https:\/\/mes-pochoirs.com\/?post_type=product&#038;p=12719"},"modified":"2025-10-31T12:03:34","modified_gmt":"2025-10-31T11:03:34","slug":"plantilla-mandala-m0032","status":"publish","type":"product","link":"https:\/\/mes-pochoirs.com\/es\/produit\/pochoir-motif-mandala-m0032","title":{"rendered":"Plantilla mandala - M0032"},"content":{"rendered":"<p><strong>Transforme su espacio con la plantilla Mandala<\/strong> Descubra nuestra magn\u00edfica plantilla con motivo de mandala, ideal para a\u00f1adir un toque de serenidad y elegancia a su hogar. Representando un motivo de mandala compuesto por p\u00e9talos dispuestos en c\u00edrculos conc\u00e9ntricos, le invita a meditar y relajarse a trav\u00e9s del arte. Este cautivador dise\u00f1o, inspirado en la antigua tradici\u00f3n espiritual, transforma cualquier superficie en una obra de arte.<\/p>\n<p><strong>Calidad y flexibilidad para su creatividad<\/strong> Nuestra plantilla Mandala est\u00e1 fabricada en pl\u00e1stico de alta calidad, resistente y f\u00e1cil de cuidar. Reutilizable, puede usarse para una gran variedad de proyectos de decoraci\u00f3n y pasatiempos. Disponible en diferentes tama\u00f1os, se adapta perfectamente a tus necesidades y espacios, ya sea para decorar las paredes de tu sal\u00f3n, objetos de tu dormitorio o incluso textiles. Es f\u00e1cil y divertido de aplicar, ya sea con pincel o con spray, y se adapta a una gran variedad de superficies.<\/p>","protected":false},"excerpt":{"rendered":"<p>Esta plantilla de mandala se fabrica en nuestro taller de Francia.<br \/>\nPuede elegir el tama\u00f1o que desee en el men\u00fa desplegable.<\/p>","protected":false},"featured_media":12567,"comment_status":"open","ping_status":"closed","template":"","meta":{"bwfblock_default_font":"","_kad_blocks_custom_css":"","_kad_blocks_head_custom_js":"","_kad_blocks_body_custom_js":"","_kad_blocks_footer_custom_js":"","_kadence_starter_templates_imported_post":false,"_kad_post_transparent":"default","_kad_post_title":"","_kad_post_layout":"default","_kad_post_sidebar_id":"","_kad_post_content_style":"default","_kad_post_vertical_padding":"default","_kad_post_feature":"","_kad_post_feature_position":"","_kad_post_header":false,"_kad_post_footer":false,"_kad_post_classname":""},"product_brand":[1415],"product_cat":[38,51],"product_tag":[229,248,227,230,521,569],"class_list":{"0":"post-12719","1":"product","2":"type-product","3":"status-publish","4":"has-post-thumbnail","6":"product_brand-mes-pochoirs","7":"product_cat-pochoirs-mandala","8":"product_cat-pochoirs-fleurs","9":"product_tag-arabesque","10":"product_tag-cercle","11":"product_tag-faience","12":"product_tag-mandala","13":"product_tag-motif","14":"product_tag-petales","16":"first","17":"instock","18":"featured","19":"taxable","20":"shipping-taxable","21":"purchasable","22":"product-type-variable","23":"has-default-attributes","24":"entry","25":"content-bg","26":"loop-entry"},"taxonomy_info":{"product_brand":[{"value":1415,"label":"Mes Pochoirs"}],"product_cat":[{"value":38,"label":"Mandala"},{"value":51,"label":"Fleurs"}],"product_tag":[{"value":229,"label":"arabesque"},{"value":248,"label":"cercle"},{"value":227,"label":"fa\u00efence"},{"value":230,"label":"mandala"},{"value":521,"label":"motif"},{"value":569,"label":"p\u00e9tales"}]},"featured_image_src_large":["https:\/\/mes-pochoirs.com\/wp-content\/uploads\/2024\/02\/M0032-FR-pochoir-Mandala-copyright-mes-pochoirs-com-858x1030.jpg",858,1030,true],"author_info":[],"comment_info":0,"_links":{"self":[{"href":"https:\/\/mes-pochoirs.com\/es\/wp-json\/wp\/v2\/product\/12719","targetHints":{"allow":["GET"]}}],"collection":[{"href":"https:\/\/mes-pochoirs.com\/es\/wp-json\/wp\/v2\/product"}],"about":[{"href":"https:\/\/mes-pochoirs.com\/es\/wp-json\/wp\/v2\/types\/product"}],"replies":[{"embeddable":true,"href":"https:\/\/mes-pochoirs.com\/es\/wp-json\/wp\/v2\/comments?post=12719"}],"wp:featuredmedia":[{"embeddable":true,"href":"https:\/\/mes-pochoirs.com\/es\/wp-json\/wp\/v2\/media\/12567"}],"wp:attachment":[{"href":"https:\/\/mes-pochoirs.com\/es\/wp-json\/wp\/v2\/media?parent=12719"}],"wp:term":[{"taxonomy":"product_brand","embeddable":true,"href":"https:\/\/mes-pochoirs.com\/es\/wp-json\/wp\/v2\/product_brand?post=12719"},{"taxonomy":"product_cat","embeddable":true,"href":"https:\/\/mes-pochoirs.com\/es\/wp-json\/wp\/v2\/product_cat?post=12719"},{"taxonomy":"product_tag","embeddable":true,"href":"https:\/\/mes-pochoirs.com\/es\/wp-json\/wp\/v2\/product_tag?post=12719"}],"curies":[{"name":"wp","href":"https:\/\/api.w.org\/{rel}","templated":true}]}}