{"id":13016,"date":"2024-03-18T13:03:37","date_gmt":"2024-03-18T12:03:37","guid":{"rendered":"https:\/\/mes-pochoirs.com\/?post_type=product&#038;p=13016"},"modified":"2026-01-05T16:26:18","modified_gmt":"2026-01-05T15:26:18","slug":"plantilla-de-burbujas-pop-art-boing-pab001","status":"publish","type":"product","link":"https:\/\/mes-pochoirs.com\/es\/produit\/pochoir-bulle-pop-art-boing-pab001","title":{"rendered":"BOING!\" Plantilla Pop Art Burbuja - PAB001"},"content":{"rendered":"<p><strong>Sum\u00e9rjase en el colorido y din\u00e1mico mundo del Pop Art<\/strong><\/p>\n<p>Descubra nuestra plantilla \"Boing\" Pop Art Bubble, una creaci\u00f3n para artistas y entusiastas del Pop Art que buscan a\u00f1adir un toque din\u00e1mico a sus obras.<\/p>\n<p>Nuestra gama de burbujas Pop Art te invita a explorar el estilo y la expresi\u00f3n ic\u00f3nicos del c\u00f3mic y el Pop Art, y a sumergirte en este periodo emblem\u00e1tico dando vida a di\u00e1logos animados y pensamientos llenos de color.<\/p>\n<p><b>Convierta sus ideas en obras de arte<\/b><\/p>\n<p>\"Boing\", \"Ooh\", \"Yeah!\"... Con nuestras plantillas Pop Art Bubbles, podr\u00e1s incorporar f\u00e1cilmente estas palabras, textos, expresiones de culto o citas a tus creaciones. Nuestras plantillas son la herramienta ideal para transformar tus mensajes en aut\u00e9nticos elementos de dise\u00f1o de estilo Pop Art. D\u00e9jate llevar por tu imaginaci\u00f3n y aporta una nueva y cautivadora dimensi\u00f3n a todos tus proyectos art\u00edsticos.<\/p>\n<p><b>Multitud de posibilidades creativas<\/b><\/p>\n<p>Nuestras plantillas son el trampol\u00edn perfecto para tus deseos de personalizaci\u00f3n inspirados en los c\u00f3mics. \u00a0<\/p>\n<p>Fabricada con precisi\u00f3n, esta plantilla facilita la recreaci\u00f3n de burbujas de di\u00e1logo brillantes y llenas de energ\u00eda. Disponibles en varios tama\u00f1os, est\u00e1n dise\u00f1adas para adaptarse a todos los proyectos art\u00edsticos y necesidades creativas.<\/p>\n<p>Aplicarlas es un juego de ni\u00f1os, tanto si prefieres utilizar un pincel, pintura en spray o cualquier otra t\u00e9cnica. Adecuadas para multitud de superficies, como lienzos, cartulinas y papel, as\u00ed como paredes y objetos, estas resistentes plantillas de pl\u00e1stico reutilizables son f\u00e1ciles de mantener, lo que garantiza la m\u00e1xima longevidad y versatilidad.<\/p>","protected":false},"excerpt":{"rendered":"<p>Esta plantilla Bubble BD Pop Art se fabrica en nuestro taller de Francia.<br \/>\nPuede elegir el tama\u00f1o que desee en el men\u00fa desplegable.<\/p>","protected":false},"featured_media":13040,"comment_status":"open","ping_status":"closed","template":"","meta":{"bwfblock_default_font":"","_kad_blocks_custom_css":"","_kad_blocks_head_custom_js":"","_kad_blocks_body_custom_js":"","_kad_blocks_footer_custom_js":"","_kadence_starter_templates_imported_post":false,"_kad_post_transparent":"default","_kad_post_title":"","_kad_post_layout":"default","_kad_post_sidebar_id":"","_kad_post_content_style":"default","_kad_post_vertical_padding":"default","_kad_post_feature":"","_kad_post_feature_position":"","_kad_post_header":false,"_kad_post_footer":false,"_kad_post_classname":""},"product_brand":[1415],"product_cat":[1879,571],"product_tag":[574,523,573,240,575,576,572,491,578,577,521,333,295],"class_list":{"0":"post-13016","1":"product","2":"type-product","3":"status-publish","4":"has-post-thumbnail","6":"product_brand-mes-pochoirs","7":"product_cat-pochoirs-bd-comics","8":"product_cat-pochoirs-bulles-bande-dessinee","9":"product_tag-bande-dessinee","10":"product_tag-bd","11":"product_tag-boing","12":"product_tag-bulles","13":"product_tag-comics","14":"product_tag-dialogue","15":"product_tag-explosion","16":"product_tag-expression","17":"product_tag-humour","18":"product_tag-mot","19":"product_tag-motif","20":"product_tag-pop-art","21":"product_tag-texte","23":"first","24":"instock","25":"featured","26":"taxable","27":"shipping-taxable","28":"purchasable","29":"product-type-variable","30":"has-default-attributes","31":"entry","32":"content-bg","33":"loop-entry"},"taxonomy_info":{"product_brand":[{"value":1415,"label":"Mes Pochoirs"}],"product_cat":[{"value":1879,"label":"BD &amp; Comics"},{"value":571,"label":"Bulles Bande Dessin\u00e9e"}],"product_tag":[{"value":574,"label":"Bande Dessin\u00e9e"},{"value":523,"label":"BD"},{"value":573,"label":"Boing"},{"value":240,"label":"bulles"},{"value":575,"label":"Comics"},{"value":576,"label":"dialogue"},{"value":572,"label":"Explosion"},{"value":491,"label":"expression"},{"value":578,"label":"humour"},{"value":577,"label":"mot"},{"value":521,"label":"motif"},{"value":333,"label":"pop art"},{"value":295,"label":"Texte"}]},"featured_image_src_large":["https:\/\/mes-pochoirs.com\/wp-content\/uploads\/2024\/03\/PAB001-FR-pochoir-Pop-Art-Bulle-Boing-copyright-mes-pochoirs-com-858x1030.jpg",858,1030,true],"author_info":[],"comment_info":0,"_links":{"self":[{"href":"https:\/\/mes-pochoirs.com\/es\/wp-json\/wp\/v2\/product\/13016","targetHints":{"allow":["GET"]}}],"collection":[{"href":"https:\/\/mes-pochoirs.com\/es\/wp-json\/wp\/v2\/product"}],"about":[{"href":"https:\/\/mes-pochoirs.com\/es\/wp-json\/wp\/v2\/types\/product"}],"replies":[{"embeddable":true,"href":"https:\/\/mes-pochoirs.com\/es\/wp-json\/wp\/v2\/comments?post=13016"}],"wp:featuredmedia":[{"embeddable":true,"href":"https:\/\/mes-pochoirs.com\/es\/wp-json\/wp\/v2\/media\/13040"}],"wp:attachment":[{"href":"https:\/\/mes-pochoirs.com\/es\/wp-json\/wp\/v2\/media?parent=13016"}],"wp:term":[{"taxonomy":"product_brand","embeddable":true,"href":"https:\/\/mes-pochoirs.com\/es\/wp-json\/wp\/v2\/product_brand?post=13016"},{"taxonomy":"product_cat","embeddable":true,"href":"https:\/\/mes-pochoirs.com\/es\/wp-json\/wp\/v2\/product_cat?post=13016"},{"taxonomy":"product_tag","embeddable":true,"href":"https:\/\/mes-pochoirs.com\/es\/wp-json\/wp\/v2\/product_tag?post=13016"}],"curies":[{"name":"wp","href":"https:\/\/api.w.org\/{rel}","templated":true}]}}