{"id":13342,"date":"2024-03-21T13:56:39","date_gmt":"2024-03-21T12:56:39","guid":{"rendered":"https:\/\/mes-pochoirs.com\/?post_type=product&#038;p=13342"},"modified":"2026-01-05T16:23:01","modified_gmt":"2026-01-05T15:23:01","slug":"stencil-burbuja-dibujo-humor","status":"publish","type":"product","link":"https:\/\/mes-pochoirs.com\/es\/produit\/pochoir-bulle-dessin-humour","title":{"rendered":"\u00a1Plantilla Pop Art Burbuja \"AARGH! - PAB024"},"content":{"rendered":"<p><strong>Sum\u00e9rgete en el colorido y din\u00e1mico mundo de las burbujas animadas<\/strong><\/p>\n<p>Nuestra plantilla de dibujo de burbujas Humor \"Aargh\" est\u00e1 especialmente dise\u00f1ada para artistas que desean capturar la esencia del Pop Art e incorporar un toque de humor a sus pinturas sobre lienzo. Utilice esta plantilla para expresar emociones v\u00edvidas, crear di\u00e1logos c\u00f3micos o simplemente a\u00f1adir una dimensi\u00f3n l\u00fadica a sus obras de arte. F\u00e1cil de manejar y perfecta para una gran variedad de soportes, esta plantilla es una herramienta esencial para cualquier artista Pop Art.<\/p>\n<p><b>Tus ideas se convierten en obras de arte<\/b><\/p>\n<p>\"Boom\", \"Wroom\", \"Kaboom\"... Con nuestras plantillas Pop Art Comic Bubbles, podr\u00e1s incorporar f\u00e1cilmente estas palabras, textos, expresiones de culto o citas a tus creaciones. Nuestras plantillas son la herramienta ideal para transformar tus mensajes en aut\u00e9nticos elementos de dise\u00f1o de estilo Pop Art. Deja que tu imaginaci\u00f3n te gu\u00ede y aporta una nueva y cautivadora dimensi\u00f3n a todos tus proyectos art\u00edsticos.<\/p>\n<p><strong>Un trampol\u00edn perfecto para tus proyectos de Pop Art inspirados en el estilo del c\u00f3mic<\/strong><\/p>\n<p>Fabricada con precisi\u00f3n, esta plantilla facilita la recreaci\u00f3n de burbujas de di\u00e1logo brillantes y llenas de energ\u00eda. Disponibles en varios tama\u00f1os, est\u00e1n dise\u00f1adas para adaptarse a todos los proyectos art\u00edsticos y necesidades creativas.<\/p>\n<p>Aplicarlas es un juego de ni\u00f1os, tanto si prefieres utilizar un pincel, pintura en spray o cualquier otra t\u00e9cnica. Adecuadas para multitud de superficies, como lienzos, cartulinas y papel, as\u00ed como paredes y objetos, estas resistentes plantillas de pl\u00e1stico reutilizables son f\u00e1ciles de mantener, lo que garantiza la m\u00e1xima longevidad y versatilidad.<\/p>","protected":false},"excerpt":{"rendered":"<p>Esta plantilla Bubble BD Pop Art se fabrica en nuestro taller de Francia.<br \/>\nPuede elegir el tama\u00f1o que desee en el men\u00fa desplegable.<\/p>","protected":false},"featured_media":13241,"comment_status":"open","ping_status":"closed","template":"","meta":{"bwfblock_default_font":"","_kad_blocks_custom_css":"","_kad_blocks_head_custom_js":"","_kad_blocks_body_custom_js":"","_kad_blocks_footer_custom_js":"","_kadence_starter_templates_imported_post":false,"_kad_post_transparent":"default","_kad_post_title":"","_kad_post_layout":"default","_kad_post_sidebar_id":"","_kad_post_content_style":"default","_kad_post_vertical_padding":"default","_kad_post_feature":"","_kad_post_feature_position":"","_kad_post_header":false,"_kad_post_footer":false,"_kad_post_classname":""},"product_brand":[1415],"product_cat":[1879,571],"product_tag":[603,574,523,240,236,589,575,586,576,572,491,578,577,521,333,442,295],"class_list":{"0":"post-13342","1":"product","2":"type-product","3":"status-publish","4":"has-post-thumbnail","6":"product_brand-mes-pochoirs","7":"product_cat-pochoirs-bd-comics","8":"product_cat-pochoirs-bulles-bande-dessinee","9":"product_tag-aargh","10":"product_tag-bande-dessinee","11":"product_tag-bd","12":"product_tag-bulles","13":"product_tag-coeur","14":"product_tag-comic-book","15":"product_tag-comics","16":"product_tag-dessin-anime","17":"product_tag-dialogue","18":"product_tag-explosion","19":"product_tag-expression","20":"product_tag-humour","21":"product_tag-mot","22":"product_tag-motif","23":"product_tag-pop-art","24":"product_tag-reve","25":"product_tag-texte","27":"first","28":"instock","29":"featured","30":"taxable","31":"shipping-taxable","32":"purchasable","33":"product-type-variable","34":"has-default-attributes","35":"entry","36":"content-bg","37":"loop-entry"},"taxonomy_info":{"product_brand":[{"value":1415,"label":"Mes Pochoirs"}],"product_cat":[{"value":1879,"label":"BD &amp; Comics"},{"value":571,"label":"Bulles Bande Dessin\u00e9e"}],"product_tag":[{"value":603,"label":"Aargh"},{"value":574,"label":"Bande Dessin\u00e9e"},{"value":523,"label":"BD"},{"value":240,"label":"bulles"},{"value":236,"label":"coeur"},{"value":589,"label":"comic book"},{"value":575,"label":"Comics"},{"value":586,"label":"dessin anim\u00e9"},{"value":576,"label":"dialogue"},{"value":572,"label":"Explosion"},{"value":491,"label":"expression"},{"value":578,"label":"humour"},{"value":577,"label":"mot"},{"value":521,"label":"motif"},{"value":333,"label":"pop art"},{"value":442,"label":"R\u00eave"},{"value":295,"label":"Texte"}]},"featured_image_src_large":["https:\/\/mes-pochoirs.com\/wp-content\/uploads\/2024\/03\/PAB024-FR-pochoir-Pop-Art-Bulle-Aargh-copyright-mes-pochoirs-com-858x1030.jpg",858,1030,true],"author_info":[],"comment_info":0,"_links":{"self":[{"href":"https:\/\/mes-pochoirs.com\/es\/wp-json\/wp\/v2\/product\/13342","targetHints":{"allow":["GET"]}}],"collection":[{"href":"https:\/\/mes-pochoirs.com\/es\/wp-json\/wp\/v2\/product"}],"about":[{"href":"https:\/\/mes-pochoirs.com\/es\/wp-json\/wp\/v2\/types\/product"}],"replies":[{"embeddable":true,"href":"https:\/\/mes-pochoirs.com\/es\/wp-json\/wp\/v2\/comments?post=13342"}],"wp:featuredmedia":[{"embeddable":true,"href":"https:\/\/mes-pochoirs.com\/es\/wp-json\/wp\/v2\/media\/13241"}],"wp:attachment":[{"href":"https:\/\/mes-pochoirs.com\/es\/wp-json\/wp\/v2\/media?parent=13342"}],"wp:term":[{"taxonomy":"product_brand","embeddable":true,"href":"https:\/\/mes-pochoirs.com\/es\/wp-json\/wp\/v2\/product_brand?post=13342"},{"taxonomy":"product_cat","embeddable":true,"href":"https:\/\/mes-pochoirs.com\/es\/wp-json\/wp\/v2\/product_cat?post=13342"},{"taxonomy":"product_tag","embeddable":true,"href":"https:\/\/mes-pochoirs.com\/es\/wp-json\/wp\/v2\/product_tag?post=13342"}],"curies":[{"name":"wp","href":"https:\/\/api.w.org\/{rel}","templated":true}]}}