{"id":13353,"date":"2024-03-21T14:03:55","date_gmt":"2024-03-21T13:03:55","guid":{"rendered":"https:\/\/mes-pochoirs.com\/?post_type=product&#038;p=13353"},"modified":"2026-01-05T16:22:57","modified_gmt":"2026-01-05T15:22:57","slug":"comic-book-2-plantilla-burbuja","status":"publish","type":"product","link":"https:\/\/mes-pochoirs.com\/es\/produit\/pochoir-bulle-comic-book-2","title":{"rendered":"OOPS!\" Pop Art BD Bubble Plantilla - PAB025"},"content":{"rendered":"<p><strong>Sum\u00e9rgete en el colorido y din\u00e1mico mundo de las burbujas animadas<\/strong><\/p>\n<p>Exprimez le choc et la surprise dans vos toiles avec notre pochoir bulle comic book\u00a0 &#8220;Oops&#8221;. Ce pochoir est con\u00e7u sp\u00e9cialement pour les artistes et les amateurs de Pop Art d\u00e9sirant ajouter une dimension comique et inattendue \u00e0 leurs \u0153uvres. Parfait pour animer des sc\u00e8nes de bande dessin\u00e9e ou introduire un \u00e9l\u00e9ment narratif surprenant, il permet de cr\u00e9er facilement des effets visuels marquants.<\/p>\n<p><b>Tus ideas se convierten en obras de arte<\/b><\/p>\n<p>\"Boom\", \"Wroom\", \"Kaboom\"... Con nuestras plantillas Pop Art Comic Bubbles, podr\u00e1s incorporar f\u00e1cilmente estas palabras, textos, l\u00edneas o citas a tus creaciones. Nuestras plantillas son la herramienta ideal para transformar tus mensajes en aut\u00e9nticos elementos de dise\u00f1o de estilo Pop Art. Deja que tu imaginaci\u00f3n te gu\u00ede y aporta una nueva y cautivadora dimensi\u00f3n a todos tus proyectos art\u00edsticos.<\/p>\n<p><strong>Un trampol\u00edn perfecto para tus proyectos de Pop Art inspirados en el estilo del c\u00f3mic<\/strong><\/p>\n<p>Fabricada con precisi\u00f3n, esta plantilla facilita la recreaci\u00f3n de burbujas de di\u00e1logo brillantes y llenas de energ\u00eda. Disponibles en varios tama\u00f1os, est\u00e1n dise\u00f1adas para adaptarse a todos los proyectos art\u00edsticos y necesidades creativas.<\/p>\n<p>Aplicarlas es un juego de ni\u00f1os, tanto si prefieres utilizar un pincel, pintura en spray o cualquier otra t\u00e9cnica. Adecuadas para multitud de superficies, como lienzos, cartulinas y papel, as\u00ed como paredes y objetos, estas resistentes plantillas de pl\u00e1stico reutilizables son f\u00e1ciles de mantener, lo que garantiza la m\u00e1xima longevidad y versatilidad.<\/p>","protected":false},"excerpt":{"rendered":"<p>Esta plantilla Bubble BD Pop Art se fabrica en nuestro taller de Francia.<br \/>\nPuede elegir el tama\u00f1o que desee en el men\u00fa desplegable.<\/p>","protected":false},"featured_media":13242,"comment_status":"open","ping_status":"closed","template":"","meta":{"bwfblock_default_font":"","_kad_blocks_custom_css":"","_kad_blocks_head_custom_js":"","_kad_blocks_body_custom_js":"","_kad_blocks_footer_custom_js":"","_kadence_starter_templates_imported_post":false,"_kad_post_transparent":"default","_kad_post_title":"","_kad_post_layout":"default","_kad_post_sidebar_id":"","_kad_post_content_style":"default","_kad_post_vertical_padding":"default","_kad_post_feature":"","_kad_post_feature_position":"","_kad_post_header":false,"_kad_post_footer":false,"_kad_post_classname":""},"product_brand":[1415],"product_cat":[1879,571],"product_tag":[574,523,240,236,589,575,586,576,572,491,578,577,521,604,333,442,295],"class_list":{"0":"post-13353","1":"product","2":"type-product","3":"status-publish","4":"has-post-thumbnail","6":"product_brand-mes-pochoirs","7":"product_cat-pochoirs-bd-comics","8":"product_cat-pochoirs-bulles-bande-dessinee","9":"product_tag-bande-dessinee","10":"product_tag-bd","11":"product_tag-bulles","12":"product_tag-coeur","13":"product_tag-comic-book","14":"product_tag-comics","15":"product_tag-dessin-anime","16":"product_tag-dialogue","17":"product_tag-explosion","18":"product_tag-expression","19":"product_tag-humour","20":"product_tag-mot","21":"product_tag-motif","22":"product_tag-oops","23":"product_tag-pop-art","24":"product_tag-reve","25":"product_tag-texte","27":"first","28":"instock","29":"featured","30":"taxable","31":"shipping-taxable","32":"purchasable","33":"product-type-variable","34":"has-default-attributes","35":"entry","36":"content-bg","37":"loop-entry"},"taxonomy_info":{"product_brand":[{"value":1415,"label":"Mes Pochoirs"}],"product_cat":[{"value":1879,"label":"BD &amp; Comics"},{"value":571,"label":"Bulles Bande Dessin\u00e9e"}],"product_tag":[{"value":574,"label":"Bande Dessin\u00e9e"},{"value":523,"label":"BD"},{"value":240,"label":"bulles"},{"value":236,"label":"coeur"},{"value":589,"label":"comic book"},{"value":575,"label":"Comics"},{"value":586,"label":"dessin anim\u00e9"},{"value":576,"label":"dialogue"},{"value":572,"label":"Explosion"},{"value":491,"label":"expression"},{"value":578,"label":"humour"},{"value":577,"label":"mot"},{"value":521,"label":"motif"},{"value":604,"label":"Oops"},{"value":333,"label":"pop art"},{"value":442,"label":"R\u00eave"},{"value":295,"label":"Texte"}]},"featured_image_src_large":["https:\/\/mes-pochoirs.com\/wp-content\/uploads\/2024\/03\/PAB025-FR-pochoir-Pop-Art-Bulle-Oops-copyright-mes-pochoirs-com-858x1030.jpg",858,1030,true],"author_info":[],"comment_info":0,"_links":{"self":[{"href":"https:\/\/mes-pochoirs.com\/es\/wp-json\/wp\/v2\/product\/13353","targetHints":{"allow":["GET"]}}],"collection":[{"href":"https:\/\/mes-pochoirs.com\/es\/wp-json\/wp\/v2\/product"}],"about":[{"href":"https:\/\/mes-pochoirs.com\/es\/wp-json\/wp\/v2\/types\/product"}],"replies":[{"embeddable":true,"href":"https:\/\/mes-pochoirs.com\/es\/wp-json\/wp\/v2\/comments?post=13353"}],"wp:featuredmedia":[{"embeddable":true,"href":"https:\/\/mes-pochoirs.com\/es\/wp-json\/wp\/v2\/media\/13242"}],"wp:attachment":[{"href":"https:\/\/mes-pochoirs.com\/es\/wp-json\/wp\/v2\/media?parent=13353"}],"wp:term":[{"taxonomy":"product_brand","embeddable":true,"href":"https:\/\/mes-pochoirs.com\/es\/wp-json\/wp\/v2\/product_brand?post=13353"},{"taxonomy":"product_cat","embeddable":true,"href":"https:\/\/mes-pochoirs.com\/es\/wp-json\/wp\/v2\/product_cat?post=13353"},{"taxonomy":"product_tag","embeddable":true,"href":"https:\/\/mes-pochoirs.com\/es\/wp-json\/wp\/v2\/product_tag?post=13353"}],"curies":[{"name":"wp","href":"https:\/\/api.w.org\/{rel}","templated":true}]}}