{"id":134,"date":"2021-03-30T09:32:02","date_gmt":"2021-03-30T09:32:02","guid":{"rendered":"https:\/\/mes-pochoirs.com\/?post_type=product&#038;p=134"},"modified":"2025-10-31T11:40:27","modified_gmt":"2025-10-31T10:40:27","slug":"plantilla-para-baldosas-de-cemento-cc0001","status":"publish","type":"product","link":"https:\/\/mes-pochoirs.com\/es\/produit\/pochoir-carreau-de-ciment-cc0001","title":{"rendered":"Plantilla Azulejos de Cemento - CC0001"},"content":{"rendered":"<h2>Plantilla de baldosas de cemento<\/h2>\n<h3>Invitaci\u00f3n a un viaje visual<\/h3>\n<p><strong>Plantilla de baldosas de cemento<\/strong> En el coraz\u00f3n de este motivo, una flor estilizada de seis p\u00e9talos le da la bienvenida a un mundo donde el equilibrio y la simetr\u00eda se convierten en lenguaje. Cada detalle de esta plantilla parece contar una historia, la historia de un azulejo antiguo y olvidado encontrado en una casa familiar o en el estudio de un artista. Con un solo trazo de pintura, este dise\u00f1o crea un impacto visual fuerte y cautivador. Es el aliado perfecto para cualquier decoraci\u00f3n de pared, a\u00f1adiendo car\u00e1cter y poes\u00eda a la decoraci\u00f3n de su hogar. Ya sea sobre una pared, un mueble, un lienzo o un tejido, podr\u00e1 crear un dise\u00f1o \u00fanico y personalizado. Esta plantilla ofrece una huella art\u00edstica poderosa y refinada, ideal tanto para los entusiastas del dise\u00f1o de interiores como para los artistas en busca de significado. Cada aplicaci\u00f3n se convierte en una declaraci\u00f3n, una forma de afirmar su estilo con originalidad y elegancia, en todos sus proyectos de decoraci\u00f3n creativa.<\/p>\n<h3>Un estilo entre patrimonio y modernidad<\/h3>\n<p><strong>Plantilla de baldosas de cemento<\/strong> El dise\u00f1o: profundamente arraigado en la est\u00e9tica de los azulejos antiguos, este motivo se inspira en las decoraciones geom\u00e9tricas y florales que anta\u00f1o se encontraban en las casas mediterr\u00e1neas, los talleres de artesanos y los vest\u00edbulos de los bloques de apartamentos burgueses. Los elegantes arabescos, las l\u00edneas limpias y los s\u00edmbolos florales confieren a sus creaciones ese encanto del viejo mundo que resistir\u00e1 el paso del tiempo. Es perfecto para quienes desean a\u00f1adir un toque de alma a su decoraci\u00f3n mural, una mezcla de tradici\u00f3n y emoci\u00f3n. Al reinterpretar los c\u00f3digos cl\u00e1sicos con un toque contempor\u00e1neo, esta plantilla se adapta tanto a los ambientes bohemios como a los interiores modernos y depurados. Seducir\u00e1 a los aficionados a la decoraci\u00f3n y al dise\u00f1o gr\u00e1fico que buscan motivos expresivos, armoniosos y visualmente impactantes. Vers\u00e1til, reutilizable y disponible en varios tama\u00f1os, es una herramienta inspiradora para realzar todas sus superficies -paredes, suelos, muebles- y convertir cualquier espacio en una aut\u00e9ntica obra de decoraci\u00f3n art\u00edstica.<\/p>","protected":false},"excerpt":{"rendered":"<p><strong>Plantilla de baldosas de cemento<\/strong> perfecto para pintores, reutilizable y reversible. D\u00e9 vida a sus proyectos creativos con estilo.<\/p>","protected":false},"featured_media":144,"comment_status":"open","ping_status":"closed","template":"","meta":{"bwfblock_default_font":"","_kad_blocks_custom_css":"","_kad_blocks_head_custom_js":"","_kad_blocks_body_custom_js":"","_kad_blocks_footer_custom_js":"","_kadence_starter_templates_imported_post":false,"_kad_post_transparent":"default","_kad_post_title":"","_kad_post_layout":"default","_kad_post_sidebar_id":"","_kad_post_content_style":"default","_kad_post_vertical_padding":"default","_kad_post_feature":"","_kad_post_feature_position":"","_kad_post_header":false,"_kad_post_footer":false,"_kad_post_classname":""},"product_brand":[1415],"product_cat":[37],"product_tag":[229,567,1358,227,50,1359,675,955],"class_list":{"0":"post-134","1":"product","2":"type-product","3":"status-publish","4":"has-post-thumbnail","6":"product_brand-mes-pochoirs","7":"product_cat-pochoirs-pour-carreaux-ciment","8":"product_tag-arabesque","9":"product_tag-decoration","10":"product_tag-decoration-maison","11":"product_tag-faience","12":"product_tag-fleur","13":"product_tag-mediterraneeen","14":"product_tag-moderne","15":"product_tag-tradition","17":"first","18":"instock","19":"taxable","20":"shipping-taxable","21":"purchasable","22":"product-type-variable","23":"has-default-attributes","24":"entry","25":"content-bg","26":"loop-entry"},"taxonomy_info":{"product_brand":[{"value":1415,"label":"Mes Pochoirs"}],"product_cat":[{"value":37,"label":"Carreaux de ciment"}],"product_tag":[{"value":229,"label":"arabesque"},{"value":567,"label":"decoration"},{"value":1358,"label":"d\u00e9coration maison"},{"value":227,"label":"fa\u00efence"},{"value":50,"label":"fleur"},{"value":1359,"label":"m\u00e9diterran\u00e9een"},{"value":675,"label":"moderne"},{"value":955,"label":"tradition"}]},"featured_image_src_large":["https:\/\/mes-pochoirs.com\/wp-content\/uploads\/2021\/03\/CC0001-mes-pochoirs-com-858x1030.jpg",858,1030,true],"author_info":[],"comment_info":0,"_links":{"self":[{"href":"https:\/\/mes-pochoirs.com\/es\/wp-json\/wp\/v2\/product\/134","targetHints":{"allow":["GET"]}}],"collection":[{"href":"https:\/\/mes-pochoirs.com\/es\/wp-json\/wp\/v2\/product"}],"about":[{"href":"https:\/\/mes-pochoirs.com\/es\/wp-json\/wp\/v2\/types\/product"}],"replies":[{"embeddable":true,"href":"https:\/\/mes-pochoirs.com\/es\/wp-json\/wp\/v2\/comments?post=134"}],"wp:featuredmedia":[{"embeddable":true,"href":"https:\/\/mes-pochoirs.com\/es\/wp-json\/wp\/v2\/media\/144"}],"wp:attachment":[{"href":"https:\/\/mes-pochoirs.com\/es\/wp-json\/wp\/v2\/media?parent=134"}],"wp:term":[{"taxonomy":"product_brand","embeddable":true,"href":"https:\/\/mes-pochoirs.com\/es\/wp-json\/wp\/v2\/product_brand?post=134"},{"taxonomy":"product_cat","embeddable":true,"href":"https:\/\/mes-pochoirs.com\/es\/wp-json\/wp\/v2\/product_cat?post=134"},{"taxonomy":"product_tag","embeddable":true,"href":"https:\/\/mes-pochoirs.com\/es\/wp-json\/wp\/v2\/product_tag?post=134"}],"curies":[{"name":"wp","href":"https:\/\/api.w.org\/{rel}","templated":true}]}}