{"id":13661,"date":"2024-03-29T17:57:54","date_gmt":"2024-03-29T16:57:54","guid":{"rendered":"https:\/\/mes-pochoirs.com\/?post_type=product&#038;p=13661"},"modified":"2026-03-13T17:43:25","modified_gmt":"2026-03-13T16:43:25","slug":"pantalla-redonda","status":"publish","type":"product","link":"https:\/\/mes-pochoirs.com\/es\/produit\/pochoir-tramage-de-ronds","title":{"rendered":"Plantilla Halftone Tramage de Ronds - G0054"},"content":{"rendered":"<h2>La plantilla esencial de Tramage de Ronds<\/h2>\n<h3>Una herramienta indispensable en el Pop Art<\/h3>\n<p>Immergez-vous dans le monde captivant de la bande dessin\u00e9e et laissez-vous charmer par le pochoir tramage de ronds, un outil essentiel pour vos projets artistiques empreints de l&#8217;esprit Pop Art et BD. Inspir\u00e9 par les innovations des ann\u00e9es 60 et les chefs-d&#8217;\u0153uvre d&#8217;artistes telles que Roy Lichtenstein, ce pochoir capte l&#8217;essence des techniques r\u00e9volutionnaires de l&#8217;\u00e9poque. Le pochoir tramage de ronds se distingue par son application m\u00e9ticuleuse de ronds r\u00e9guliers et espac\u00e9s avec pr\u00e9cision, offrant l&#8217;effet Halftone caract\u00e9ristique \u00e0 vos \u0153uvres. Parfait pour int\u00e9grer une touche de comic book dans vos cr\u00e9ations, il vous aide \u00e0 peaufiner les d\u00e9tails des visages ou des arri\u00e8re-plans, reproduisant ainsi l&#8217;esth\u00e9tique dynamique et color\u00e9e qui a marqu\u00e9 cette \u00e8re artistique. Lancez-vous dans une aventure cr\u00e9ative sans pareille, o\u00f9 chaque motif de ronds transforme vos peintures en v\u00e9ritables \u0153uvres dot\u00e9es de cet effet visuel incontournable.<\/p>\n<p><strong>Pr\u00e9cision importante :<\/strong>Le nombre de points reste identique, quelle que soit la taille du pochoir.<br \/>\nLa taille des points s\u2019ajuste proportionnellement : plus le pochoir est grand, plus les points sont grands.<\/p>\n<p><strong>Taille des points selon le format du pochoir :<\/strong><\/p>\n<ul>\n<li>Pochoir 15 \u00d7 15 cm \u2192 1 point = 0,20 cm<\/li>\n<li>Pochoir 20 \u00d7 20 cm \u2192 1 point = 0,27 cm<\/li>\n<li>Pochoir 30 \u00d7 30 cm \u2192 1 point = 0,43 cm<\/li>\n<li>Pochoir 40 \u00d7 40 cm \u2192 1 point = 0,55 cm<\/li>\n<li>Pochoir 50 \u00d7 50 cm \u2192 1 point = 0,69 cm<\/li>\n<li>Pochoir 60 \u00d7 60 cm \u2192 1 point = 0,83 cm<\/li>\n<li>Pochoir 70 \u00d7 70 cm \u2192 1 point = 0,96 cm<\/li>\n<li>Pochoir 80 \u00d7 80 cm \u2192 1 point = 1,10 cm<\/li>\n<li>Pochoir 90 \u00d7 90 cm \u2192 1 point = 1,24 cm<\/li>\n<li>Pochoir 100 \u00d7 100 cm \u2192 1 point = 1,37 cm<\/li>\n<\/ul>","protected":false},"excerpt":{"rendered":"<p><span style=\"color: #34568b;\"><strong>Stencil Efecto Redondo<\/strong><\/span><\/p>\n<p>Esta plantilla geom\u00e9trica Halftone se fabrica en nuestro taller.<br \/>\nElija la talla que desee entre las opciones siguientes.<\/p>","protected":false},"featured_media":13649,"comment_status":"open","ping_status":"closed","template":"","meta":{"bwfblock_default_font":"","_kad_blocks_custom_css":"","_kad_blocks_head_custom_js":"","_kad_blocks_body_custom_js":"","_kad_blocks_footer_custom_js":"","_kadence_starter_templates_imported_post":false,"_kad_post_transparent":"default","_kad_post_title":"","_kad_post_layout":"default","_kad_post_sidebar_id":"","_kad_post_content_style":"default","_kad_post_vertical_padding":"default","_kad_post_feature":"","_kad_post_feature_position":"","_kad_post_header":false,"_kad_post_footer":false,"_kad_post_classname":""},"product_brand":[1415],"product_cat":[498,241],"product_tag":[523,335,519,232,234,336,362,524,476,361,522,333,525,238,615,616,520,617],"class_list":{"0":"post-13661","1":"product","2":"type-product","3":"status-publish","4":"has-post-thumbnail","6":"product_brand-mes-pochoirs","7":"product_cat-pochoirs-halftone","8":"product_cat-pochoirs-geometriques","9":"product_tag-bd","10":"product_tag-demi-teinte","11":"product_tag-effet","12":"product_tag-geometrique","13":"product_tag-grille","14":"product_tag-halftone","15":"product_tag-motifs","16":"product_tag-pixel","17":"product_tag-pochoir","18":"product_tag-pointilles","19":"product_tag-points","20":"product_tag-pop-art","21":"product_tag-retro","22":"product_tag-ronds","23":"product_tag-roy-lichtenstein","24":"product_tag-tame","25":"product_tag-technique","26":"product_tag-tramage","28":"first","29":"instock","30":"taxable","31":"shipping-taxable","32":"purchasable","33":"product-type-variable","34":"has-default-attributes","35":"entry","36":"content-bg","37":"loop-entry"},"taxonomy_info":{"product_brand":[{"value":1415,"label":"Mes Pochoirs"}],"product_cat":[{"value":498,"label":"Halftone &amp; Benday"},{"value":241,"label":"G\u00e9om\u00e9triques"}],"product_tag":[{"value":523,"label":"BD"},{"value":335,"label":"demi-teinte"},{"value":519,"label":"effet"},{"value":232,"label":"g\u00e9om\u00e9trique"},{"value":234,"label":"grille"},{"value":336,"label":"halftone"},{"value":362,"label":"motifs"},{"value":524,"label":"pixel"},{"value":476,"label":"pochoir"},{"value":361,"label":"pointill\u00e9s"},{"value":522,"label":"points"},{"value":333,"label":"pop art"},{"value":525,"label":"r\u00e9tro"},{"value":238,"label":"ronds"},{"value":615,"label":"Roy Lichtenstein"},{"value":616,"label":"tame"},{"value":520,"label":"technique"},{"value":617,"label":"tramage"}]},"featured_image_src_large":["https:\/\/mes-pochoirs.com\/wp-content\/uploads\/2024\/03\/G0054-FR-pochoir-Halftone-Trame-points-mes-pochoirs-com--858x1030.jpg",858,1030,true],"author_info":[],"comment_info":0,"_links":{"self":[{"href":"https:\/\/mes-pochoirs.com\/es\/wp-json\/wp\/v2\/product\/13661","targetHints":{"allow":["GET"]}}],"collection":[{"href":"https:\/\/mes-pochoirs.com\/es\/wp-json\/wp\/v2\/product"}],"about":[{"href":"https:\/\/mes-pochoirs.com\/es\/wp-json\/wp\/v2\/types\/product"}],"replies":[{"embeddable":true,"href":"https:\/\/mes-pochoirs.com\/es\/wp-json\/wp\/v2\/comments?post=13661"}],"wp:featuredmedia":[{"embeddable":true,"href":"https:\/\/mes-pochoirs.com\/es\/wp-json\/wp\/v2\/media\/13649"}],"wp:attachment":[{"href":"https:\/\/mes-pochoirs.com\/es\/wp-json\/wp\/v2\/media?parent=13661"}],"wp:term":[{"taxonomy":"product_brand","embeddable":true,"href":"https:\/\/mes-pochoirs.com\/es\/wp-json\/wp\/v2\/product_brand?post=13661"},{"taxonomy":"product_cat","embeddable":true,"href":"https:\/\/mes-pochoirs.com\/es\/wp-json\/wp\/v2\/product_cat?post=13661"},{"taxonomy":"product_tag","embeddable":true,"href":"https:\/\/mes-pochoirs.com\/es\/wp-json\/wp\/v2\/product_tag?post=13661"}],"curies":[{"name":"wp","href":"https:\/\/api.w.org\/{rel}","templated":true}]}}