{"id":14086,"date":"2024-05-03T13:12:05","date_gmt":"2024-05-03T11:12:05","guid":{"rendered":"https:\/\/mes-pochoirs.com\/?post_type=product&#038;p=14086"},"modified":"2025-10-31T12:05:47","modified_gmt":"2025-10-31T11:05:47","slug":"plantilla-paradise-beach-pl0006","status":"publish","type":"product","link":"https:\/\/mes-pochoirs.com\/es\/produit\/pochoir-plage-paradisiaque-pl0006","title":{"rendered":"Palm Beach Plantilla - PL0006"},"content":{"rendered":"<h2>Plantilla Paradise Beach<\/h2>\n<h3>Escapada art\u00edstica<\/h3>\n<p>Le Pochoir Plage Paradisiaque\u00a0 vous invite \u00e0 capturer l&#8217;essence m\u00eame de la tranquillit\u00e9 et du calme tropical. Ce pochoir d\u00e9licatement con\u00e7u \u00e9voque une plage sereine, bord\u00e9e de palmiers gracieux et baign\u00e9e par une mer cristalline. Id\u00e9al pour ceux qui aspirent \u00e0 recr\u00e9er une ambiance de d\u00e9tente absolue dans leurs \u0153uvres, ce pochoir est parfait pour embellir des espaces int\u00e9rieurs, r\u00e9aliser des toiles apaisantes ou transformer des murs en sc\u00e8nes de repos et de s\u00e9r\u00e9nit\u00e9. Appliquez-le sur divers supports pour introduire une touche de qui\u00e9tude tropicale dans votre environnement, faisant de chaque \u0153uvre un v\u00e9ritable refuge o\u00f9 l&#8217;esprit peut s&#8217;\u00e9vader et se ressourcer.<\/p>","protected":false},"excerpt":{"rendered":"<p><span style=\"color: #34568b;\"><strong>\"Crear un remanso de paz<\/strong><\/span><\/p>\n<p>Esta plantilla es una exclusiva, cuidadosamente elaborada en nuestro taller de Francia.<br \/>\nElija la talla que desee entre las opciones siguientes.<\/p>","protected":false},"featured_media":13993,"comment_status":"open","ping_status":"closed","template":"","meta":{"bwfblock_default_font":"","_kad_blocks_custom_css":"","_kad_blocks_head_custom_js":"","_kad_blocks_body_custom_js":"","_kad_blocks_footer_custom_js":"","_kadence_starter_templates_imported_post":false,"_kad_post_transparent":"default","_kad_post_title":"","_kad_post_layout":"default","_kad_post_sidebar_id":"","_kad_post_content_style":"default","_kad_post_vertical_padding":"default","_kad_post_feature":"","_kad_post_feature_position":"","_kad_post_header":false,"_kad_post_footer":false,"_kad_post_classname":""},"product_brand":[1415],"product_cat":[940,618],"product_tag":[621,620,625,623,622,619,624,309,626,373],"class_list":{"0":"post-14086","1":"product","2":"type-product","3":"status-publish","4":"has-post-thumbnail","6":"product_brand-mes-pochoirs","7":"product_cat-paysages-plages","8":"product_cat-pochoirs-paysages","9":"product_tag-ete","10":"product_tag-exotique","11":"product_tag-horizon","12":"product_tag-ile","13":"product_tag-littoral","14":"product_tag-palmiers","15":"product_tag-paradisiaque","16":"product_tag-paysage","17":"product_tag-plage","18":"product_tag-tropical","20":"first","21":"instock","22":"taxable","23":"shipping-taxable","24":"purchasable","25":"product-type-variable","26":"entry","27":"content-bg","28":"loop-entry"},"taxonomy_info":{"product_brand":[{"value":1415,"label":"Mes Pochoirs"}],"product_cat":[{"value":940,"label":"Paysages Plages"},{"value":618,"label":"Paysages"}],"product_tag":[{"value":621,"label":"\u00e9t\u00e9"},{"value":620,"label":"exotique"},{"value":625,"label":"horizon"},{"value":623,"label":"\u00eele"},{"value":622,"label":"littoral"},{"value":619,"label":"palmiers"},{"value":624,"label":"paradisiaque"},{"value":309,"label":"paysage"},{"value":626,"label":"plage"},{"value":373,"label":"tropical"}]},"featured_image_src_large":["https:\/\/mes-pochoirs.com\/wp-content\/uploads\/2024\/05\/PL0006-FR-pochoir-paysage-plage-4-5-mes-pochoirs-com--858x1030.jpg",858,1030,true],"author_info":[],"comment_info":1,"_links":{"self":[{"href":"https:\/\/mes-pochoirs.com\/es\/wp-json\/wp\/v2\/product\/14086","targetHints":{"allow":["GET"]}}],"collection":[{"href":"https:\/\/mes-pochoirs.com\/es\/wp-json\/wp\/v2\/product"}],"about":[{"href":"https:\/\/mes-pochoirs.com\/es\/wp-json\/wp\/v2\/types\/product"}],"replies":[{"embeddable":true,"href":"https:\/\/mes-pochoirs.com\/es\/wp-json\/wp\/v2\/comments?post=14086"}],"wp:featuredmedia":[{"embeddable":true,"href":"https:\/\/mes-pochoirs.com\/es\/wp-json\/wp\/v2\/media\/13993"}],"wp:attachment":[{"href":"https:\/\/mes-pochoirs.com\/es\/wp-json\/wp\/v2\/media?parent=14086"}],"wp:term":[{"taxonomy":"product_brand","embeddable":true,"href":"https:\/\/mes-pochoirs.com\/es\/wp-json\/wp\/v2\/product_brand?post=14086"},{"taxonomy":"product_cat","embeddable":true,"href":"https:\/\/mes-pochoirs.com\/es\/wp-json\/wp\/v2\/product_cat?post=14086"},{"taxonomy":"product_tag","embeddable":true,"href":"https:\/\/mes-pochoirs.com\/es\/wp-json\/wp\/v2\/product_tag?post=14086"}],"curies":[{"name":"wp","href":"https:\/\/api.w.org\/{rel}","templated":true}]}}