{"id":14318,"date":"2024-05-28T09:26:30","date_gmt":"2024-05-28T07:26:30","guid":{"rendered":"https:\/\/mes-pochoirs.com\/?post_type=product&#038;p=14318"},"modified":"2026-02-16T10:28:31","modified_gmt":"2026-02-16T09:28:31","slug":"plantilla-coco-exotico-n0028","status":"publish","type":"product","link":"https:\/\/mes-pochoirs.com\/es\/produit\/pochoir-cocotier-exotique-n0028","title":{"rendered":"Plantilla Cocotero Ex\u00f3tico - N0028"},"content":{"rendered":"<h2>Plantilla Cocotero Ex\u00f3tico<\/h2>\n<h3>Realce sus paisajes tropicales<\/h3>\n<p>Transforme sus creaciones art\u00edsticas con nuestro <strong>Plantilla Cocotero Ex\u00f3tico<\/strong>. Ce mod\u00e8le unique, repr\u00e9sentant un palmier, est id\u00e9al pour ajouter une touche de paradis \u00e0 vos \u0153uvres. Imaginez des sc\u00e8nes de plage, des \u00eeles tropicales, des paysages ensoleill\u00e9s et estivaux, avec des cocotiers majestueux qui \u00e9voquent des vacances sous le soleil. Ce pochoir incarne l&#8217;essence de l&#8217;exotisme et du r\u00eave estival. Exclusivement con\u00e7u par notre \u00e9quipe d&#8217;artistes graphistes, vous ne retrouverez ce mod\u00e8le dans aucune autre boutique. Utilisable dans divers styles artistiques, que ce soit pour des cr\u00e9ations r\u00e9alistes, impressionnistes, abstraites ou\u00a0 pop art, ce pochoir vous permet de donner vie \u00e0 vos visions artistiques. Ajoutez des \u00e9l\u00e9ments tropicaux, paradisiaques et naturels \u00e0 vos peintures et illustrations avec ce pochoir unique. Que vous souhaitiez capturer la tranquillit\u00e9 d&#8217;une plage isol\u00e9e ou l&#8217;\u00e9nergie vibrante d&#8217;une sc\u00e8ne tropicale, ce pochoir est l&#8217;outil parfait pour tous les artistes.<\/p>","protected":false},"excerpt":{"rendered":"<p><span style=\"color: #34568b;\"><strong>\"\u00a1Crea magn\u00edficos paisajes tropicales!\"<\/strong><\/span><\/p>\n<p>Esta plantilla exclusiva se fabrica en nuestro taller de Francia.<br \/>\nElija el tama\u00f1o que desee entre las opciones disponibles.<\/p>","protected":false},"featured_media":14239,"comment_status":"open","ping_status":"closed","template":"","meta":{"bwfblock_default_font":"","_kad_blocks_custom_css":"","_kad_blocks_head_custom_js":"","_kad_blocks_body_custom_js":"","_kad_blocks_footer_custom_js":"","_kadence_starter_templates_imported_post":false,"_kad_post_transparent":"default","_kad_post_title":"","_kad_post_layout":"default","_kad_post_sidebar_id":"","_kad_post_content_style":"default","_kad_post_vertical_padding":"default","_kad_post_feature":"","_kad_post_feature_position":"","_kad_post_header":false,"_kad_post_footer":false,"_kad_post_classname":""},"product_brand":[1415],"product_cat":[369],"product_tag":[640,621,620,625,623,622,412,624,309,626,631,373],"class_list":{"0":"post-14318","1":"product","2":"type-product","3":"status-publish","4":"has-post-thumbnail","6":"product_brand-mes-pochoirs","7":"product_cat-pochoirs-nature","8":"product_tag-cocotier","9":"product_tag-ete","10":"product_tag-exotique","11":"product_tag-horizon","12":"product_tag-ile","13":"product_tag-littoral","14":"product_tag-palmier","15":"product_tag-paradisiaque","16":"product_tag-paysage","17":"product_tag-plage","18":"product_tag-sable","19":"product_tag-tropical","21":"first","22":"instock","23":"taxable","24":"shipping-taxable","25":"purchasable","26":"product-type-variable","27":"entry","28":"content-bg","29":"loop-entry"},"taxonomy_info":{"product_brand":[{"value":1415,"label":"Mes Pochoirs"}],"product_cat":[{"value":369,"label":"Nature"}],"product_tag":[{"value":640,"label":"cocotier"},{"value":621,"label":"\u00e9t\u00e9"},{"value":620,"label":"exotique"},{"value":625,"label":"horizon"},{"value":623,"label":"\u00eele"},{"value":622,"label":"littoral"},{"value":412,"label":"palmier"},{"value":624,"label":"paradisiaque"},{"value":309,"label":"paysage"},{"value":626,"label":"plage"},{"value":631,"label":"sable"},{"value":373,"label":"tropical"}]},"featured_image_src_large":["https:\/\/mes-pochoirs.com\/wp-content\/uploads\/2024\/05\/N0028-FR-pochoir-nature-palmier-7-10-mes-pochoirs-com--858x1030.jpg",858,1030,true],"author_info":[],"comment_info":2,"_links":{"self":[{"href":"https:\/\/mes-pochoirs.com\/es\/wp-json\/wp\/v2\/product\/14318","targetHints":{"allow":["GET"]}}],"collection":[{"href":"https:\/\/mes-pochoirs.com\/es\/wp-json\/wp\/v2\/product"}],"about":[{"href":"https:\/\/mes-pochoirs.com\/es\/wp-json\/wp\/v2\/types\/product"}],"replies":[{"embeddable":true,"href":"https:\/\/mes-pochoirs.com\/es\/wp-json\/wp\/v2\/comments?post=14318"}],"wp:featuredmedia":[{"embeddable":true,"href":"https:\/\/mes-pochoirs.com\/es\/wp-json\/wp\/v2\/media\/14239"}],"wp:attachment":[{"href":"https:\/\/mes-pochoirs.com\/es\/wp-json\/wp\/v2\/media?parent=14318"}],"wp:term":[{"taxonomy":"product_brand","embeddable":true,"href":"https:\/\/mes-pochoirs.com\/es\/wp-json\/wp\/v2\/product_brand?post=14318"},{"taxonomy":"product_cat","embeddable":true,"href":"https:\/\/mes-pochoirs.com\/es\/wp-json\/wp\/v2\/product_cat?post=14318"},{"taxonomy":"product_tag","embeddable":true,"href":"https:\/\/mes-pochoirs.com\/es\/wp-json\/wp\/v2\/product_tag?post=14318"}],"curies":[{"name":"wp","href":"https:\/\/api.w.org\/{rel}","templated":true}]}}