{"id":149,"date":"2021-04-30T08:59:45","date_gmt":"2021-04-30T08:59:45","guid":{"rendered":"https:\/\/mes-pochoirs.com\/?post_type=product&#038;p=149"},"modified":"2025-10-31T11:40:29","modified_gmt":"2025-10-31T10:40:29","slug":"plantilla-flor-f0002","status":"publish","type":"product","link":"https:\/\/mes-pochoirs.com\/es\/produit\/pochoir-fleur-f0002","title":{"rendered":"Plantilla de flores - F0002"},"content":{"rendered":"<h2>Plantilla de flores<\/h2>\n<h3>Una flor que brilla bajo tus pinceles<\/h3>\n<p><strong>Plantilla de flores<\/strong> En el centro de este deslumbrante motivo hay una flor estilizada, majestuosa y po\u00e9tica. Sus p\u00e9talos superpuestos evocan una flor floreciente, mientras que las delicadas gotas subrayan el movimiento org\u00e1nico de la composici\u00f3n. Esta plantilla expresa la belleza de la naturaleza, el \u00edmpetu vital de la vida, y le invita a crear con libertad, fluidez y luminosidad. Es perfecta para a\u00f1adir un toque floral \u00fanico a la decoraci\u00f3n de su hogar y transformar cada proyecto en un aut\u00e9ntico ramo visual. Es una herramienta de expresi\u00f3n e inspiraci\u00f3n, una aut\u00e9ntica invitaci\u00f3n a dejar florecer sus ideas sobre un lienzo, un mueble o una pared. En pocos gestos, transforma una superficie neutra en una decoraci\u00f3n mural viva y expresiva, aportando frescura, suavidad y armon\u00eda. Este motivo floral se convierte en un catalizador de la creatividad, ideal para aficionados a la pintura, artistas, decoradores o amantes del bricolaje que deseen crear obras de arte sensibles, elegantes y personalizadas.<\/p>\n<h3>Un estilo natural y art\u00edstico<\/h3>\n<p><strong>Plantilla de flores<\/strong> Este dise\u00f1o se basa en un estilo floral estilizado, que combina la decoraci\u00f3n tradicional con gr\u00e1ficos modernos. Se inspira en rosetas de plantas, mandalas naturales y ornamentos florales, conservando una interpretaci\u00f3n visual pura. Su simetr\u00eda equilibrada le confiere una elegancia atemporal, mientras que sus l\u00edneas en forma de gota crean un movimiento fluido y contempor\u00e1neo. Es ideal para enriquecer sus creaciones art\u00edsticas o sus proyectos de dise\u00f1o. <strong>decoraci\u00f3n mural<\/strong> con delicadeza y personalidad. Esta plantilla se adapta con gracia a una gran variedad de estilos decorativos: zen, bohemio, rom\u00e1ntico o gr\u00e1fico. Este estilo h\u00edbrido atraer\u00e1 tanto a los entusiastas del dise\u00f1o de interiores como a los artistas que buscan motivos sutiles pero impactantes. Reutilizable, reversible, disponible en varios tama\u00f1os y cortada con precisi\u00f3n, esta plantilla de alta calidad se convierte en una fiel compa\u00f1era en todas sus exploraciones creativas. Realza cada espacio, cada obra de arte, con una firma floral original y delicadamente expresiva.<\/p>","protected":false},"excerpt":{"rendered":"<p><strong data-start=\"1705\" data-end=\"1722\">Plantilla de flores<\/strong> para embellecer su obra de arte o su pared con delicadeza. De gran calidad, disponibles en varios tama\u00f1os, reutilizables y art\u00edsticos.<\/p>","protected":false},"featured_media":159,"comment_status":"open","ping_status":"closed","template":"","meta":{"bwfblock_default_font":"","_kad_blocks_custom_css":"","_kad_blocks_head_custom_js":"","_kad_blocks_body_custom_js":"","_kad_blocks_footer_custom_js":"","_kadence_starter_templates_imported_post":false,"_kad_post_transparent":"default","_kad_post_title":"","_kad_post_layout":"default","_kad_post_sidebar_id":"","_kad_post_content_style":"default","_kad_post_vertical_padding":"default","_kad_post_feature":"","_kad_post_feature_position":"","_kad_post_header":false,"_kad_post_footer":false,"_kad_post_classname":""},"product_brand":[1415],"product_cat":[51],"product_tag":[1364,567,227,50,1360,1363,1361,763,1362,955,1337,1256],"class_list":{"0":"post-149","1":"product","2":"type-product","3":"status-publish","4":"has-post-thumbnail","6":"product_brand-mes-pochoirs","7":"product_cat-pochoirs-fleurs","8":"product_tag-boheme","9":"product_tag-decoration","10":"product_tag-faience","11":"product_tag-fleur","12":"product_tag-maison","13":"product_tag-mandalas-naturels","14":"product_tag-modernite","15":"product_tag-romantique","16":"product_tag-rosaces","17":"product_tag-tradition","18":"product_tag-vegetal","19":"product_tag-zen","21":"first","22":"instock","23":"taxable","24":"shipping-taxable","25":"purchasable","26":"product-type-variable","27":"has-default-attributes","28":"entry","29":"content-bg","30":"loop-entry"},"taxonomy_info":{"product_brand":[{"value":1415,"label":"Mes Pochoirs"}],"product_cat":[{"value":51,"label":"Fleurs"}],"product_tag":[{"value":1364,"label":"boh\u00e8me"},{"value":567,"label":"decoration"},{"value":227,"label":"fa\u00efence"},{"value":50,"label":"fleur"},{"value":1360,"label":"maison"},{"value":1363,"label":"mandalas naturels"},{"value":1361,"label":"modernit\u00e9"},{"value":763,"label":"romantique"},{"value":1362,"label":"rosaces"},{"value":955,"label":"tradition"},{"value":1337,"label":"v\u00e9g\u00e9tal"},{"value":1256,"label":"zen"}]},"featured_image_src_large":["https:\/\/mes-pochoirs.com\/wp-content\/uploads\/2021\/04\/F0002-mes-pochoirs-com-858x1030.jpg",858,1030,true],"author_info":[],"comment_info":0,"_links":{"self":[{"href":"https:\/\/mes-pochoirs.com\/es\/wp-json\/wp\/v2\/product\/149","targetHints":{"allow":["GET"]}}],"collection":[{"href":"https:\/\/mes-pochoirs.com\/es\/wp-json\/wp\/v2\/product"}],"about":[{"href":"https:\/\/mes-pochoirs.com\/es\/wp-json\/wp\/v2\/types\/product"}],"replies":[{"embeddable":true,"href":"https:\/\/mes-pochoirs.com\/es\/wp-json\/wp\/v2\/comments?post=149"}],"wp:featuredmedia":[{"embeddable":true,"href":"https:\/\/mes-pochoirs.com\/es\/wp-json\/wp\/v2\/media\/159"}],"wp:attachment":[{"href":"https:\/\/mes-pochoirs.com\/es\/wp-json\/wp\/v2\/media?parent=149"}],"wp:term":[{"taxonomy":"product_brand","embeddable":true,"href":"https:\/\/mes-pochoirs.com\/es\/wp-json\/wp\/v2\/product_brand?post=149"},{"taxonomy":"product_cat","embeddable":true,"href":"https:\/\/mes-pochoirs.com\/es\/wp-json\/wp\/v2\/product_cat?post=149"},{"taxonomy":"product_tag","embeddable":true,"href":"https:\/\/mes-pochoirs.com\/es\/wp-json\/wp\/v2\/product_tag?post=149"}],"curies":[{"name":"wp","href":"https:\/\/api.w.org\/{rel}","templated":true}]}}