{"id":15168,"date":"2024-07-16T16:01:07","date_gmt":"2024-07-16T14:01:07","guid":{"rendered":"https:\/\/mes-pochoirs.com\/?post_type=product&#038;p=15168"},"modified":"2025-10-31T12:09:12","modified_gmt":"2025-10-31T11:09:12","slug":"calavera-stencil-mexican-skull-s0024","status":"publish","type":"product","link":"https:\/\/mes-pochoirs.com\/es\/produit\/pochoir-calavera-tete-de-mort-mexicaine-s0024","title":{"rendered":"Plantilla Calavera Mexicana - S0024"},"content":{"rendered":"<h2>Plantilla Mexicana Calavera<\/h2>\n<h3>Un s\u00edmbolo rico en significado<\/h3>\n<p>Le Pochoir calavera t\u00eate de mort mexicaine incarne une tradition culturelle profonde et significative. Ce pochoir, issu de notre cat\u00e9gorie symbole, capture l\u2019essence m\u00eame du &#8220;D\u00eda de los Muertos&#8221; (Jour des Morts) au Mexique. Ce jour de c\u00e9l\u00e9bration honore les d\u00e9funts et c\u00e9l\u00e8bre la continuit\u00e9 de la vie avec des motifs color\u00e9s et festifs. La calavera, ou cr\u00e2ne mexicain, est un symbole puissant de cette f\u00eate, rappelant que la mort n\u2019est pas une fin mais une partie int\u00e9grante de l\u2019existence. Ce pochoir t\u00eate de mort mexicaine est une v\u00e9ritable \u0153uvre d&#8217;art con\u00e7ue pour ajouter une touche de mysticisme et de profondeur culturelle \u00e0 vos cr\u00e9ations. Gr\u00e2ce \u00e0 son design unique et exclusif, imagin\u00e9 et cr\u00e9\u00e9 par notre \u00e9quipe, il est id\u00e9al pour ceux qui cherchent \u00e0 int\u00e9grer des symboles significatifs dans leurs \u0153uvres.<\/p>\n<h4>Una variedad de creaciones art\u00edsticas<\/h4>\n<p>La plantilla de calavera mexicana est\u00e1 dise\u00f1ada para artistas que desean a\u00f1adir un toque \u00fanico y aut\u00e9ntico a sus proyectos. Tanto si es pintor, decorador de interiores o artesano, esta plantilla le ofrece multitud de posibilidades creativas. Util\u00edcela para decorar paredes, lienzos, papel, madera o incluso tejidos. La riqueza de su dise\u00f1o permite crear obras que cautivan e inspiran. Los artistas pueden utilizar esta plantilla para creaciones que van desde impresionantes murales de pared hasta obras de arte m\u00e1s peque\u00f1as y detalladas. Esta colecci\u00f3n es perfecta para quienes desean a\u00f1adir un toque de misticismo y cultura a sus obras, al tiempo que se benefician de un dise\u00f1o cuidadosamente elaborado para garantizar unos resultados excepcionales. \u00a0<\/p>","protected":false},"excerpt":{"rendered":"<p>La plantilla Calavera mexicana, con su dise\u00f1o \u00fanico y exclusivo, permite a los artistas incorporar el rico s\u00edmbolo cultural de la calavera mexicana en sus creaciones sobre diversos soportes.<\/p>","protected":false},"featured_media":15166,"comment_status":"open","ping_status":"closed","template":"","meta":{"bwfblock_default_font":"","_kad_blocks_custom_css":"","_kad_blocks_head_custom_js":"","_kad_blocks_body_custom_js":"","_kad_blocks_footer_custom_js":"","_kadence_starter_templates_imported_post":false,"_kad_post_transparent":"default","_kad_post_title":"","_kad_post_layout":"default","_kad_post_sidebar_id":"","_kad_post_content_style":"default","_kad_post_vertical_padding":"default","_kad_post_feature":"","_kad_post_feature_position":"","_kad_post_header":false,"_kad_post_footer":false,"_kad_post_classname":""},"product_brand":[1415],"product_cat":[315],"product_tag":[671,669,681,670,324,500,682],"class_list":{"0":"post-15168","1":"product","2":"type-product","3":"status-publish","4":"has-post-thumbnail","6":"product_brand-mes-pochoirs","7":"product_cat-pochoirs-symboles","8":"product_tag-calavera","9":"product_tag-crane","10":"product_tag-fete","11":"product_tag-mexicain","12":"product_tag-symbole","13":"product_tag-tete","14":"product_tag-tete-de-mort","16":"first","17":"instock","18":"taxable","19":"shipping-taxable","20":"purchasable","21":"product-type-variable","22":"has-default-attributes","23":"entry","24":"content-bg","25":"loop-entry"},"taxonomy_info":{"product_brand":[{"value":1415,"label":"Mes Pochoirs"}],"product_cat":[{"value":315,"label":"Symboles"}],"product_tag":[{"value":671,"label":"calavera"},{"value":669,"label":"crane"},{"value":681,"label":"f\u00eate"},{"value":670,"label":"mexicain"},{"value":324,"label":"symbole"},{"value":500,"label":"t\u00eate"},{"value":682,"label":"t\u00eate de mort"}]},"featured_image_src_large":["https:\/\/mes-pochoirs.com\/wp-content\/uploads\/2024\/07\/S0024-FR-pochoir-symbole-crane-mexicain-1-1-copyright-mes-pochoirs-com--858x1030.jpg",858,1030,true],"author_info":[],"comment_info":2,"_links":{"self":[{"href":"https:\/\/mes-pochoirs.com\/es\/wp-json\/wp\/v2\/product\/15168","targetHints":{"allow":["GET"]}}],"collection":[{"href":"https:\/\/mes-pochoirs.com\/es\/wp-json\/wp\/v2\/product"}],"about":[{"href":"https:\/\/mes-pochoirs.com\/es\/wp-json\/wp\/v2\/types\/product"}],"replies":[{"embeddable":true,"href":"https:\/\/mes-pochoirs.com\/es\/wp-json\/wp\/v2\/comments?post=15168"}],"wp:featuredmedia":[{"embeddable":true,"href":"https:\/\/mes-pochoirs.com\/es\/wp-json\/wp\/v2\/media\/15166"}],"wp:attachment":[{"href":"https:\/\/mes-pochoirs.com\/es\/wp-json\/wp\/v2\/media?parent=15168"}],"wp:term":[{"taxonomy":"product_brand","embeddable":true,"href":"https:\/\/mes-pochoirs.com\/es\/wp-json\/wp\/v2\/product_brand?post=15168"},{"taxonomy":"product_cat","embeddable":true,"href":"https:\/\/mes-pochoirs.com\/es\/wp-json\/wp\/v2\/product_cat?post=15168"},{"taxonomy":"product_tag","embeddable":true,"href":"https:\/\/mes-pochoirs.com\/es\/wp-json\/wp\/v2\/product_tag?post=15168"}],"curies":[{"name":"wp","href":"https:\/\/api.w.org\/{rel}","templated":true}]}}