{"id":15261,"date":"2024-07-26T08:05:34","date_gmt":"2024-07-26T06:05:34","guid":{"rendered":"https:\/\/mes-pochoirs.com\/?post_type=product&#038;p=15261"},"modified":"2025-10-31T12:09:25","modified_gmt":"2025-10-31T11:09:25","slug":"plantilla-rostro-femenino-exp006","status":"publish","type":"product","link":"https:\/\/mes-pochoirs.com\/es\/produit\/pochoir-visage-feminin-exp006","title":{"rendered":"Plantilla Retrato Explosivo \"Jyn\" - EXP006"},"content":{"rendered":"<h3>Sum\u00e9rjase en la esencia de la colecci\u00f3n \"Explosive Portraits<\/h3>\n<p>La plantilla de rostro femenino de nuestra colecci\u00f3n \"Explosive Portraits\" es una obra de arte \u00fanica y cautivadora. Esta plantilla, que representa el retrato de una mujer en primer plano, encarna a la perfecci\u00f3n la esencia de la belleza femenina a trav\u00e9s de una interpretaci\u00f3n contempor\u00e1nea. Dise\u00f1ada para llamar la atenci\u00f3n, es ideal para los artistas que deseen a\u00f1adir un toque de glamour y sofisticaci\u00f3n a sus creaciones. El rostro femenino, tratado de forma art\u00edstica y abstracta, ofrece multitud de posibilidades creativas gracias a su dise\u00f1o moderno y colorista. Cada detalle ha sido cuidadosamente pensado para captar la elegancia y la gracia, al tiempo que permite la m\u00e1xima flexibilidad en el uso del color y la textura. Con esta plantilla, podr\u00e1 incorporar f\u00e1cilmente elementos pintados a cuchillo, tonos vivos y fuertes contrastes, resaltando el car\u00e1cter din\u00e1mico y expresivo de su obra.<\/p>\n<h3>Estilo contempor\u00e1neo para obras de arte modernas<\/h3>\n<p>La colecci\u00f3n \"Explosive Portraits\" se distingue por su estilo contempor\u00e1neo \u00fanico, que combina elementos del arte moderno y abstracto. Esta plantilla de rostro femenino no es una excepci\u00f3n, ya que ofrece un dise\u00f1o atrevido a la par que refinado. La modernidad de este modelo reside en sus l\u00edneas limpias y en el uso inventivo del color, creando una obra a la vez vibrante y armoniosa. El enfoque art\u00edstico adoptado aqu\u00ed nos permite jugar con texturas y formas, ofreciendo una libertad creativa sin precedentes. Cada plantilla de esta colecci\u00f3n ha sido imaginada y creada por nuestro equipo de talentosos artistas, lo que garantiza una exclusividad y originalidad inigualables. Esta colecci\u00f3n ha sido especialmente dise\u00f1ada para aquellos que buscan aportar una nueva y glamurosa dimensi\u00f3n a su trabajo, incorporando elementos visuales fuertes y cautivadores. Tanto si es un principiante como un artista experimentado, esta plantilla le permitir\u00e1 transformar sus ideas en verdaderas obras maestras contempor\u00e1neas.<\/p>","protected":false},"excerpt":{"rendered":"<p>La plantilla de rostro femenino de la colecci\u00f3n \"Explosive Portraits\" ofrece un dise\u00f1o contempor\u00e1neo \u00fanico y colorido, perfecto para a\u00f1adir un toque de glamour y modernidad a sus creaciones art\u00edsticas.<\/p>","protected":false},"featured_media":15237,"comment_status":"open","ping_status":"closed","template":"","meta":{"bwfblock_default_font":"","_kad_blocks_custom_css":"","_kad_blocks_head_custom_js":"","_kad_blocks_body_custom_js":"","_kad_blocks_footer_custom_js":"","_kadence_starter_templates_imported_post":false,"_kad_post_transparent":"default","_kad_post_title":"","_kad_post_layout":"default","_kad_post_sidebar_id":"","_kad_post_content_style":"default","_kad_post_vertical_padding":"default","_kad_post_feature":"","_kad_post_feature_position":"","_kad_post_header":false,"_kad_post_footer":false,"_kad_post_classname":""},"product_brand":[1415],"product_cat":[659,481,36],"product_tag":[694,686,677,689,612,687,696,608,359,675,695,467,390,693,338],"class_list":{"0":"post-15261","1":"product","2":"type-product","3":"status-publish","4":"has-post-thumbnail","6":"product_brand-mes-pochoirs","7":"product_cat-explosive-portraits","8":"product_cat-collections","9":"product_cat-pochoirs-portraits-visages","10":"product_tag-abstrait","11":"product_tag-acrylique","12":"product_tag-art-abstrait","13":"product_tag-artistique","14":"product_tag-colore","15":"product_tag-couteau-a-palette","16":"product_tag-couteau-a-peindre","17":"product_tag-feminin","18":"product_tag-femme","19":"product_tag-moderne","20":"product_tag-oeuvre-dart","21":"product_tag-peinture","22":"product_tag-portrait","23":"product_tag-style-contemporain","24":"product_tag-visage","26":"first","27":"instock","28":"taxable","29":"shipping-taxable","30":"purchasable","31":"product-type-variable","32":"entry","33":"content-bg","34":"loop-entry"},"taxonomy_info":{"product_brand":[{"value":1415,"label":"Mes Pochoirs"}],"product_cat":[{"value":659,"label":"Explosive Portraits"},{"value":481,"label":"Collections"},{"value":36,"label":"Portraits &amp; Visages"}],"product_tag":[{"value":694,"label":"abstrait"},{"value":686,"label":"acrylique"},{"value":677,"label":"art abstrait"},{"value":689,"label":"artistique"},{"value":612,"label":"color\u00e9"},{"value":687,"label":"couteau a palette"},{"value":696,"label":"couteau \u00e0 peindre"},{"value":608,"label":"feminin"},{"value":359,"label":"femme"},{"value":675,"label":"moderne"},{"value":695,"label":"\u0153uvre d'art"},{"value":467,"label":"peinture"},{"value":390,"label":"portrait"},{"value":693,"label":"style contemporain"},{"value":338,"label":"visage"}]},"featured_image_src_large":["https:\/\/mes-pochoirs.com\/wp-content\/uploads\/2024\/07\/EXP006-FR-pochoir-collection-explosive-portraits-4-5-copyright-mes-pochoirs-com--858x1030.jpg",858,1030,true],"author_info":[],"comment_info":0,"_links":{"self":[{"href":"https:\/\/mes-pochoirs.com\/es\/wp-json\/wp\/v2\/product\/15261","targetHints":{"allow":["GET"]}}],"collection":[{"href":"https:\/\/mes-pochoirs.com\/es\/wp-json\/wp\/v2\/product"}],"about":[{"href":"https:\/\/mes-pochoirs.com\/es\/wp-json\/wp\/v2\/types\/product"}],"replies":[{"embeddable":true,"href":"https:\/\/mes-pochoirs.com\/es\/wp-json\/wp\/v2\/comments?post=15261"}],"wp:featuredmedia":[{"embeddable":true,"href":"https:\/\/mes-pochoirs.com\/es\/wp-json\/wp\/v2\/media\/15237"}],"wp:attachment":[{"href":"https:\/\/mes-pochoirs.com\/es\/wp-json\/wp\/v2\/media?parent=15261"}],"wp:term":[{"taxonomy":"product_brand","embeddable":true,"href":"https:\/\/mes-pochoirs.com\/es\/wp-json\/wp\/v2\/product_brand?post=15261"},{"taxonomy":"product_cat","embeddable":true,"href":"https:\/\/mes-pochoirs.com\/es\/wp-json\/wp\/v2\/product_cat?post=15261"},{"taxonomy":"product_tag","embeddable":true,"href":"https:\/\/mes-pochoirs.com\/es\/wp-json\/wp\/v2\/product_tag?post=15261"}],"curies":[{"name":"wp","href":"https:\/\/api.w.org\/{rel}","templated":true}]}}