{"id":15272,"date":"2024-07-26T08:05:34","date_gmt":"2024-07-26T06:05:34","guid":{"rendered":"https:\/\/mes-pochoirs.com\/?post_type=product&#038;p=15272"},"modified":"2025-10-31T12:09:27","modified_gmt":"2025-10-31T11:09:27","slug":"plantilla-retrato-expresivo-exp007","status":"publish","type":"product","link":"https:\/\/mes-pochoirs.com\/es\/produit\/pochoir-portrait-expressif-exp007","title":{"rendered":"Lyra\" Retrato Explosivo Plantilla - EXP007"},"content":{"rendered":"<h2>Una obra de arte expresiva y \u00fanica<\/h2>\n<h3>Est\u00e9ncil retrato expresivo<\/h3>\n<p>Esta plantilla de primer plano representa el rostro de una mujer con una intensidad cautivadora. Parte de nuestra prestigiosa colecci\u00f3n \"Explosive Portraits\", este dise\u00f1o contempor\u00e1neo capta la esencia de una mirada profunda y misteriosa. El retrato, meticulosamente detallado, resalta los rasgos finos y las emociones sutiles de la mujer, creando una conexi\u00f3n instant\u00e1nea con el espectador. Esta plantilla no es una simple herramienta creativa, sino una verdadera obra de arte que transforma cada lienzo en una obra maestra \u00fanica. Dise\u00f1ada para inspirar e impresionar, es perfecta para los artistas que buscan a\u00f1adir un toque de sofisticaci\u00f3n y glamour a sus creaciones.<\/p>\n<h3>Estilo contempor\u00e1neo y vibrante<\/h3>\n<p>Esta plantilla \u00fanica se distingue por su estilo contempor\u00e1neo, que combina elementos del arte abstracto y moderno con una explosi\u00f3n de color. Utilizando t\u00e9cnicas de pintura a cuchillo, crea ricas texturas y contrastes din\u00e1micos que cautivan la vista. El colorido y art\u00edstico dise\u00f1o de este modelo est\u00e1 pensado para adaptarse a una gran variedad de proyectos, desde lienzos hasta paredes y textiles. Cada trazo de esta plantilla ha sido cuidadosamente elaborado por nuestro equipo, garantizando exclusividad y calidad superior. La colecci\u00f3n \"Explosive Portraits\" est\u00e1 especialmente dise\u00f1ada para artistas que desean expresar su creatividad a trav\u00e9s de obras vibrantes y expresivas, a\u00f1adiendo una dimensi\u00f3n de glamour y modernidad a su portafolio.<\/p>","protected":false},"excerpt":{"rendered":"<p>Esta expresiva plantilla de la colecci\u00f3n \"Explosive Portraits\" ofrece un retrato contempor\u00e1neo y colorido de una mujer en primer plano, dise\u00f1ado para a\u00f1adir un toque de glamour y modernidad a sus obras de arte.<\/p>","protected":false},"featured_media":15283,"comment_status":"open","ping_status":"closed","template":"","meta":{"bwfblock_default_font":"","_kad_blocks_custom_css":"","_kad_blocks_head_custom_js":"","_kad_blocks_body_custom_js":"","_kad_blocks_footer_custom_js":"","_kadence_starter_templates_imported_post":false,"_kad_post_transparent":"default","_kad_post_title":"","_kad_post_layout":"default","_kad_post_sidebar_id":"","_kad_post_content_style":"default","_kad_post_vertical_padding":"default","_kad_post_feature":"","_kad_post_feature_position":"","_kad_post_header":false,"_kad_post_footer":false,"_kad_post_classname":""},"product_brand":[1415],"product_cat":[659,481,36],"product_tag":[694,686,677,689,612,687,696,608,359,675,695,467,390,693,338],"class_list":{"0":"post-15272","1":"product","2":"type-product","3":"status-publish","4":"has-post-thumbnail","6":"product_brand-mes-pochoirs","7":"product_cat-explosive-portraits","8":"product_cat-collections","9":"product_cat-pochoirs-portraits-visages","10":"product_tag-abstrait","11":"product_tag-acrylique","12":"product_tag-art-abstrait","13":"product_tag-artistique","14":"product_tag-colore","15":"product_tag-couteau-a-palette","16":"product_tag-couteau-a-peindre","17":"product_tag-feminin","18":"product_tag-femme","19":"product_tag-moderne","20":"product_tag-oeuvre-dart","21":"product_tag-peinture","22":"product_tag-portrait","23":"product_tag-style-contemporain","24":"product_tag-visage","26":"first","27":"instock","28":"taxable","29":"shipping-taxable","30":"purchasable","31":"product-type-variable","32":"entry","33":"content-bg","34":"loop-entry"},"taxonomy_info":{"product_brand":[{"value":1415,"label":"Mes Pochoirs"}],"product_cat":[{"value":659,"label":"Explosive Portraits"},{"value":481,"label":"Collections"},{"value":36,"label":"Portraits &amp; Visages"}],"product_tag":[{"value":694,"label":"abstrait"},{"value":686,"label":"acrylique"},{"value":677,"label":"art abstrait"},{"value":689,"label":"artistique"},{"value":612,"label":"color\u00e9"},{"value":687,"label":"couteau a palette"},{"value":696,"label":"couteau \u00e0 peindre"},{"value":608,"label":"feminin"},{"value":359,"label":"femme"},{"value":675,"label":"moderne"},{"value":695,"label":"\u0153uvre d'art"},{"value":467,"label":"peinture"},{"value":390,"label":"portrait"},{"value":693,"label":"style contemporain"},{"value":338,"label":"visage"}]},"featured_image_src_large":["https:\/\/mes-pochoirs.com\/wp-content\/uploads\/2024\/07\/EXP007-FR-pochoir-collection-explosive-portraits-4-5-copyright-mes-pochoirs-com--858x1030.jpg",858,1030,true],"author_info":[],"comment_info":0,"_links":{"self":[{"href":"https:\/\/mes-pochoirs.com\/es\/wp-json\/wp\/v2\/product\/15272","targetHints":{"allow":["GET"]}}],"collection":[{"href":"https:\/\/mes-pochoirs.com\/es\/wp-json\/wp\/v2\/product"}],"about":[{"href":"https:\/\/mes-pochoirs.com\/es\/wp-json\/wp\/v2\/types\/product"}],"replies":[{"embeddable":true,"href":"https:\/\/mes-pochoirs.com\/es\/wp-json\/wp\/v2\/comments?post=15272"}],"wp:featuredmedia":[{"embeddable":true,"href":"https:\/\/mes-pochoirs.com\/es\/wp-json\/wp\/v2\/media\/15283"}],"wp:attachment":[{"href":"https:\/\/mes-pochoirs.com\/es\/wp-json\/wp\/v2\/media?parent=15272"}],"wp:term":[{"taxonomy":"product_brand","embeddable":true,"href":"https:\/\/mes-pochoirs.com\/es\/wp-json\/wp\/v2\/product_brand?post=15272"},{"taxonomy":"product_cat","embeddable":true,"href":"https:\/\/mes-pochoirs.com\/es\/wp-json\/wp\/v2\/product_cat?post=15272"},{"taxonomy":"product_tag","embeddable":true,"href":"https:\/\/mes-pochoirs.com\/es\/wp-json\/wp\/v2\/product_tag?post=15272"}],"curies":[{"name":"wp","href":"https:\/\/api.w.org\/{rel}","templated":true}]}}