{"id":15719,"date":"2024-08-07T13:31:39","date_gmt":"2024-08-07T11:31:39","guid":{"rendered":"https:\/\/mes-pochoirs.com\/?post_type=product&#038;p=15719"},"modified":"2025-10-31T12:10:40","modified_gmt":"2025-10-31T11:10:40","slug":"plantilla-futbolista-sp0002","status":"publish","type":"product","link":"https:\/\/mes-pochoirs.com\/es\/produit\/pochoir-footballeur-sp0002","title":{"rendered":"Plantilla de f\u00fatbol - SP0002"},"content":{"rendered":"<h2>Plantilla de f\u00fatbol<\/h2>\n<h3>La esencia del juego<\/h3>\n<p>La plantilla de futbolista encarna el dinamismo y la pasi\u00f3n del deporte m\u00e1s popular del mundo. Representando a un jugador de f\u00fatbol en acci\u00f3n, esta plantilla capta la energ\u00eda y la elegancia de un atleta manejando un bal\u00f3n. Dise\u00f1ada para los aficionados al deporte y los artistas que desean a\u00f1adir una dimensi\u00f3n deportiva a sus obras, esta plantilla es un homenaje al mundo del f\u00fatbol. Es m\u00e1s que una herramienta art\u00edstica: es un s\u00edmbolo del compromiso y la disciplina que representa el deporte. Al a\u00f1adir esta plantilla a su colecci\u00f3n, podr\u00e1 transformar cualquier espacio en un santuario deportivo, celebrando los elegantes movimientos y la estrategia del juego. Nuestros modelos exclusivos han sido cuidadosamente creados por nuestro equipo de dise\u00f1o, garantizando un dise\u00f1o \u00fanico que sin duda llamar\u00e1 la atenci\u00f3n.<\/p>\n<h3>\u00a0El arte del deporte<\/h3>\n<p>Esta plantilla forma parte de nuestra colecci\u00f3n de deportes, una serie especialmente dise\u00f1ada para artistas en busca de nueva inspiraci\u00f3n. El estilo de esta plantilla se centra especialmente en captar el movimiento y el momento. Con l\u00edneas fluidas y detalles cuidadosamente pensados, cada plantilla ofrece una perspectiva \u00fanica del mundo del deporte. Tanto si eres un artista profesional que busca realzar sus creaciones como un aficionado deseoso de decorar sus espacios vitales, esta plantilla te ofrece multitud de posibilidades creativas. Aporta un toque din\u00e1mico y contempor\u00e1neo a sus obras, gracias a un dise\u00f1o que combina modernidad y tradici\u00f3n deportiva. Nuestras plantillas son ideales para hacer realidad sus ideas, a la vez que le dan la libertad de explorar diferentes estilos art\u00edsticos.<\/p>","protected":false},"excerpt":{"rendered":"<p>Plantilla de futbolista: a\u00f1ada un toque din\u00e1mico a sus obras de arte con este dise\u00f1o \u00fanico, que celebra la energ\u00eda y la elegancia del f\u00fatbol.<\/p>","protected":false},"featured_media":15692,"comment_status":"open","ping_status":"closed","template":"","meta":{"bwfblock_default_font":"","_kad_blocks_custom_css":"","_kad_blocks_head_custom_js":"","_kad_blocks_body_custom_js":"","_kad_blocks_footer_custom_js":"","_kadence_starter_templates_imported_post":false,"_kad_post_transparent":"default","_kad_post_title":"","_kad_post_layout":"default","_kad_post_sidebar_id":"","_kad_post_content_style":"default","_kad_post_vertical_padding":"default","_kad_post_feature":"","_kad_post_feature_position":"","_kad_post_header":false,"_kad_post_footer":false,"_kad_post_classname":""},"product_brand":[1415],"product_cat":[707],"product_tag":[716,718,719,720,712,713],"class_list":{"0":"post-15719","1":"product","2":"type-product","3":"status-publish","4":"has-post-thumbnail","6":"product_brand-mes-pochoirs","7":"product_cat-pochoirs-sports","8":"product_tag-ballon","9":"product_tag-foot","10":"product_tag-footballeur","11":"product_tag-jeu","12":"product_tag-sport","13":"product_tag-sportif","15":"first","16":"instock","17":"taxable","18":"shipping-taxable","19":"purchasable","20":"product-type-variable","21":"has-default-attributes","22":"entry","23":"content-bg","24":"loop-entry"},"taxonomy_info":{"product_brand":[{"value":1415,"label":"Mes Pochoirs"}],"product_cat":[{"value":707,"label":"Sports"}],"product_tag":[{"value":716,"label":"ballon"},{"value":718,"label":"foot"},{"value":719,"label":"footballeur"},{"value":720,"label":"jeu"},{"value":712,"label":"sport"},{"value":713,"label":"sportif"}]},"featured_image_src_large":["https:\/\/mes-pochoirs.com\/wp-content\/uploads\/2024\/08\/SP0002-FR-pochoir-sport-footballeur-1-1-copyright-mes-pochoirs-com--858x1030.jpg",858,1030,true],"author_info":[],"comment_info":0,"_links":{"self":[{"href":"https:\/\/mes-pochoirs.com\/es\/wp-json\/wp\/v2\/product\/15719","targetHints":{"allow":["GET"]}}],"collection":[{"href":"https:\/\/mes-pochoirs.com\/es\/wp-json\/wp\/v2\/product"}],"about":[{"href":"https:\/\/mes-pochoirs.com\/es\/wp-json\/wp\/v2\/types\/product"}],"replies":[{"embeddable":true,"href":"https:\/\/mes-pochoirs.com\/es\/wp-json\/wp\/v2\/comments?post=15719"}],"wp:featuredmedia":[{"embeddable":true,"href":"https:\/\/mes-pochoirs.com\/es\/wp-json\/wp\/v2\/media\/15692"}],"wp:attachment":[{"href":"https:\/\/mes-pochoirs.com\/es\/wp-json\/wp\/v2\/media?parent=15719"}],"wp:term":[{"taxonomy":"product_brand","embeddable":true,"href":"https:\/\/mes-pochoirs.com\/es\/wp-json\/wp\/v2\/product_brand?post=15719"},{"taxonomy":"product_cat","embeddable":true,"href":"https:\/\/mes-pochoirs.com\/es\/wp-json\/wp\/v2\/product_cat?post=15719"},{"taxonomy":"product_tag","embeddable":true,"href":"https:\/\/mes-pochoirs.com\/es\/wp-json\/wp\/v2\/product_tag?post=15719"}],"curies":[{"name":"wp","href":"https:\/\/api.w.org\/{rel}","templated":true}]}}