{"id":15770,"date":"2024-08-08T11:00:48","date_gmt":"2024-08-08T09:00:48","guid":{"rendered":"https:\/\/mes-pochoirs.com\/?post_type=product&#038;p=15770"},"modified":"2026-03-16T15:26:23","modified_gmt":"2026-03-16T14:26:23","slug":"golden-retriever-plantilla-a0018","status":"publish","type":"product","link":"https:\/\/mes-pochoirs.com\/es\/produit\/pochoir-golden-retriever-a0018","title":{"rendered":"Plantilla Golden Retriever - A0018"},"content":{"rendered":"<h2>Una mascota excepcional<\/h2>\n<h3>S\u00edmbolo de lealtad y amor<\/h3>\n<p>Le pochoir Golden Retriever est un v\u00e9ritable hommage \u00e0 l&#8217;une des races de chiens les plus appr\u00e9ci\u00e9es au monde. Ce pochoir repr\u00e9sente un chien de race golden retriever, c\u00e9l\u00e8bre pour sa fid\u00e9lit\u00e9, sa douceur et son intelligence. Appartenant \u00e0 notre cat\u00e9gorie d\u00e9di\u00e9e aux animaux, ce pochoir capture l&#8217;essence de ces animaux de compagnie exceptionnels. Chaque d\u00e9tail du design refl\u00e8te l&#8217;affection et la noblesse de cette race de chien. Le golden retriever est souvent associ\u00e9 \u00e0 des valeurs de loyaut\u00e9 et de bonheur familial, et ce pochoir permet de transposer ces qualit\u00e9s sur n&#8217;importe quel support artistique. Avec un design unique et exclusif, imagin\u00e9 et cr\u00e9\u00e9 par notre \u00e9quipe, ce mod\u00e8le de pochoir chien est parfait pour tous ceux qui souhaitent introduire une touche animale dans leurs \u0153uvres.<\/p>\n<h3>Dise\u00f1o vers\u00e1til para todas sus creaciones<\/h3>\n<p>La beaut\u00e9 du pochoir Golden Retriever r\u00e9side non seulement dans sa repr\u00e9sentation fid\u00e8le de l&#8217;animal, mais aussi dans sa capacit\u00e9 \u00e0 s&#8217;adapter \u00e0 divers styles de cr\u00e9ations. Que vous soyez artiste professionnel ou amateur, ce pochoir vous offre une infinit\u00e9 de possibilit\u00e9s. Utilisez-le pour des \u0153uvres murales impressionnantes, pour ajouter des d\u00e9tails \u00e0 des toiles, ou encore pour d\u00e9corer des objets en bois ou des textiles. La polyvalence de ce pochoir vous permet de l&#8217;appliquer avec diverses techniques telles que la peinture au pinceau, l&#8217;acrylique, l&#8217;aquarelle, la peinture en spray ou m\u00eame le couteau \u00e0 peindre. C&#8217;est l&#8217;outil id\u00e9al pour ceux qui cherchent \u00e0 exprimer leur amour des animaux et \u00e0 enrichir leurs cr\u00e9ations avec des \u00e9l\u00e9ments naturels et vivants.<\/p>","protected":false},"excerpt":{"rendered":"<p>La plantilla Golden Retriever es perfecta para decorar cualquier superficie con una imagen fiel y enternecedora de este perro cari\u00f1oso y leal.<\/p>","protected":false},"featured_media":15753,"comment_status":"open","ping_status":"closed","template":"","meta":{"bwfblock_default_font":"","_kad_blocks_custom_css":"","_kad_blocks_head_custom_js":"","_kad_blocks_body_custom_js":"","_kad_blocks_footer_custom_js":"","_kadence_starter_templates_imported_post":false,"_kad_post_transparent":"default","_kad_post_title":"","_kad_post_layout":"default","_kad_post_sidebar_id":"","_kad_post_content_style":"default","_kad_post_vertical_padding":"default","_kad_post_feature":"","_kad_post_feature_position":"","_kad_post_header":false,"_kad_post_footer":false,"_kad_post_classname":""},"product_brand":[1415],"product_cat":[364],"product_tag":[367,710,366,708,730,731,500],"class_list":{"0":"post-15770","1":"product","2":"type-product","3":"status-publish","4":"has-post-thumbnail","6":"product_brand-mes-pochoirs","7":"product_cat-pochoirs-animaux","8":"product_tag-animal","9":"product_tag-animal-de-compagnie","10":"product_tag-animaux","11":"product_tag-chien","12":"product_tag-golden-retriever","13":"product_tag-race-de-chien","14":"product_tag-tete","16":"first","17":"instock","18":"taxable","19":"shipping-taxable","20":"purchasable","21":"product-type-variable","22":"has-default-attributes","23":"entry","24":"content-bg","25":"loop-entry"},"taxonomy_info":{"product_brand":[{"value":1415,"label":"Mes Pochoirs"}],"product_cat":[{"value":364,"label":"Animaux"}],"product_tag":[{"value":367,"label":"animal"},{"value":710,"label":"animal de compagnie"},{"value":366,"label":"animaux"},{"value":708,"label":"chien"},{"value":730,"label":"golden retriever"},{"value":731,"label":"race de chien"},{"value":500,"label":"t\u00eate"}]},"featured_image_src_large":["https:\/\/mes-pochoirs.com\/wp-content\/uploads\/2024\/08\/A0018-FR-pochoir-animaux-tete-golden-retriever-1-1-copyright-mes-pochoirs-com--858x1030.jpg",858,1030,true],"author_info":[],"comment_info":1,"_links":{"self":[{"href":"https:\/\/mes-pochoirs.com\/es\/wp-json\/wp\/v2\/product\/15770","targetHints":{"allow":["GET"]}}],"collection":[{"href":"https:\/\/mes-pochoirs.com\/es\/wp-json\/wp\/v2\/product"}],"about":[{"href":"https:\/\/mes-pochoirs.com\/es\/wp-json\/wp\/v2\/types\/product"}],"replies":[{"embeddable":true,"href":"https:\/\/mes-pochoirs.com\/es\/wp-json\/wp\/v2\/comments?post=15770"}],"wp:featuredmedia":[{"embeddable":true,"href":"https:\/\/mes-pochoirs.com\/es\/wp-json\/wp\/v2\/media\/15753"}],"wp:attachment":[{"href":"https:\/\/mes-pochoirs.com\/es\/wp-json\/wp\/v2\/media?parent=15770"}],"wp:term":[{"taxonomy":"product_brand","embeddable":true,"href":"https:\/\/mes-pochoirs.com\/es\/wp-json\/wp\/v2\/product_brand?post=15770"},{"taxonomy":"product_cat","embeddable":true,"href":"https:\/\/mes-pochoirs.com\/es\/wp-json\/wp\/v2\/product_cat?post=15770"},{"taxonomy":"product_tag","embeddable":true,"href":"https:\/\/mes-pochoirs.com\/es\/wp-json\/wp\/v2\/product_tag?post=15770"}],"curies":[{"name":"wp","href":"https:\/\/api.w.org\/{rel}","templated":true}]}}