{"id":15777,"date":"2024-08-08T11:05:20","date_gmt":"2024-08-08T09:05:20","guid":{"rendered":"https:\/\/mes-pochoirs.com\/?post_type=product&#038;p=15777"},"modified":"2025-10-31T12:11:33","modified_gmt":"2025-10-31T11:11:33","slug":"plantilla-labrador-a0019","status":"publish","type":"product","link":"https:\/\/mes-pochoirs.com\/es\/produit\/pochoir-labrador-a0019","title":{"rendered":"Plantilla Labrador - A0019"},"content":{"rendered":"<h2>La dulzura y la lealtad del Labrador<\/h2>\n<h3>Un icono canino<\/h3>\n<p>Le pochoir labrador est une cr\u00e9ation artistique unique qui capture l&#8217;essence m\u00eame de ce chien de race c\u00e9l\u00e8bre. Repr\u00e9sentant la t\u00eate d&#8217;un labrador, ce pochoir est parfait pour les amateurs d&#8217;animaux et les artistes d\u00e9sirant int\u00e9grer une touche d&#8217;\u00e9l\u00e9gance canine dans leurs \u0153uvres. Issu de notre cat\u00e9gorie d\u00e9di\u00e9e aux animaux, ce pochoir chien illustre la douceur et la loyaut\u00e9 du labrador, un animal de compagnie ador\u00e9 pour sa gentillesse et son intelligence. Con\u00e7u avec un design exclusif par notre \u00e9quipe, ce mod\u00e8le incarne un \u00e9quilibre parfait entre simplicit\u00e9 et d\u00e9tail, permettant de r\u00e9aliser des \u0153uvres d&#8217;art captivantes et m\u00e9morables. Que vous soyez un artiste professionnel ou un amateur passionn\u00e9, ce pochoir vous permettra d&#8217;apporter une dimension suppl\u00e9mentaire \u00e0 vos cr\u00e9ations.<\/p>\n<h3>Una herramienta para artistas<\/h3>\n<p>Le pochoir labrador se distingue non seulement par son motif captivant, mais aussi par son utilit\u00e9 pour divers styles artistiques. Id\u00e9al pour les \u0153uvres animali\u00e8res, il s&#8217;int\u00e8gre parfaitement dans les projets qui visent \u00e0 capturer la beaut\u00e9 de ce chien. Les artistes peuvent l&#8217;utiliser pour d\u00e9corer une multitude de supports tels que les murs, les toiles, les papiers, les bois ou les textiles, ajoutant une touche vivante et dynamique \u00e0 leurs cr\u00e9ations. La collection de pochoirs animaux, dont fait partie ce mod\u00e8le, a \u00e9t\u00e9 sp\u00e9cialement con\u00e7ue pour ceux qui souhaitent ajouter une dimension animale \u00e0 leurs \u0153uvres, que ce soit \u00e0 travers des peintures murales, des illustrations ou des projets DIY. En choisissant ce pochoir, vous optez pour un outil de qualit\u00e9, pens\u00e9 pour inspirer et sublimer vos cr\u00e9ations artistiques.<\/p>","protected":false},"excerpt":{"rendered":"<p>Plantilla Labrador para artistas: cree cautivadoras obras de arte con este dise\u00f1o \u00fanico y exclusivo. Ideal para todos los medios y t\u00e9cnicas.<\/p>","protected":false},"featured_media":15754,"comment_status":"open","ping_status":"closed","template":"","meta":{"bwfblock_default_font":"","_kad_blocks_custom_css":"","_kad_blocks_head_custom_js":"","_kad_blocks_body_custom_js":"","_kad_blocks_footer_custom_js":"","_kadence_starter_templates_imported_post":false,"_kad_post_transparent":"default","_kad_post_title":"","_kad_post_layout":"default","_kad_post_sidebar_id":"","_kad_post_content_style":"default","_kad_post_vertical_padding":"default","_kad_post_feature":"","_kad_post_feature_position":"","_kad_post_header":false,"_kad_post_footer":false,"_kad_post_classname":""},"product_brand":[1415],"product_cat":[364],"product_tag":[367,710,366,708,730,390,731,500],"class_list":{"0":"post-15777","1":"product","2":"type-product","3":"status-publish","4":"has-post-thumbnail","6":"product_brand-mes-pochoirs","7":"product_cat-pochoirs-animaux","8":"product_tag-animal","9":"product_tag-animal-de-compagnie","10":"product_tag-animaux","11":"product_tag-chien","12":"product_tag-golden-retriever","13":"product_tag-portrait","14":"product_tag-race-de-chien","15":"product_tag-tete","17":"first","18":"instock","19":"taxable","20":"shipping-taxable","21":"purchasable","22":"product-type-variable","23":"has-default-attributes","24":"entry","25":"content-bg","26":"loop-entry"},"taxonomy_info":{"product_brand":[{"value":1415,"label":"Mes Pochoirs"}],"product_cat":[{"value":364,"label":"Animaux"}],"product_tag":[{"value":367,"label":"animal"},{"value":710,"label":"animal de compagnie"},{"value":366,"label":"animaux"},{"value":708,"label":"chien"},{"value":730,"label":"golden retriever"},{"value":390,"label":"portrait"},{"value":731,"label":"race de chien"},{"value":500,"label":"t\u00eate"}]},"featured_image_src_large":["https:\/\/mes-pochoirs.com\/wp-content\/uploads\/2024\/08\/A0019-FR-pochoir-animaux-tete-labrador-retriever-1-1-copyright-mes-pochoirs-com--858x1030.jpg",858,1030,true],"author_info":[],"comment_info":4,"_links":{"self":[{"href":"https:\/\/mes-pochoirs.com\/es\/wp-json\/wp\/v2\/product\/15777","targetHints":{"allow":["GET"]}}],"collection":[{"href":"https:\/\/mes-pochoirs.com\/es\/wp-json\/wp\/v2\/product"}],"about":[{"href":"https:\/\/mes-pochoirs.com\/es\/wp-json\/wp\/v2\/types\/product"}],"replies":[{"embeddable":true,"href":"https:\/\/mes-pochoirs.com\/es\/wp-json\/wp\/v2\/comments?post=15777"}],"wp:featuredmedia":[{"embeddable":true,"href":"https:\/\/mes-pochoirs.com\/es\/wp-json\/wp\/v2\/media\/15754"}],"wp:attachment":[{"href":"https:\/\/mes-pochoirs.com\/es\/wp-json\/wp\/v2\/media?parent=15777"}],"wp:term":[{"taxonomy":"product_brand","embeddable":true,"href":"https:\/\/mes-pochoirs.com\/es\/wp-json\/wp\/v2\/product_brand?post=15777"},{"taxonomy":"product_cat","embeddable":true,"href":"https:\/\/mes-pochoirs.com\/es\/wp-json\/wp\/v2\/product_cat?post=15777"},{"taxonomy":"product_tag","embeddable":true,"href":"https:\/\/mes-pochoirs.com\/es\/wp-json\/wp\/v2\/product_tag?post=15777"}],"curies":[{"name":"wp","href":"https:\/\/api.w.org\/{rel}","templated":true}]}}