{"id":15838,"date":"2024-08-14T09:39:38","date_gmt":"2024-08-14T07:39:38","guid":{"rendered":"https:\/\/mes-pochoirs.com\/?post_type=product&#038;p=15838"},"modified":"2025-10-31T12:11:35","modified_gmt":"2025-10-31T11:11:35","slug":"cassette-audio-stencil-city-mc0003","status":"publish","type":"product","link":"https:\/\/mes-pochoirs.com\/es\/produit\/pochoir-cassette-audio-ville-mc0003","title":{"rendered":"Plantilla de casete City Audio - MC0003"},"content":{"rendered":"<h2>Un viaje en el tiempo<\/h2>\n<h3>Nostalgia musical en im\u00e1genes<\/h3>\n<p>Le <strong>plantilla de casete de audio urbano<\/strong> es mucho m\u00e1s que una herramienta decorativa. Es un aut\u00e9ntico homenaje a una \u00e9poca pasada, cuando la m\u00fasica se compart\u00eda en casetes, esos peque\u00f1os objetos rectangulares que conten\u00edan horas de placer auditivo. <strong>Esta plantilla es una representaci\u00f3n precisa de un viejo casete de audio, con una animada ciudad de fondo.<\/strong>. Ce contraste entre l&#8217;objet r\u00e9tro et la modernit\u00e9 urbaine offre un design unique et captivant, parfait pour les amateurs de musique et les nostalgiques des ann\u00e9es 80 et 90. La cassette audio symbolise une \u00e9poque o\u00f9 l\u2019\u00e9coute musicale se faisait de mani\u00e8re attentive, presque c\u00e9r\u00e9moniale, un moment o\u00f9 le son avait une pr\u00e9sence physique \u00e0 travers ces petites bandes magn\u00e9tiques. Elle rappelle \u00e9galement l\u2019importance du son dans nos vies, non seulement comme un simple fond sonore, mais comme un moyen de se connecter, de s\u2019exprimer et de se souvenir. Ce pochoir permet de capturer cette essence musicale et de l\u2019int\u00e9grer dans vos cr\u00e9ations artistiques ou d\u00e9coratives, ajoutant ainsi une touche d\u2019authenticit\u00e9 dans votre espace.<\/p>\n<h3>Estilo retro para creaciones contempor\u00e1neas<\/h3>\n<p>Esta plantilla de nuestra categor\u00eda de m\u00fasica est\u00e1 dirigida a artistas y decoradores que deseen inyectar un esp\u00edritu retro a su trabajo. El estilo retro, que est\u00e1 resurgiendo con fuerza en el arte y la decoraci\u00f3n contempor\u00e1neos, encuentra aqu\u00ed un embajador perfecto con esta <strong>dise\u00f1o exclusivo<\/strong> imagin\u00e9 et cr\u00e9\u00e9 par notre \u00e9quipe. Loin d\u2019\u00eatre un simple motif, la cassette audio associ\u00e9e \u00e0 la sc\u00e8ne urbaine ouvre la voie \u00e0 des cr\u00e9ations diversifi\u00e9es. Que vous souhaitiez d\u00e9corer un mur, personnaliser une toile, ou apporter une touche musicale \u00e0 un objet du quotidien, ce pochoir s\u2019adapte \u00e0 vos envies tout en insufflant un sentiment de nostalgie et d\u2019originalit\u00e9. Ce mod\u00e8le est con\u00e7u pour ceux qui recherchent une mani\u00e8re innovante de fusionner la musique et l\u2019art visuel, cr\u00e9ant ainsi des \u0153uvres o\u00f9 chaque d\u00e9tail raconte une histoire, o\u00f9 chaque trait de peinture rappelle l\u2019\u00e9poque dor\u00e9e de la cassette audio.<\/p>","protected":false},"excerpt":{"rendered":"<p>Plantillas de casetes de audio City en tama\u00f1os grandes para creaciones retro \u00fanicas. A\u00f1ade un toque musical nost\u00e1lgico a tus proyectos art\u00edsticos con nuestras plantillas reutilizables.<\/p>","protected":false},"featured_media":15834,"comment_status":"open","ping_status":"closed","template":"","meta":{"bwfblock_default_font":"","_kad_blocks_custom_css":"","_kad_blocks_head_custom_js":"","_kad_blocks_body_custom_js":"","_kad_blocks_footer_custom_js":"","_kadence_starter_templates_imported_post":false,"_kad_post_transparent":"default","_kad_post_title":"","_kad_post_layout":"default","_kad_post_sidebar_id":"","_kad_post_content_style":"default","_kad_post_vertical_padding":"default","_kad_post_feature":"","_kad_post_feature_position":"","_kad_post_header":false,"_kad_post_footer":false,"_kad_post_classname":""},"product_brand":[1415],"product_cat":[650],"product_tag":[652,655,651,654,443,445,560,653,444,658,276,231],"class_list":{"0":"post-15838","1":"product","2":"type-product","3":"status-publish","4":"has-post-thumbnail","6":"product_brand-mes-pochoirs","7":"product_cat-musique","8":"product_tag-audio","9":"product_tag-auto-radio","10":"product_tag-cassette","11":"product_tag-chanson","12":"product_tag-hip-hop","13":"product_tag-musique","14":"product_tag-rock","15":"product_tag-son","16":"product_tag-soul","17":"product_tag-stereo","18":"product_tag-ville","19":"product_tag-vintage","21":"first","22":"instock","23":"taxable","24":"shipping-taxable","25":"purchasable","26":"product-type-variable","27":"has-default-attributes","28":"entry","29":"content-bg","30":"loop-entry"},"taxonomy_info":{"product_brand":[{"value":1415,"label":"Mes Pochoirs"}],"product_cat":[{"value":650,"label":"Musique"}],"product_tag":[{"value":652,"label":"audio"},{"value":655,"label":"auto-radio"},{"value":651,"label":"cassette"},{"value":654,"label":"chanson"},{"value":443,"label":"Hip Hop"},{"value":445,"label":"musique"},{"value":560,"label":"Rock"},{"value":653,"label":"son"},{"value":444,"label":"soul"},{"value":658,"label":"stereo"},{"value":276,"label":"ville"},{"value":231,"label":"vintage"}]},"featured_image_src_large":["https:\/\/mes-pochoirs.com\/wp-content\/uploads\/2024\/08\/MC0003-FR-pochoir-musique-cassette-audio-1-1-copyright-mes-pochoirs-com--858x1030.jpg",858,1030,true],"author_info":[],"comment_info":0,"_links":{"self":[{"href":"https:\/\/mes-pochoirs.com\/es\/wp-json\/wp\/v2\/product\/15838","targetHints":{"allow":["GET"]}}],"collection":[{"href":"https:\/\/mes-pochoirs.com\/es\/wp-json\/wp\/v2\/product"}],"about":[{"href":"https:\/\/mes-pochoirs.com\/es\/wp-json\/wp\/v2\/types\/product"}],"replies":[{"embeddable":true,"href":"https:\/\/mes-pochoirs.com\/es\/wp-json\/wp\/v2\/comments?post=15838"}],"wp:featuredmedia":[{"embeddable":true,"href":"https:\/\/mes-pochoirs.com\/es\/wp-json\/wp\/v2\/media\/15834"}],"wp:attachment":[{"href":"https:\/\/mes-pochoirs.com\/es\/wp-json\/wp\/v2\/media?parent=15838"}],"wp:term":[{"taxonomy":"product_brand","embeddable":true,"href":"https:\/\/mes-pochoirs.com\/es\/wp-json\/wp\/v2\/product_brand?post=15838"},{"taxonomy":"product_cat","embeddable":true,"href":"https:\/\/mes-pochoirs.com\/es\/wp-json\/wp\/v2\/product_cat?post=15838"},{"taxonomy":"product_tag","embeddable":true,"href":"https:\/\/mes-pochoirs.com\/es\/wp-json\/wp\/v2\/product_tag?post=15838"}],"curies":[{"name":"wp","href":"https:\/\/api.w.org\/{rel}","templated":true}]}}