{"id":15855,"date":"2024-08-14T10:43:37","date_gmt":"2024-08-14T08:43:37","guid":{"rendered":"https:\/\/mes-pochoirs.com\/?post_type=product&#038;p=15855"},"modified":"2025-10-31T12:11:39","modified_gmt":"2025-10-31T11:11:39","slug":"cassette-audio-stencil-paint-mc0005","status":"publish","type":"product","link":"https:\/\/mes-pochoirs.com\/es\/produit\/pochoir-cassette-audio-peinture-mc0005","title":{"rendered":"Plantilla cassette audio - MC0005"},"content":{"rendered":"<p><strong>Pintura para plantillas de casete de audio\u00a0<\/strong><\/p>\n<h3>Homenaje a la edad de oro de la m\u00fasica anal\u00f3gica<\/h3>\n<p>Le <strong>plantilla para pintar casetes de audio<\/strong> est bien plus qu&#8217;un simple accessoire artistique ; il s&#8217;agit d&#8217;un v\u00e9ritable hommage \u00e0 une \u00e9poque o\u00f9 la musique se consommait sur des cassettes audio, marquant une \u00e8re o\u00f9 le son \u00e9tait \u00e0 la fois un moyen d&#8217;expression et un objet de passion. Ce pochoir, repr\u00e9sentant une ancienne cassette audio, est un symbole puissant de cette p\u00e9riode o\u00f9 chaque enregistrement, chaque m\u00e9lodie, \u00e9tait captur\u00e9 sur un support physique, avec tout le charme et l\u2019authenticit\u00e9 que cela implique. Les cassettes audio sont aujourd\u2019hui l\u2019embl\u00e8me d\u2019un pass\u00e9 r\u00e9volu mais toujours vibrant dans le c\u0153ur des amoureux de la musique. Avec ce pochoir, vous pouvez apporter une touche de cette nostalgie dans vos cr\u00e9ations artistiques, tout en mettant en avant un design unique et exclusif con\u00e7u par notre \u00e9quipe. Ce mod\u00e8le fait partie de notre collection d\u00e9di\u00e9e \u00e0 la musique, sp\u00e9cialement cr\u00e9\u00e9e pour les artistes qui souhaitent int\u00e9grer l&#8217;essence du son et du r\u00e9tro dans leurs \u0153uvres. Que vous soyez un passionn\u00e9 de street art ou un cr\u00e9ateur \u00e0 la recherche d&#8217;inspiration vintage, ce pochoir vous permet de recr\u00e9er l&#8217;esth\u00e9tique des ann\u00e9es 70 et 80 avec une touche moderne. Le <strong>plantilla para pintar casetes de audio<\/strong> se convierte en una herramienta de narraci\u00f3n visual, en la que cada motivo evoca una \u00e9poca en la que la m\u00fasica era algo m\u00e1s que un sonido, era un veh\u00edculo para compartir emociones y recuerdos.<\/p>\n<h3>Un estilo vers\u00e1til para creaciones personalizadas<\/h3>\n<p>El sofisticado dise\u00f1o de esta plantilla se presta a multitud de estilos art\u00edsticos. Dise\u00f1ada para ser a la vez sencilla de usar e impresionante en su resultado final, se adapta a una gran variedad de soportes y t\u00e9cnicas de pintura. Tanto si desea crear una obra de arte sobre lienzo como decorar una pared o personalizar objetos, esta plantilla le ofrece una flexibilidad incomparable. <strong>Estilo retro combinado con din\u00e1micas salpicaduras de color<\/strong>a\u00f1ade una dimensi\u00f3n art\u00edstica \u00fanica a sus proyectos, haciendo que cada creaci\u00f3n sea realmente original. Visite <strong>plantilla para pintar casetes de audio<\/strong> es ideal para artistas que buscan casar lo antiguo y lo moderno, el sonido y la imagen, para crear obras que cautiven. \u00a0<\/p>","protected":false},"excerpt":{"rendered":"<p>Plantilla reutilizable de casete de audio para pintar. \u00a1A\u00f1ade un toque retro a tus creaciones con este dise\u00f1o \u00fanico y vers\u00e1til! Disponible en varios tama\u00f1os.<\/p>","protected":false},"featured_media":15836,"comment_status":"open","ping_status":"closed","template":"","meta":{"bwfblock_default_font":"","_kad_blocks_custom_css":"","_kad_blocks_head_custom_js":"","_kad_blocks_body_custom_js":"","_kad_blocks_footer_custom_js":"","_kadence_starter_templates_imported_post":false,"_kad_post_transparent":"default","_kad_post_title":"","_kad_post_layout":"default","_kad_post_sidebar_id":"","_kad_post_content_style":"default","_kad_post_vertical_padding":"default","_kad_post_feature":"","_kad_post_feature_position":"","_kad_post_header":false,"_kad_post_footer":false,"_kad_post_classname":""},"product_brand":[1415],"product_cat":[650],"product_tag":[652,655,651,654,443,445,467,560,653,444,658,276,231],"class_list":{"0":"post-15855","1":"product","2":"type-product","3":"status-publish","4":"has-post-thumbnail","6":"product_brand-mes-pochoirs","7":"product_cat-musique","8":"product_tag-audio","9":"product_tag-auto-radio","10":"product_tag-cassette","11":"product_tag-chanson","12":"product_tag-hip-hop","13":"product_tag-musique","14":"product_tag-peinture","15":"product_tag-rock","16":"product_tag-son","17":"product_tag-soul","18":"product_tag-stereo","19":"product_tag-ville","20":"product_tag-vintage","22":"first","23":"instock","24":"taxable","25":"shipping-taxable","26":"purchasable","27":"product-type-variable","28":"has-default-attributes","29":"entry","30":"content-bg","31":"loop-entry"},"taxonomy_info":{"product_brand":[{"value":1415,"label":"Mes Pochoirs"}],"product_cat":[{"value":650,"label":"Musique"}],"product_tag":[{"value":652,"label":"audio"},{"value":655,"label":"auto-radio"},{"value":651,"label":"cassette"},{"value":654,"label":"chanson"},{"value":443,"label":"Hip Hop"},{"value":445,"label":"musique"},{"value":467,"label":"peinture"},{"value":560,"label":"Rock"},{"value":653,"label":"son"},{"value":444,"label":"soul"},{"value":658,"label":"stereo"},{"value":276,"label":"ville"},{"value":231,"label":"vintage"}]},"featured_image_src_large":["https:\/\/mes-pochoirs.com\/wp-content\/uploads\/2024\/08\/MC0005-FR-pochoir-musique-cassette-audio-1-1-copyright-mes-pochoirs-com--858x1030.jpg",858,1030,true],"author_info":[],"comment_info":0,"_links":{"self":[{"href":"https:\/\/mes-pochoirs.com\/es\/wp-json\/wp\/v2\/product\/15855","targetHints":{"allow":["GET"]}}],"collection":[{"href":"https:\/\/mes-pochoirs.com\/es\/wp-json\/wp\/v2\/product"}],"about":[{"href":"https:\/\/mes-pochoirs.com\/es\/wp-json\/wp\/v2\/types\/product"}],"replies":[{"embeddable":true,"href":"https:\/\/mes-pochoirs.com\/es\/wp-json\/wp\/v2\/comments?post=15855"}],"wp:featuredmedia":[{"embeddable":true,"href":"https:\/\/mes-pochoirs.com\/es\/wp-json\/wp\/v2\/media\/15836"}],"wp:attachment":[{"href":"https:\/\/mes-pochoirs.com\/es\/wp-json\/wp\/v2\/media?parent=15855"}],"wp:term":[{"taxonomy":"product_brand","embeddable":true,"href":"https:\/\/mes-pochoirs.com\/es\/wp-json\/wp\/v2\/product_brand?post=15855"},{"taxonomy":"product_cat","embeddable":true,"href":"https:\/\/mes-pochoirs.com\/es\/wp-json\/wp\/v2\/product_cat?post=15855"},{"taxonomy":"product_tag","embeddable":true,"href":"https:\/\/mes-pochoirs.com\/es\/wp-json\/wp\/v2\/product_tag?post=15855"}],"curies":[{"name":"wp","href":"https:\/\/api.w.org\/{rel}","templated":true}]}}