{"id":15964,"date":"2025-08-20T11:24:04","date_gmt":"2025-08-20T09:24:04","guid":{"rendered":"https:\/\/mes-pochoirs.com\/?post_type=product&#038;p=15964"},"modified":"2025-10-31T12:11:52","modified_gmt":"2025-10-31T11:11:52","slug":"plantilla-reutilizable-bd-estilo-lpl003","status":"publish","type":"product","link":"https:\/\/mes-pochoirs.com\/es\/produit\/pochoir-reutilisable-style-bd-lpl003","title":{"rendered":"BD Comics Mujer y Chupete Plantilla - LPL003"},"content":{"rendered":"<h2>Plantilla reutilizable de estilo c\u00f3mic<\/h2>\n<h3>un toque de glamour para sus creaciones<\/h3>\n<p>La plantilla reutilizable de estilo c\u00f3mic Lollipop Lady es una aut\u00e9ntica obra de arte que a\u00f1ade un toque atrevido y glamuroso a tus proyectos creativos. Con el retrato en primer plano de una seductora mujer con una piruleta, esta plantilla encarna la esencia de los estilos de c\u00f3mic y Pop Art. La est\u00e9tica del dise\u00f1o se inspira directamente en los c\u00f3mics de los a\u00f1os 60, un vibrante homenaje a la \u00e9poca dorada del arte retro y vintage. Cada trazo de esta plantilla se ha dise\u00f1ado para captar el esp\u00edritu \u00fanico e ic\u00f3nico de la \u00e9poca, con l\u00edneas limpias y detalles llamativos que recuerdan la energ\u00eda y la vitalidad de los c\u00f3mics cl\u00e1sicos. El aspecto retro, combinado con un enfoque moderno del glamour, hace de esta plantilla una herramienta esencial para todos los artistas que buscan una firma visual fuerte y expresiva.<\/p>\n<h3>Un estilo pop art inspirado en los c\u00f3mics<\/h3>\n<p>La colecci\u00f3n \"Lollipop Lady\" es el resultado de un minucioso trabajo art\u00edstico, pensado para los amantes del Pop Art y las influencias del c\u00f3mic. El estilo de la modelo se caracteriza por una paleta de colores vivos y contrastados, t\u00edpica del Pop Art, que resalta el car\u00e1cter atrevido y femenino del retrato. Esta plantilla reutilizable \u00fanica, de estilo c\u00f3mic y exclusiva de nuestra colecci\u00f3n, es ideal para los artistas que desean infundir un toque de glamour a sus obras. Inspirado en los iconos de la cultura pop y la est\u00e9tica de los a\u00f1os 60, este dise\u00f1o ofrece una interpretaci\u00f3n moderna del arte gr\u00e1fico cl\u00e1sico, permitiendo a los dise\u00f1adores revisitar estos estilos ic\u00f3nicos con una perspectiva fresca. Tanto si eres un artista profesional como un aficionado apasionado, esta plantilla te ayudar\u00e1 a convertir tus ideas en obras de arte llamativas y memorables.<\/p>","protected":false},"excerpt":{"rendered":"<p><strong>Plantilla reutilizable de estilo c\u00f3mic<\/strong> de alta calidad, disponible en varios tama\u00f1os. Perfecto para creaciones atrevidas y glamurosas.<\/p>","protected":false},"featured_media":15930,"comment_status":"open","ping_status":"closed","template":"","meta":{"bwfblock_default_font":"","_kad_blocks_custom_css":"","_kad_blocks_head_custom_js":"","_kad_blocks_body_custom_js":"","_kad_blocks_footer_custom_js":"","_kadence_starter_templates_imported_post":false,"_kad_post_transparent":"default","_kad_post_title":"","_kad_post_layout":"default","_kad_post_sidebar_id":"","_kad_post_content_style":"default","_kad_post_vertical_padding":"default","_kad_post_feature":"","_kad_post_feature_position":"","_kad_post_header":false,"_kad_post_footer":false,"_kad_post_classname":""},"product_brand":[1415],"product_cat":[1721,481,332,36],"product_tag":[523,489,698,699,359,607,333,390,744],"class_list":{"0":"post-15964","1":"product","2":"type-product","3":"status-publish","4":"has-post-thumbnail","6":"product_brand-mes-pochoirs","7":"product_cat-lollipop-lady","8":"product_cat-collections","9":"product_cat-pochoirs-pop-art","10":"product_cat-pochoirs-portraits-visages","11":"product_tag-bd","12":"product_tag-close-up","13":"product_tag-comic","14":"product_tag-comics-book","15":"product_tag-femme","16":"product_tag-glamour","17":"product_tag-pop-art","18":"product_tag-portrait","19":"product_tag-sucette","21":"first","22":"instock","23":"taxable","24":"shipping-taxable","25":"purchasable","26":"product-type-variable","27":"entry","28":"content-bg","29":"loop-entry"},"taxonomy_info":{"product_brand":[{"value":1415,"label":"Mes Pochoirs"}],"product_cat":[{"value":1721,"label":"Lollipop Lady"},{"value":481,"label":"Collections"},{"value":332,"label":"Pop Art"},{"value":36,"label":"Portraits &amp; Visages"}],"product_tag":[{"value":523,"label":"BD"},{"value":489,"label":"Close-Up"},{"value":698,"label":"Comic"},{"value":699,"label":"Comics book"},{"value":359,"label":"femme"},{"value":607,"label":"glamour"},{"value":333,"label":"pop art"},{"value":390,"label":"portrait"},{"value":744,"label":"sucette"}]},"featured_image_src_large":["https:\/\/mes-pochoirs.com\/wp-content\/uploads\/2024\/08\/LPL003-FR-pochoir-collection-lollipop-lady-1-1-copyright-mes-pochoirs-com--858x1030.jpg",858,1030,true],"author_info":[],"comment_info":0,"_links":{"self":[{"href":"https:\/\/mes-pochoirs.com\/es\/wp-json\/wp\/v2\/product\/15964","targetHints":{"allow":["GET"]}}],"collection":[{"href":"https:\/\/mes-pochoirs.com\/es\/wp-json\/wp\/v2\/product"}],"about":[{"href":"https:\/\/mes-pochoirs.com\/es\/wp-json\/wp\/v2\/types\/product"}],"replies":[{"embeddable":true,"href":"https:\/\/mes-pochoirs.com\/es\/wp-json\/wp\/v2\/comments?post=15964"}],"wp:featuredmedia":[{"embeddable":true,"href":"https:\/\/mes-pochoirs.com\/es\/wp-json\/wp\/v2\/media\/15930"}],"wp:attachment":[{"href":"https:\/\/mes-pochoirs.com\/es\/wp-json\/wp\/v2\/media?parent=15964"}],"wp:term":[{"taxonomy":"product_brand","embeddable":true,"href":"https:\/\/mes-pochoirs.com\/es\/wp-json\/wp\/v2\/product_brand?post=15964"},{"taxonomy":"product_cat","embeddable":true,"href":"https:\/\/mes-pochoirs.com\/es\/wp-json\/wp\/v2\/product_cat?post=15964"},{"taxonomy":"product_tag","embeddable":true,"href":"https:\/\/mes-pochoirs.com\/es\/wp-json\/wp\/v2\/product_tag?post=15964"}],"curies":[{"name":"wp","href":"https:\/\/api.w.org\/{rel}","templated":true}]}}