{"id":15970,"date":"2025-09-10T12:03:08","date_gmt":"2025-09-10T10:03:08","guid":{"rendered":"https:\/\/mes-pochoirs.com\/?post_type=product&#038;p=15970"},"modified":"2025-10-31T12:11:54","modified_gmt":"2025-10-31T11:11:54","slug":"plantilla-de-pintura-pop-art-lpl004","status":"publish","type":"product","link":"https:\/\/mes-pochoirs.com\/es\/produit\/pochoir-peinture-pop-art-lpl004","title":{"rendered":"BD Comics Mujer y Chupete Plantilla - LPL004"},"content":{"rendered":"<h2>Plantilla de arte pop<\/h2>\n<h3>Retrato glamuroso de Lollipop Lady<\/h3>\n<p>Descubra nuestra plantilla Pop Art \"Lollipop Lady\", una obra que captura la esencia misma de la cultura pop y el glamour de los a\u00f1os 60. Esta plantilla representa el retrato en primer plano de una mujer glamurosa con una piruleta en la mano, icono de la feminidad retro y atrevida. El rostro de la \"Lollipop Lady\" est\u00e1 bellamente estilizado en el m\u00e1s puro esp\u00edritu del c\u00f3mic y el Pop Art, con l\u00edneas limpias y colores brillantes que recuerdan a los c\u00f3mics de los a\u00f1os 60. Este dise\u00f1o \u00fanico y exclusivo, creado por nuestro equipo de artistas apasionados, encarna a la perfecci\u00f3n el esp\u00edritu de la colecci\u00f3n \"Lollipop Lady\", que celebra la fusi\u00f3n del arte contempor\u00e1neo y la est\u00e9tica vintage. Esta plantilla es ideal para los artistas que buscan a\u00f1adir un toque de glamour y nostalgia a sus creaciones a la vez que rinden homenaje al mundo del c\u00f3mic.<\/p>\n<h3>Un estilo pop art inspirado en el c\u00f3mic<\/h3>\n<p>El estilo de esta plantilla se inspira directamente en los c\u00f3mics de los a\u00f1os 60, una \u00e9poca en la que el Pop Art dominaba la escena art\u00edstica. La modelo \"Lollipop Lady\" recuerda a esas hero\u00ednas del c\u00f3mic, con sus rasgos acentuados y su expresi\u00f3n llamativa t\u00edpica del estilo del c\u00f3mic. Los contornos marcados, los contrastes audaces y el uso de colores s\u00f3lidos brillantes dan a esta plantilla un aspecto decididamente retro y vintage, sin dejar de ser atemporal. Este dise\u00f1o es perfecto para los dise\u00f1adores que deseen inyectar una din\u00e1mica Pop Art a su trabajo, ya sea sobre lienzo, paredes u otras superficies. Esta plantilla forma parte de una colecci\u00f3n dise\u00f1ada para quienes desean incorporar una est\u00e9tica cl\u00e1sica pero moderna a sus proyectos art\u00edsticos. Cada modelo de esta colecci\u00f3n ha sido meticulosamente dise\u00f1ado para ofrecer una experiencia visual rica y seductora, que recuerda a las obras ic\u00f3nicas de Roy Lichtenstein y Andy Warhol.<\/p>","protected":false},"excerpt":{"rendered":"<p><strong>Plantilla reutilizable Pop Art<\/strong>Alta calidad, disponible en varios tama\u00f1os para creaciones atrevidas y glamurosas.<\/p>","protected":false},"featured_media":15931,"comment_status":"open","ping_status":"closed","template":"","meta":{"bwfblock_default_font":"","_kad_blocks_custom_css":"","_kad_blocks_head_custom_js":"","_kad_blocks_body_custom_js":"","_kad_blocks_footer_custom_js":"","_kadence_starter_templates_imported_post":false,"_kad_post_transparent":"default","_kad_post_title":"","_kad_post_layout":"default","_kad_post_sidebar_id":"","_kad_post_content_style":"default","_kad_post_vertical_padding":"default","_kad_post_feature":"","_kad_post_feature_position":"","_kad_post_header":false,"_kad_post_footer":false,"_kad_post_classname":""},"product_brand":[1415],"product_cat":[1721,481,332,36],"product_tag":[523,489,698,699,359,607,333,390,744],"class_list":{"0":"post-15970","1":"product","2":"type-product","3":"status-publish","4":"has-post-thumbnail","6":"product_brand-mes-pochoirs","7":"product_cat-lollipop-lady","8":"product_cat-collections","9":"product_cat-pochoirs-pop-art","10":"product_cat-pochoirs-portraits-visages","11":"product_tag-bd","12":"product_tag-close-up","13":"product_tag-comic","14":"product_tag-comics-book","15":"product_tag-femme","16":"product_tag-glamour","17":"product_tag-pop-art","18":"product_tag-portrait","19":"product_tag-sucette","21":"first","22":"instock","23":"taxable","24":"shipping-taxable","25":"purchasable","26":"product-type-variable","27":"entry","28":"content-bg","29":"loop-entry"},"taxonomy_info":{"product_brand":[{"value":1415,"label":"Mes Pochoirs"}],"product_cat":[{"value":1721,"label":"Lollipop Lady"},{"value":481,"label":"Collections"},{"value":332,"label":"Pop Art"},{"value":36,"label":"Portraits &amp; Visages"}],"product_tag":[{"value":523,"label":"BD"},{"value":489,"label":"Close-Up"},{"value":698,"label":"Comic"},{"value":699,"label":"Comics book"},{"value":359,"label":"femme"},{"value":607,"label":"glamour"},{"value":333,"label":"pop art"},{"value":390,"label":"portrait"},{"value":744,"label":"sucette"}]},"featured_image_src_large":["https:\/\/mes-pochoirs.com\/wp-content\/uploads\/2024\/08\/LPL004-FR-pochoir-collection-lollipop-lady-1-1-copyright-mes-pochoirs-com--858x1030.jpg",858,1030,true],"author_info":[],"comment_info":1,"_links":{"self":[{"href":"https:\/\/mes-pochoirs.com\/es\/wp-json\/wp\/v2\/product\/15970","targetHints":{"allow":["GET"]}}],"collection":[{"href":"https:\/\/mes-pochoirs.com\/es\/wp-json\/wp\/v2\/product"}],"about":[{"href":"https:\/\/mes-pochoirs.com\/es\/wp-json\/wp\/v2\/types\/product"}],"replies":[{"embeddable":true,"href":"https:\/\/mes-pochoirs.com\/es\/wp-json\/wp\/v2\/comments?post=15970"}],"wp:featuredmedia":[{"embeddable":true,"href":"https:\/\/mes-pochoirs.com\/es\/wp-json\/wp\/v2\/media\/15931"}],"wp:attachment":[{"href":"https:\/\/mes-pochoirs.com\/es\/wp-json\/wp\/v2\/media?parent=15970"}],"wp:term":[{"taxonomy":"product_brand","embeddable":true,"href":"https:\/\/mes-pochoirs.com\/es\/wp-json\/wp\/v2\/product_brand?post=15970"},{"taxonomy":"product_cat","embeddable":true,"href":"https:\/\/mes-pochoirs.com\/es\/wp-json\/wp\/v2\/product_cat?post=15970"},{"taxonomy":"product_tag","embeddable":true,"href":"https:\/\/mes-pochoirs.com\/es\/wp-json\/wp\/v2\/product_tag?post=15970"}],"curies":[{"name":"wp","href":"https:\/\/api.w.org\/{rel}","templated":true}]}}