{"id":16003,"date":"2025-08-20T14:48:26","date_gmt":"2025-08-20T12:48:26","guid":{"rendered":"https:\/\/mes-pochoirs.com\/?post_type=product&#038;p=16003"},"modified":"2025-10-31T12:11:56","modified_gmt":"2025-10-31T11:11:56","slug":"plantilla-estilo-pop-art-lpl009","status":"publish","type":"product","link":"https:\/\/mes-pochoirs.com\/es\/produit\/pochoir-style-pop-art-lpl009","title":{"rendered":"BD Comics Mujer y Chupete Plantilla - LPL009"},"content":{"rendered":"<h2>Plantilla estilo Pop Art<\/h2>\n<h3>Una obra glamurosa inspirada en la est\u00e9tica del Pop Art<\/h3>\n<p>Le <strong>plantilla estilo pop art<\/strong> de nuestra exclusiva colecci\u00f3n \"Lollipop Lady\" es mucho m\u00e1s que una herramienta creativa: es una invitaci\u00f3n a sumergirse en el vibrante y atrevido mundo de los a\u00f1os 60. La plantilla es un retrato en primer plano de una mujer glamurosa que sostiene una piruleta con una actitud sensual y traviesa a la vez. Inspirado en los iconos atemporales del arte pop y los c\u00f3mics, este dise\u00f1o captura la esencia de la era retro, donde el arte se une a la cultura pop para crear obras de arte visualmente impactantes y nost\u00e1lgicas. Con esta plantilla podr\u00e1s infundir a tus creaciones un toque de sofisticaci\u00f3n vintage, al tiempo que celebras la vitalidad y la energ\u00eda del estilo pop art. Tanto si eres un fan de los c\u00f3mics como un artista que busca a\u00f1adir una dimensi\u00f3n glamurosa a su trabajo, esta plantilla es la herramienta perfecta para expresar tu pasi\u00f3n por el arte y la cultura de los a\u00f1os 60.<\/p>\n<h3>Dise\u00f1o exclusivo para los amantes del Pop Art y los c\u00f3mics<\/h3>\n<p>La colecci\u00f3n \"Lollipop Lady\" est\u00e1 en perfecta sinton\u00eda con la tendencia del c\u00f3mic y el pop art, combinando lo mejor de ambos mundos para ofrecer dise\u00f1os cautivadores e ic\u00f3nicos. El rostro de la mujer, dibujado con l\u00edneas limpias y atrevidas salpicaduras de color, se inspira directamente en los c\u00f3mics, con un gui\u00f1o obvio a la est\u00e9tica de los a\u00f1os sesenta. El estilo retro y vintage se revisa aqu\u00ed con un toque moderno, lo que permite a cada artista crear obras que no pasar\u00e1n desapercibidas. Este <strong>plantilla estilo pop art<\/strong> es el resultado del meticuloso dise\u00f1o de nuestro equipo, que se inspir\u00f3 en los c\u00f3digos visuales del arte pop para crear un producto \u00fanico. Con sus cuidados detalles, esta plantilla es perfecta para quienes buscan a\u00f1adir una dimensi\u00f3n art\u00edstica y glamurosa a sus creaciones, manteni\u00e9ndose fieles al esp\u00edritu del arte pop.<\/p>","protected":false},"excerpt":{"rendered":"<p><strong>Plantilla de arte pop<\/strong> Reutilizables, de alta calidad, disponibles en varios tama\u00f1os. Ideal para creaciones art\u00edsticas atrevidas y glamurosas.<\/p>","protected":false},"featured_media":15936,"comment_status":"open","ping_status":"closed","template":"","meta":{"bwfblock_default_font":"","_kad_blocks_custom_css":"","_kad_blocks_head_custom_js":"","_kad_blocks_body_custom_js":"","_kad_blocks_footer_custom_js":"","_kadence_starter_templates_imported_post":false,"_kad_post_transparent":"default","_kad_post_title":"","_kad_post_layout":"default","_kad_post_sidebar_id":"","_kad_post_content_style":"default","_kad_post_vertical_padding":"default","_kad_post_feature":"","_kad_post_feature_position":"","_kad_post_header":false,"_kad_post_footer":false,"_kad_post_classname":""},"product_brand":[1415],"product_cat":[1721,481,332,36],"product_tag":[523,489,698,699,359,607,333,390,744],"class_list":{"0":"post-16003","1":"product","2":"type-product","3":"status-publish","4":"has-post-thumbnail","6":"product_brand-mes-pochoirs","7":"product_cat-lollipop-lady","8":"product_cat-collections","9":"product_cat-pochoirs-pop-art","10":"product_cat-pochoirs-portraits-visages","11":"product_tag-bd","12":"product_tag-close-up","13":"product_tag-comic","14":"product_tag-comics-book","15":"product_tag-femme","16":"product_tag-glamour","17":"product_tag-pop-art","18":"product_tag-portrait","19":"product_tag-sucette","21":"first","22":"instock","23":"taxable","24":"shipping-taxable","25":"purchasable","26":"product-type-variable","27":"entry","28":"content-bg","29":"loop-entry"},"taxonomy_info":{"product_brand":[{"value":1415,"label":"Mes Pochoirs"}],"product_cat":[{"value":1721,"label":"Lollipop Lady"},{"value":481,"label":"Collections"},{"value":332,"label":"Pop Art"},{"value":36,"label":"Portraits &amp; Visages"}],"product_tag":[{"value":523,"label":"BD"},{"value":489,"label":"Close-Up"},{"value":698,"label":"Comic"},{"value":699,"label":"Comics book"},{"value":359,"label":"femme"},{"value":607,"label":"glamour"},{"value":333,"label":"pop art"},{"value":390,"label":"portrait"},{"value":744,"label":"sucette"}]},"featured_image_src_large":["https:\/\/mes-pochoirs.com\/wp-content\/uploads\/2024\/08\/LPL009-FR-pochoir-collection-lollipop-lady-1-1-copyright-mes-pochoirs-com--858x1030.jpg",858,1030,true],"author_info":[],"comment_info":0,"_links":{"self":[{"href":"https:\/\/mes-pochoirs.com\/es\/wp-json\/wp\/v2\/product\/16003","targetHints":{"allow":["GET"]}}],"collection":[{"href":"https:\/\/mes-pochoirs.com\/es\/wp-json\/wp\/v2\/product"}],"about":[{"href":"https:\/\/mes-pochoirs.com\/es\/wp-json\/wp\/v2\/types\/product"}],"replies":[{"embeddable":true,"href":"https:\/\/mes-pochoirs.com\/es\/wp-json\/wp\/v2\/comments?post=16003"}],"wp:featuredmedia":[{"embeddable":true,"href":"https:\/\/mes-pochoirs.com\/es\/wp-json\/wp\/v2\/media\/15936"}],"wp:attachment":[{"href":"https:\/\/mes-pochoirs.com\/es\/wp-json\/wp\/v2\/media?parent=16003"}],"wp:term":[{"taxonomy":"product_brand","embeddable":true,"href":"https:\/\/mes-pochoirs.com\/es\/wp-json\/wp\/v2\/product_brand?post=16003"},{"taxonomy":"product_cat","embeddable":true,"href":"https:\/\/mes-pochoirs.com\/es\/wp-json\/wp\/v2\/product_cat?post=16003"},{"taxonomy":"product_tag","embeddable":true,"href":"https:\/\/mes-pochoirs.com\/es\/wp-json\/wp\/v2\/product_tag?post=16003"}],"curies":[{"name":"wp","href":"https:\/\/api.w.org\/{rel}","templated":true}]}}