{"id":16116,"date":"2024-09-05T14:00:30","date_gmt":"2024-09-05T12:00:30","guid":{"rendered":"https:\/\/mes-pochoirs.com\/?post_type=product&#038;p=16116"},"modified":"2025-10-31T12:12:00","modified_gmt":"2025-10-31T11:12:00","slug":"realidad-virtual-stencil-man-frr001","status":"publish","type":"product","link":"https:\/\/mes-pochoirs.com\/es\/produit\/pochoir-realite-virtuelle-homme-frr001","title":{"rendered":"Plantilla de realidad virtual - FRR001"},"content":{"rendered":"<h2>Plantilla de realidad virtual para hombre<\/h2>\n<h3>Explore una visi\u00f3n futurista \u00fanica<\/h3>\n<p>Nuestra plantilla de realidad virtual masculina captura un sorprendente retrato en primer plano de un hombre con gafas de realidad virtual. Esta creaci\u00f3n, de nuestra exclusiva colecci\u00f3n \u201cFragmented Realities\u201d, combina a la vez el retrato cl\u00e1sico y la est\u00e9tica contempor\u00e1nea, fusionando brillantemente el mundo del futuro con el del arte. El rostro del hombre, envuelto en su casco y gafas futuristas, evoca una inmersi\u00f3n profunda en un mundo virtual, un viaje a realidades paralelas donde la exploraci\u00f3n y la tecnolog\u00eda se entrelazan. Cada detalle de esta plantilla, desde la barba texturizada hasta el aspecto de los dispositivos de realidad virtual, a\u00f1ade un toque din\u00e1mico a tu trabajo. Esta plantilla es algo m\u00e1s que la representaci\u00f3n de un rostro; tambi\u00e9n encarna una visi\u00f3n ciberpunk y pone de relieve la interconexi\u00f3n tecnol\u00f3gica entre el hombre y el futuro. Encaja perfectamente en dise\u00f1os urbanos o contempor\u00e1neos, aportando una nueva dimensi\u00f3n a los artistas que desean reflejar la evoluci\u00f3n de la tecnolog\u00eda y las aventuras virtuales en sus obras. Tanto si busca a\u00f1adir un toque futurista como explorar el tema de la inmersi\u00f3n tecnol\u00f3gica, esta plantilla es la herramienta perfecta para mejorar sus proyectos art\u00edsticos.<\/p>\n<h3>Estilo urbano y contempor\u00e1neo<\/h3>\n<p>La plantilla de realidad virtual para hombre forma parte de nuestra categor\u00eda \u201cFragmented Realities\u201d, ideal para quienes desean expresar una visi\u00f3n \u00edntima y envolvente a trav\u00e9s del arte del retrato. Este dise\u00f1o exclusivo, imaginado por nuestro equipo, se inspira en una est\u00e9tica ciberpunk, que simboliza tanto la complejidad como la belleza de las realidades tecnol\u00f3gicas. Las gafas de realidad virtual acent\u00faan el aspecto futurista, propulsando al espectador a un universo donde la tecnolog\u00eda y la exploraci\u00f3n son fundamentales para la experiencia humana. Esta plantilla es un aut\u00e9ntico homenaje a la cultura urbana y a la interconexi\u00f3n tecnol\u00f3gica del mundo moderno. Es perfecta para obras que exploren temas como la aventura, el futuro y el impacto de la tecnolog\u00eda en nuestra vida cotidiana. Si eres un artista que busca un dise\u00f1o contempor\u00e1neo que hable del mundo virtual, esta plantilla es para ti.<\/p>","protected":false},"excerpt":{"rendered":"<p>Plantilla de realidad virtual reutilizable de alta calidad para hombre, disponible en varios tama\u00f1os. Ideal para creaciones futuristas y envolventes.<\/p>","protected":false},"featured_media":16110,"comment_status":"open","ping_status":"closed","template":"","meta":{"bwfblock_default_font":"","_kad_blocks_custom_css":"","_kad_blocks_head_custom_js":"","_kad_blocks_body_custom_js":"","_kad_blocks_footer_custom_js":"","_kadence_starter_templates_imported_post":false,"_kad_post_transparent":"default","_kad_post_title":"","_kad_post_layout":"default","_kad_post_sidebar_id":"","_kad_post_content_style":"default","_kad_post_vertical_padding":"default","_kad_post_feature":"","_kad_post_feature_position":"","_kad_post_header":false,"_kad_post_footer":false,"_kad_post_classname":""},"product_brand":[1415],"product_cat":[754,481,36],"product_tag":[751,410,676,745,722,749,505,752,747,748,746,753,750],"class_list":{"0":"post-16116","1":"product","2":"type-product","3":"status-publish","4":"has-post-thumbnail","6":"product_brand-mes-pochoirs","7":"product_cat-fragmented-realities","8":"product_cat-collections","9":"product_cat-pochoirs-portraits-visages","10":"product_tag-aventure","11":"product_tag-casque","12":"product_tag-contemporain","13":"product_tag-cyberpunk","14":"product_tag-exploration","15":"product_tag-futur","16":"product_tag-homme","17":"product_tag-interconnexion","18":"product_tag-lunettes-futuristes","19":"product_tag-monde-virtuel","20":"product_tag-realite-virtuelle","21":"product_tag-style-urbain","22":"product_tag-technologie","24":"first","25":"instock","26":"taxable","27":"shipping-taxable","28":"purchasable","29":"product-type-variable","30":"entry","31":"content-bg","32":"loop-entry"},"taxonomy_info":{"product_brand":[{"value":1415,"label":"Mes Pochoirs"}],"product_cat":[{"value":754,"label":"Fragmented Realities"},{"value":481,"label":"Collections"},{"value":36,"label":"Portraits &amp; Visages"}],"product_tag":[{"value":751,"label":"aventure"},{"value":410,"label":"casque"},{"value":676,"label":"contemporain"},{"value":745,"label":"cyberpunk"},{"value":722,"label":"exploration"},{"value":749,"label":"futur"},{"value":505,"label":"homme"},{"value":752,"label":"interconnexion"},{"value":747,"label":"lunettes futuristes"},{"value":748,"label":"monde virtuel"},{"value":746,"label":"r\u00e9alit\u00e9 virtuelle"},{"value":753,"label":"style urbain"},{"value":750,"label":"technologie"}]},"featured_image_src_large":["https:\/\/mes-pochoirs.com\/wp-content\/uploads\/2024\/09\/FRR001-FR-pochoir-collection-Fragmented-realities-1-1-copyright-mes-pochoirs-com--858x1030.jpg",858,1030,true],"author_info":[],"comment_info":0,"_links":{"self":[{"href":"https:\/\/mes-pochoirs.com\/es\/wp-json\/wp\/v2\/product\/16116","targetHints":{"allow":["GET"]}}],"collection":[{"href":"https:\/\/mes-pochoirs.com\/es\/wp-json\/wp\/v2\/product"}],"about":[{"href":"https:\/\/mes-pochoirs.com\/es\/wp-json\/wp\/v2\/types\/product"}],"replies":[{"embeddable":true,"href":"https:\/\/mes-pochoirs.com\/es\/wp-json\/wp\/v2\/comments?post=16116"}],"wp:featuredmedia":[{"embeddable":true,"href":"https:\/\/mes-pochoirs.com\/es\/wp-json\/wp\/v2\/media\/16110"}],"wp:attachment":[{"href":"https:\/\/mes-pochoirs.com\/es\/wp-json\/wp\/v2\/media?parent=16116"}],"wp:term":[{"taxonomy":"product_brand","embeddable":true,"href":"https:\/\/mes-pochoirs.com\/es\/wp-json\/wp\/v2\/product_brand?post=16116"},{"taxonomy":"product_cat","embeddable":true,"href":"https:\/\/mes-pochoirs.com\/es\/wp-json\/wp\/v2\/product_cat?post=16116"},{"taxonomy":"product_tag","embeddable":true,"href":"https:\/\/mes-pochoirs.com\/es\/wp-json\/wp\/v2\/product_tag?post=16116"}],"curies":[{"name":"wp","href":"https:\/\/api.w.org\/{rel}","templated":true}]}}