{"id":16163,"date":"2024-09-05T14:08:13","date_gmt":"2024-09-05T12:08:13","guid":{"rendered":"https:\/\/mes-pochoirs.com\/?post_type=product&#038;p=16163"},"modified":"2025-10-31T12:12:08","modified_gmt":"2025-10-31T11:12:08","slug":"stencil-gafas-futuristas-fr0008","status":"publish","type":"product","link":"https:\/\/mes-pochoirs.com\/es\/produit\/pochoir-lunettes-futuristes-fr0008","title":{"rendered":"Plantilla de realidad virtual - FRR008"},"content":{"rendered":"<h3>Plantilla de gafas futuristas<\/h3>\n<p>Le Pochoir Lunettes Futuristes que nous vous proposons est un \u00e9l\u00e9ment unique de notre collection &#8220;Fragmented Realities&#8221;. Ce mod\u00e8le repr\u00e9sente un portrait rapproch\u00e9 d&#8217;une femme portant des lunettes de r\u00e9alit\u00e9 virtuelle, plongeant directement dans un univers o\u00f9 l&#8217;exploration et la technologie prennent le dessus. Les lunettes futuristes, symbole du cyberpunk et de l&#8217;interconnexion technologique, accentuent cette id\u00e9e de plong\u00e9e dans un monde virtuel, une vision o\u00f9 le futur est au c\u0153ur de la cr\u00e9ation. Ce pochoir est parfait pour les artistes souhaitant ajouter une touche contemporaine et urbaine \u00e0 leurs \u0153uvres. Le style de ce mod\u00e8le se pr\u00eate aussi bien aux cr\u00e9ations sur toile qu&#8217;aux fresques murales, int\u00e9grant \u00e0 la fois des \u00e9l\u00e9ments futuristes et technologiques qui donneront vie \u00e0 vos projets. Ce pochoir est con\u00e7u pour des artistes en qu\u00eate de modernit\u00e9 et d\u2019avant-gardisme, explorant des th\u00e9matiques comme l&#8217;aventure virtuelle, le casque de r\u00e9alit\u00e9 virtuelle ou encore l\u2019immersion dans des mondes in\u00e9dits.<\/p>\n<h3>Estilo urbano y contempor\u00e1neo<\/h3>\n<p>Le Pochoir Lunettes Futuristes fait partie de notre cat\u00e9gorie &#8220;Fragmented Realities&#8221;, id\u00e9ale pour ceux qui souhaitent exprimer une vision intime et immersive \u00e0 travers l&#8217;art du portrait. Ce mod\u00e8le exclusif, imagin\u00e9 par notre \u00e9quipe, s\u2019inspire d\u2019une esth\u00e9tique cyberpunk, symbolisant \u00e0 la fois la complexit\u00e9 et la beaut\u00e9 des r\u00e9alit\u00e9s technologiques. Les lunettes de r\u00e9alit\u00e9 virtuelle accentuent l&#8217;aspect futuriste, propulsant le spectateur dans un univers o\u00f9 la technologie et l\u2019exploration sont au centre de l\u2019exp\u00e9rience humaine. Ce pochoir est un v\u00e9ritable hommage \u00e0 la culture urbaine et \u00e0 l\u2019interconnexion technologique du monde moderne. Il trouvera parfaitement sa place dans des \u0153uvres explorant des th\u00e8mes comme l\u2019aventure, le futur, ou encore l\u2019impact des technologies sur notre quotidien. Si vous \u00eates un artiste \u00e0 la recherche d\u2019un design contemporain qui parle du monde virtuel, ce pochoir est fait pour vous.<\/p>","protected":false},"excerpt":{"rendered":"<p>Plantilla de gafas futuristas reutilizable y de alta calidad, disponible en varios tama\u00f1os. Perfecta para creaciones futuristas y contempor\u00e1neas \u00fanicas.<\/p>","protected":false},"featured_media":16106,"comment_status":"open","ping_status":"closed","template":"","meta":{"bwfblock_default_font":"","_kad_blocks_custom_css":"","_kad_blocks_head_custom_js":"","_kad_blocks_body_custom_js":"","_kad_blocks_footer_custom_js":"","_kadence_starter_templates_imported_post":false,"_kad_post_transparent":"default","_kad_post_title":"","_kad_post_layout":"default","_kad_post_sidebar_id":"","_kad_post_content_style":"default","_kad_post_vertical_padding":"default","_kad_post_feature":"","_kad_post_feature_position":"","_kad_post_header":false,"_kad_post_footer":false,"_kad_post_classname":""},"product_brand":[1415],"product_cat":[754,481,36],"product_tag":[751,410,676,745,722,359,749,752,747,748,746,753,750],"class_list":{"0":"post-16163","1":"product","2":"type-product","3":"status-publish","4":"has-post-thumbnail","6":"product_brand-mes-pochoirs","7":"product_cat-fragmented-realities","8":"product_cat-collections","9":"product_cat-pochoirs-portraits-visages","10":"product_tag-aventure","11":"product_tag-casque","12":"product_tag-contemporain","13":"product_tag-cyberpunk","14":"product_tag-exploration","15":"product_tag-femme","16":"product_tag-futur","17":"product_tag-interconnexion","18":"product_tag-lunettes-futuristes","19":"product_tag-monde-virtuel","20":"product_tag-realite-virtuelle","21":"product_tag-style-urbain","22":"product_tag-technologie","24":"first","25":"instock","26":"taxable","27":"shipping-taxable","28":"purchasable","29":"product-type-variable","30":"entry","31":"content-bg","32":"loop-entry"},"taxonomy_info":{"product_brand":[{"value":1415,"label":"Mes Pochoirs"}],"product_cat":[{"value":754,"label":"Fragmented Realities"},{"value":481,"label":"Collections"},{"value":36,"label":"Portraits &amp; Visages"}],"product_tag":[{"value":751,"label":"aventure"},{"value":410,"label":"casque"},{"value":676,"label":"contemporain"},{"value":745,"label":"cyberpunk"},{"value":722,"label":"exploration"},{"value":359,"label":"femme"},{"value":749,"label":"futur"},{"value":752,"label":"interconnexion"},{"value":747,"label":"lunettes futuristes"},{"value":748,"label":"monde virtuel"},{"value":746,"label":"r\u00e9alit\u00e9 virtuelle"},{"value":753,"label":"style urbain"},{"value":750,"label":"technologie"}]},"featured_image_src_large":["https:\/\/mes-pochoirs.com\/wp-content\/uploads\/2024\/09\/FRR008-FR-pochoir-collection-Fragmented-realities-1-1-copyright-mes-pochoirs-com--858x1030.jpg",858,1030,true],"author_info":[],"comment_info":0,"_links":{"self":[{"href":"https:\/\/mes-pochoirs.com\/es\/wp-json\/wp\/v2\/product\/16163","targetHints":{"allow":["GET"]}}],"collection":[{"href":"https:\/\/mes-pochoirs.com\/es\/wp-json\/wp\/v2\/product"}],"about":[{"href":"https:\/\/mes-pochoirs.com\/es\/wp-json\/wp\/v2\/types\/product"}],"replies":[{"embeddable":true,"href":"https:\/\/mes-pochoirs.com\/es\/wp-json\/wp\/v2\/comments?post=16163"}],"wp:featuredmedia":[{"embeddable":true,"href":"https:\/\/mes-pochoirs.com\/es\/wp-json\/wp\/v2\/media\/16106"}],"wp:attachment":[{"href":"https:\/\/mes-pochoirs.com\/es\/wp-json\/wp\/v2\/media?parent=16163"}],"wp:term":[{"taxonomy":"product_brand","embeddable":true,"href":"https:\/\/mes-pochoirs.com\/es\/wp-json\/wp\/v2\/product_brand?post=16163"},{"taxonomy":"product_cat","embeddable":true,"href":"https:\/\/mes-pochoirs.com\/es\/wp-json\/wp\/v2\/product_cat?post=16163"},{"taxonomy":"product_tag","embeddable":true,"href":"https:\/\/mes-pochoirs.com\/es\/wp-json\/wp\/v2\/product_tag?post=16163"}],"curies":[{"name":"wp","href":"https:\/\/api.w.org\/{rel}","templated":true}]}}