{"id":16324,"date":"2024-09-05T14:11:09","date_gmt":"2024-09-05T12:11:09","guid":{"rendered":"https:\/\/mes-pochoirs.com\/?post_type=product&#038;p=16324"},"modified":"2025-10-31T12:12:41","modified_gmt":"2025-10-31T11:12:41","slug":"plantilla-mundo-virtual-frr010","status":"publish","type":"product","link":"https:\/\/mes-pochoirs.com\/es\/produit\/pochoir-monde-virtuel-frr010","title":{"rendered":"Plantilla de realidad virtual - FRR011"},"content":{"rendered":"<h2>Plantilla Mundo Virtual<\/h2>\n<h3>Sum\u00e9rgete en un universo futurista<\/h3>\n<p>La plantilla Mundo virtual encarna la esencia misma de la inmersi\u00f3n en la realidad virtual. Esta plantilla representa un retrato en primer plano de una persona con gafas de realidad virtual, captando a la perfecci\u00f3n la idea de explorar y conectar con un mundo digital. Esta plantilla, que forma parte de nuestra exclusiva colecci\u00f3n \u201cFragmented Realities\u201d, est\u00e1 dise\u00f1ada para artistas que desean incorporar elementos futuristas y tecnol\u00f3gicos a su trabajo. Esta plantilla le permite explorar visualmente la interconexi\u00f3n entre los seres humanos y la tecnolog\u00eda. Su estilo urbano y contempor\u00e1neo la hace ideal para obras de arte modernas que juegan con los l\u00edmites de lo real y lo virtual. Gracias a su dise\u00f1o preciso y elegante, esta plantilla ofrece una dimensi\u00f3n inmersiva a sus creaciones, capturando la esencia del cyberpunk, la tecnolog\u00eda avanzada y la exploraci\u00f3n de mundos virtuales. Esta plantilla, imaginada y dise\u00f1ada por nuestro equipo de dise\u00f1adores, es perfecta para paredes, lienzos o soportes textiles, y se integra f\u00e1cilmente en proyectos art\u00edsticos que exploran temas de futurismo, realidad virtual y aventura tecnol\u00f3gica.<\/p>\n<h3>Estilo urbano y contempor\u00e1neo<\/h3>\n<p>La plantilla Mundo Virtual es ideal para quienes desean expresar una visi\u00f3n \u00edntima y envolvente a trav\u00e9s del retrato. Este dise\u00f1o exclusivo se inspira en una est\u00e9tica ciberpunk, que simboliza tanto la complejidad como la belleza de las realidades tecnol\u00f3gicas. Las gafas de realidad virtual acent\u00faan el aspecto futurista, propulsando al espectador a un universo donde la tecnolog\u00eda y la exploraci\u00f3n son fundamentales para la experiencia humana. Esta plantilla es un aut\u00e9ntico homenaje a la cultura urbana y a la interconexi\u00f3n tecnol\u00f3gica del mundo moderno. Es perfecta para obras que exploren temas como la aventura, el futuro y el impacto de la tecnolog\u00eda en nuestra vida cotidiana. Si eres un artista que busca un dise\u00f1o contempor\u00e1neo que hable del mundo virtual, esta plantilla es para ti.<\/p>","protected":false},"excerpt":{"rendered":"<p>Plantilla de Mundo Virtual reutilizable de alta calidad, disponible en varios tama\u00f1os. Perfecta para creaciones modernas y envolventes en realidad virtual.<\/p>","protected":false},"featured_media":16281,"comment_status":"open","ping_status":"closed","template":"","meta":{"bwfblock_default_font":"","_kad_blocks_custom_css":"","_kad_blocks_head_custom_js":"","_kad_blocks_body_custom_js":"","_kad_blocks_footer_custom_js":"","_kadence_starter_templates_imported_post":false,"_kad_post_transparent":"default","_kad_post_title":"","_kad_post_layout":"default","_kad_post_sidebar_id":"","_kad_post_content_style":"default","_kad_post_vertical_padding":"default","_kad_post_feature":"","_kad_post_feature_position":"","_kad_post_header":false,"_kad_post_footer":false,"_kad_post_classname":""},"product_brand":[1415],"product_cat":[754,481,36],"product_tag":[751,410,676,745,722,359,749,752,747,748,746,753,750],"class_list":{"0":"post-16324","1":"product","2":"type-product","3":"status-publish","4":"has-post-thumbnail","6":"product_brand-mes-pochoirs","7":"product_cat-fragmented-realities","8":"product_cat-collections","9":"product_cat-pochoirs-portraits-visages","10":"product_tag-aventure","11":"product_tag-casque","12":"product_tag-contemporain","13":"product_tag-cyberpunk","14":"product_tag-exploration","15":"product_tag-femme","16":"product_tag-futur","17":"product_tag-interconnexion","18":"product_tag-lunettes-futuristes","19":"product_tag-monde-virtuel","20":"product_tag-realite-virtuelle","21":"product_tag-style-urbain","22":"product_tag-technologie","24":"first","25":"instock","26":"taxable","27":"shipping-taxable","28":"purchasable","29":"product-type-variable","30":"entry","31":"content-bg","32":"loop-entry"},"taxonomy_info":{"product_brand":[{"value":1415,"label":"Mes Pochoirs"}],"product_cat":[{"value":754,"label":"Fragmented Realities"},{"value":481,"label":"Collections"},{"value":36,"label":"Portraits &amp; Visages"}],"product_tag":[{"value":751,"label":"aventure"},{"value":410,"label":"casque"},{"value":676,"label":"contemporain"},{"value":745,"label":"cyberpunk"},{"value":722,"label":"exploration"},{"value":359,"label":"femme"},{"value":749,"label":"futur"},{"value":752,"label":"interconnexion"},{"value":747,"label":"lunettes futuristes"},{"value":748,"label":"monde virtuel"},{"value":746,"label":"r\u00e9alit\u00e9 virtuelle"},{"value":753,"label":"style urbain"},{"value":750,"label":"technologie"}]},"featured_image_src_large":["https:\/\/mes-pochoirs.com\/wp-content\/uploads\/2024\/09\/FRR011-FR-pochoir-collection-Fragmented-realities-1-1-copyright-mes-pochoirs-com--858x1030.jpg",858,1030,true],"author_info":[],"comment_info":0,"_links":{"self":[{"href":"https:\/\/mes-pochoirs.com\/es\/wp-json\/wp\/v2\/product\/16324","targetHints":{"allow":["GET"]}}],"collection":[{"href":"https:\/\/mes-pochoirs.com\/es\/wp-json\/wp\/v2\/product"}],"about":[{"href":"https:\/\/mes-pochoirs.com\/es\/wp-json\/wp\/v2\/types\/product"}],"replies":[{"embeddable":true,"href":"https:\/\/mes-pochoirs.com\/es\/wp-json\/wp\/v2\/comments?post=16324"}],"wp:featuredmedia":[{"embeddable":true,"href":"https:\/\/mes-pochoirs.com\/es\/wp-json\/wp\/v2\/media\/16281"}],"wp:attachment":[{"href":"https:\/\/mes-pochoirs.com\/es\/wp-json\/wp\/v2\/media?parent=16324"}],"wp:term":[{"taxonomy":"product_brand","embeddable":true,"href":"https:\/\/mes-pochoirs.com\/es\/wp-json\/wp\/v2\/product_brand?post=16324"},{"taxonomy":"product_cat","embeddable":true,"href":"https:\/\/mes-pochoirs.com\/es\/wp-json\/wp\/v2\/product_cat?post=16324"},{"taxonomy":"product_tag","embeddable":true,"href":"https:\/\/mes-pochoirs.com\/es\/wp-json\/wp\/v2\/product_tag?post=16324"}],"curies":[{"name":"wp","href":"https:\/\/api.w.org\/{rel}","templated":true}]}}