{"id":16521,"date":"2024-09-25T10:22:15","date_gmt":"2024-09-25T08:22:15","guid":{"rendered":"https:\/\/mes-pochoirs.com\/?post_type=product&#038;p=16521"},"modified":"2025-10-31T12:12:54","modified_gmt":"2025-10-31T11:12:54","slug":"plantilla-de-arte-urbano-gr0001","status":"publish","type":"product","link":"https:\/\/mes-pochoirs.com\/es\/produit\/pochoir-art-urbain-gr0001","title":{"rendered":"Plantilla Graffiti Abstracto - GR0001"},"content":{"rendered":"<h2>Plantilla Urban Art :<\/h2>\n<h3>Graffiti abstracto que transforma tus espacios<\/h3>\n<p>Le Pochoir Art Urbain est l&#8217;outil id\u00e9al pour ceux qui cherchent \u00e0 int\u00e9grer le caract\u00e8re dynamique du graffiti dans leurs cr\u00e9ations. Ce mod\u00e8le exclusif, inspir\u00e9 par l&#8217;art de la rue et les formes abstraites, fait partie de notre collection sp\u00e9ciale d\u00e9di\u00e9e aux graffitis. En quelques gestes, il permet de reproduire des motifs urbains sur n&#8217;importe quel support, donnant vie \u00e0 des \u0153uvres uniques et audacieuses. Son design abstrait \u00e9voque le mouvement, l&#8217;\u00e9nergie et l&#8217;esprit de r\u00e9bellion propre au street art, en capturant l&#8217;essence m\u00eame de l&#8217;art des rues. Qu&#8217;il s&#8217;agisse de d\u00e9corer un mur, une toile ou tout autre surface, ce pochoir offre une explosion visuelle, rappelant les fresques graffiti rencontr\u00e9es dans les quartiers artistiques du monde entier. Ce pochoir s&#8217;adresse \u00e0 tous les artistes, amateurs ou confirm\u00e9s, qui souhaitent exprimer leur cr\u00e9ativit\u00e9 \u00e0 travers un style urbain et contemporain. Gr\u00e2ce \u00e0 son motif abstrait, il permet une libert\u00e9 totale dans l&#8217;interpr\u00e9tation des formes et des couleurs. Que vous utilisiez de la peinture \u00e0 la bombe, de l&#8217;acrylique ou encore des techniques mixtes, ce pochoir graffiti vous offre une flexibilit\u00e9 cr\u00e9ative incomparable. Cr\u00e9ez des \u0153uvres de grande envergure ou ajoutez des touches subtiles de street art \u00e0 vos projets personnels. Ce mod\u00e8le unique est parfait pour ceux qui cherchent \u00e0 donner une dimension moderne, brute et authentique \u00e0 leur travail artistique. Nos mod\u00e8les sont soigneusement con\u00e7us par notre \u00e9quipe de cr\u00e9ateurs pour s&#8217;adapter \u00e0 tous vos projets, garantissant ainsi un rendu aussi professionnel qu&#8217;inspir\u00e9. \u00a0<\/p>","protected":false},"excerpt":{"rendered":"<p>Plantilla de arte urbano reutilizable de alta calidad. Disponible en varios tama\u00f1os para creaciones \u00fanicas en una gran variedad de superficies.<\/p>","protected":false},"featured_media":16491,"comment_status":"open","ping_status":"closed","template":"","meta":{"bwfblock_default_font":"","_kad_blocks_custom_css":"","_kad_blocks_head_custom_js":"","_kad_blocks_body_custom_js":"","_kad_blocks_footer_custom_js":"","_kadence_starter_templates_imported_post":false,"_kad_post_transparent":"default","_kad_post_title":"","_kad_post_layout":"default","_kad_post_sidebar_id":"","_kad_post_content_style":"default","_kad_post_vertical_padding":"default","_kad_post_feature":"","_kad_post_feature_position":"","_kad_post_header":false,"_kad_post_footer":false,"_kad_post_classname":""},"product_brand":[1415],"product_cat":[284,328,273],"product_tag":[694,285,433,760,327,286],"class_list":{"0":"post-16521","1":"product","2":"type-product","3":"status-publish","4":"has-post-thumbnail","6":"product_brand-mes-pochoirs","7":"product_cat-pochoirs-graffitis","8":"product_cat-pochoirs-street-art","9":"product_cat-pochoirs-urbains","10":"product_tag-abstrait","11":"product_tag-graffiti","12":"product_tag-mur","13":"product_tag-peinture-a-la-bombe","14":"product_tag-street-art","15":"product_tag-urbain","17":"first","18":"instock","19":"taxable","20":"shipping-taxable","21":"purchasable","22":"product-type-variable","23":"has-default-attributes","24":"entry","25":"content-bg","26":"loop-entry"},"taxonomy_info":{"product_brand":[{"value":1415,"label":"Mes Pochoirs"}],"product_cat":[{"value":284,"label":"Graffitis"},{"value":328,"label":"Street Art"},{"value":273,"label":"Urbains"}],"product_tag":[{"value":694,"label":"abstrait"},{"value":285,"label":"graffiti"},{"value":433,"label":"mur"},{"value":760,"label":"peinture \u00e0 la bombe"},{"value":327,"label":"street art"},{"value":286,"label":"urbain"}]},"featured_image_src_large":["https:\/\/mes-pochoirs.com\/wp-content\/uploads\/2024\/09\/GR0001-FR-pochoir-graffiti-abstrait-1-1-copyright-mes-pochoirs-com--858x1030.jpg",858,1030,true],"author_info":[],"comment_info":1,"_links":{"self":[{"href":"https:\/\/mes-pochoirs.com\/es\/wp-json\/wp\/v2\/product\/16521","targetHints":{"allow":["GET"]}}],"collection":[{"href":"https:\/\/mes-pochoirs.com\/es\/wp-json\/wp\/v2\/product"}],"about":[{"href":"https:\/\/mes-pochoirs.com\/es\/wp-json\/wp\/v2\/types\/product"}],"replies":[{"embeddable":true,"href":"https:\/\/mes-pochoirs.com\/es\/wp-json\/wp\/v2\/comments?post=16521"}],"wp:featuredmedia":[{"embeddable":true,"href":"https:\/\/mes-pochoirs.com\/es\/wp-json\/wp\/v2\/media\/16491"}],"wp:attachment":[{"href":"https:\/\/mes-pochoirs.com\/es\/wp-json\/wp\/v2\/media?parent=16521"}],"wp:term":[{"taxonomy":"product_brand","embeddable":true,"href":"https:\/\/mes-pochoirs.com\/es\/wp-json\/wp\/v2\/product_brand?post=16521"},{"taxonomy":"product_cat","embeddable":true,"href":"https:\/\/mes-pochoirs.com\/es\/wp-json\/wp\/v2\/product_cat?post=16521"},{"taxonomy":"product_tag","embeddable":true,"href":"https:\/\/mes-pochoirs.com\/es\/wp-json\/wp\/v2\/product_tag?post=16521"}],"curies":[{"name":"wp","href":"https:\/\/api.w.org\/{rel}","templated":true}]}}