{"id":16529,"date":"2024-09-25T10:35:01","date_gmt":"2024-09-25T08:35:01","guid":{"rendered":"https:\/\/mes-pochoirs.com\/?post_type=product&#038;p=16529"},"modified":"2025-10-31T12:12:56","modified_gmt":"2025-10-31T11:12:56","slug":"plantilla-street-art-gr0002","status":"publish","type":"product","link":"https:\/\/mes-pochoirs.com\/es\/produit\/pochoir-street-art-gr0002","title":{"rendered":"Plantilla Graffiti Abstracto - GR0002"},"content":{"rendered":"<p>Plantilla de arte callejero<\/p>\n<h3>\u00a0Una obra urbana para crear<\/h3>\n<p>Le Pochoir Street Art est l&#8217;outil incontournable pour les artistes souhaitant incorporer l&#8217;authenticit\u00e9 et l&#8217;\u00e9nergie du graffiti urbain dans leurs cr\u00e9ations. Ce mod\u00e8le abstrait, inspir\u00e9 par les mouvements artistiques contemporains, capture l&#8217;esprit vibrant du street art. En utilisant ce pochoir, vous apporterez une touche d&#8217;audace et de modernit\u00e9 \u00e0 vos \u0153uvres. Il fait partie de notre collection sp\u00e9ciale d\u00e9di\u00e9e aux graffitis, un hommage aux artistes de rue qui transforment les murs des villes en toiles expressives. Ce pochoir refl\u00e8te parfaitement l&#8217;essence de cet art urbain, avec des lignes dynamiques et des formes abstraites, repr\u00e9sentant la spontan\u00e9it\u00e9 et l\u2019\u00e9nergie brute caract\u00e9ristiques des fresques murales. Le street art est bien plus qu\u2019un simple style visuel : c\u2019est une forme de communication et d\u2019expression. Chaque coup de bombe, chaque forme cr\u00e9\u00e9e avec ce pochoir, \u00e9voque un message, une \u00e9motion. Que ce soit pour habiller une toile, d\u00e9corer un mur ou customiser un support textile, ce pochoir permet de reproduire facilement l\u2019\u00e2me du street art dans vos projets. Nos mod\u00e8les, con\u00e7us par notre \u00e9quipe de designers, sont uniques et exclusifs, garantissant ainsi une \u0153uvre qui se distingue par son originalit\u00e9. En combinant ce pochoir avec des techniques de peinture \u00e0 la bombe, d\u2019acrylique ou m\u00eame de pinceau, vous avez la possibilit\u00e9 de jouer avec les couleurs, les textures et les superpositions pour un r\u00e9sultat qui attire l\u2019attention. Le Pochoir Street Art est id\u00e9al pour tous ceux qui cherchent \u00e0 insuffler un souffle urbain et contemporain \u00e0 leurs cr\u00e9ations.<\/p>","protected":false},"excerpt":{"rendered":"<p>Plantilla de arte callejero reutilizable y de alta calidad disponible en varios tama\u00f1os. Ideal para personalizar paredes, lienzos y otras superficies.<\/p>","protected":false},"featured_media":16492,"comment_status":"open","ping_status":"closed","template":"","meta":{"bwfblock_default_font":"","_kad_blocks_custom_css":"","_kad_blocks_head_custom_js":"","_kad_blocks_body_custom_js":"","_kad_blocks_footer_custom_js":"","_kadence_starter_templates_imported_post":false,"_kad_post_transparent":"default","_kad_post_title":"","_kad_post_layout":"default","_kad_post_sidebar_id":"","_kad_post_content_style":"default","_kad_post_vertical_padding":"default","_kad_post_feature":"","_kad_post_feature_position":"","_kad_post_header":false,"_kad_post_footer":false,"_kad_post_classname":""},"product_brand":[1415],"product_cat":[284,328,273],"product_tag":[694,285,433,760,327,286],"class_list":{"0":"post-16529","1":"product","2":"type-product","3":"status-publish","4":"has-post-thumbnail","6":"product_brand-mes-pochoirs","7":"product_cat-pochoirs-graffitis","8":"product_cat-pochoirs-street-art","9":"product_cat-pochoirs-urbains","10":"product_tag-abstrait","11":"product_tag-graffiti","12":"product_tag-mur","13":"product_tag-peinture-a-la-bombe","14":"product_tag-street-art","15":"product_tag-urbain","17":"first","18":"instock","19":"taxable","20":"shipping-taxable","21":"purchasable","22":"product-type-variable","23":"has-default-attributes","24":"entry","25":"content-bg","26":"loop-entry"},"taxonomy_info":{"product_brand":[{"value":1415,"label":"Mes Pochoirs"}],"product_cat":[{"value":284,"label":"Graffitis"},{"value":328,"label":"Street Art"},{"value":273,"label":"Urbains"}],"product_tag":[{"value":694,"label":"abstrait"},{"value":285,"label":"graffiti"},{"value":433,"label":"mur"},{"value":760,"label":"peinture \u00e0 la bombe"},{"value":327,"label":"street art"},{"value":286,"label":"urbain"}]},"featured_image_src_large":["https:\/\/mes-pochoirs.com\/wp-content\/uploads\/2024\/09\/GR0002-FR-pochoir-graffiti-abstrait-1-1-copyright-mes-pochoirs-com--858x1030.jpg",858,1030,true],"author_info":[],"comment_info":0,"_links":{"self":[{"href":"https:\/\/mes-pochoirs.com\/es\/wp-json\/wp\/v2\/product\/16529","targetHints":{"allow":["GET"]}}],"collection":[{"href":"https:\/\/mes-pochoirs.com\/es\/wp-json\/wp\/v2\/product"}],"about":[{"href":"https:\/\/mes-pochoirs.com\/es\/wp-json\/wp\/v2\/types\/product"}],"replies":[{"embeddable":true,"href":"https:\/\/mes-pochoirs.com\/es\/wp-json\/wp\/v2\/comments?post=16529"}],"wp:featuredmedia":[{"embeddable":true,"href":"https:\/\/mes-pochoirs.com\/es\/wp-json\/wp\/v2\/media\/16492"}],"wp:attachment":[{"href":"https:\/\/mes-pochoirs.com\/es\/wp-json\/wp\/v2\/media?parent=16529"}],"wp:term":[{"taxonomy":"product_brand","embeddable":true,"href":"https:\/\/mes-pochoirs.com\/es\/wp-json\/wp\/v2\/product_brand?post=16529"},{"taxonomy":"product_cat","embeddable":true,"href":"https:\/\/mes-pochoirs.com\/es\/wp-json\/wp\/v2\/product_cat?post=16529"},{"taxonomy":"product_tag","embeddable":true,"href":"https:\/\/mes-pochoirs.com\/es\/wp-json\/wp\/v2\/product_tag?post=16529"}],"curies":[{"name":"wp","href":"https:\/\/api.w.org\/{rel}","templated":true}]}}