{"id":16545,"date":"2024-09-25T10:50:44","date_gmt":"2024-09-25T08:50:44","guid":{"rendered":"https:\/\/mes-pochoirs.com\/?post_type=product&#038;p=16545"},"modified":"2025-10-31T12:13:00","modified_gmt":"2025-10-31T11:13:00","slug":"plantilla-mural-graffiti-gr0004","status":"publish","type":"product","link":"https:\/\/mes-pochoirs.com\/es\/produit\/pochoir-graffiti-mur-gr0004","title":{"rendered":"Plantilla Graffiti Abstracto - GR0004"},"content":{"rendered":"<h2>Plantilla de graffiti<\/h2>\n<h2>Una herramienta art\u00edstica para captar la esencia del arte callejero<\/h2>\n<p>Le Pochoir graffiti mur est con\u00e7u pour les artistes cherchant \u00e0 int\u00e9grer l\u2019\u00e9nergie brute et contemporaine du street art dans leurs cr\u00e9ations. Ce pochoir repr\u00e9sente un motif abstrait inspir\u00e9 par l\u2019art urbain, id\u00e9al pour ajouter des textures et des motifs dynamiques sur vos \u0153uvres ou d\u00e9corer des surfaces plus vastes comme des murs. Issu de notre collection graffiti, il vous permet de recr\u00e9er l\u2019esprit des fresques murales urbaines avec une simplicit\u00e9 et une pr\u00e9cision impressionnantes. Utilisez-le comme base ou \u00e9l\u00e9ment cl\u00e9 dans vos cr\u00e9ations pour capturer l\u2019essence du graffiti moderne. Que vous travailliez sur des projets artistiques personnels ou d\u00e9coratifs, ce pochoir est con\u00e7u pour apporter une touche unique \u00e0 vos \u0153uvres. Le style graffiti est un art urbain qui allie audace et cr\u00e9ativit\u00e9. Ce pochoir refl\u00e8te parfaitement cette esth\u00e9tique avec ses lignes abstraites et sa structure souple, id\u00e9ale pour reproduire la fluidit\u00e9 du street art sur divers supports. Il s\u2019adresse aussi bien aux artistes professionnels qu\u2019aux d\u00e9butants souhaitant explorer les textures et formes caract\u00e9ristiques du graffiti. Avec ce Pochoir graffiti mur, vous pouvez utiliser une grande vari\u00e9t\u00e9 de techniques telles que la peinture \u00e0 la bombe, l\u2019acrylique ou m\u00eame le pinceau, ce qui permet une exploration artistique sans limites. Nos mod\u00e8les exclusifs, imagin\u00e9s et con\u00e7us par notre \u00e9quipe, garantissent une cr\u00e9ation unique qui refl\u00e8te fid\u00e8lement l\u2019\u00e9nergie vibrante du street art.<\/p>","protected":false},"excerpt":{"rendered":"<p>Plantilla de graffiti reutilizable de alta calidad disponible en varios tama\u00f1os. Ideal para crear fondos abstractos y urbanos en una gran variedad de superficies.<\/p>","protected":false},"featured_media":16494,"comment_status":"open","ping_status":"closed","template":"","meta":{"bwfblock_default_font":"","_kad_blocks_custom_css":"","_kad_blocks_head_custom_js":"","_kad_blocks_body_custom_js":"","_kad_blocks_footer_custom_js":"","_kadence_starter_templates_imported_post":false,"_kad_post_transparent":"default","_kad_post_title":"","_kad_post_layout":"default","_kad_post_sidebar_id":"","_kad_post_content_style":"default","_kad_post_vertical_padding":"default","_kad_post_feature":"","_kad_post_feature_position":"","_kad_post_header":false,"_kad_post_footer":false,"_kad_post_classname":""},"product_brand":[1415],"product_cat":[284,328,273],"product_tag":[694,285,433,760,327,286],"class_list":{"0":"post-16545","1":"product","2":"type-product","3":"status-publish","4":"has-post-thumbnail","6":"product_brand-mes-pochoirs","7":"product_cat-pochoirs-graffitis","8":"product_cat-pochoirs-street-art","9":"product_cat-pochoirs-urbains","10":"product_tag-abstrait","11":"product_tag-graffiti","12":"product_tag-mur","13":"product_tag-peinture-a-la-bombe","14":"product_tag-street-art","15":"product_tag-urbain","17":"first","18":"instock","19":"taxable","20":"shipping-taxable","21":"purchasable","22":"product-type-variable","23":"has-default-attributes","24":"entry","25":"content-bg","26":"loop-entry"},"taxonomy_info":{"product_brand":[{"value":1415,"label":"Mes Pochoirs"}],"product_cat":[{"value":284,"label":"Graffitis"},{"value":328,"label":"Street Art"},{"value":273,"label":"Urbains"}],"product_tag":[{"value":694,"label":"abstrait"},{"value":285,"label":"graffiti"},{"value":433,"label":"mur"},{"value":760,"label":"peinture \u00e0 la bombe"},{"value":327,"label":"street art"},{"value":286,"label":"urbain"}]},"featured_image_src_large":["https:\/\/mes-pochoirs.com\/wp-content\/uploads\/2024\/09\/GR0004-FR-pochoir-graffiti-abstrait-1-1-copyright-mes-pochoirs-com--858x1030.jpg",858,1030,true],"author_info":[],"comment_info":0,"_links":{"self":[{"href":"https:\/\/mes-pochoirs.com\/es\/wp-json\/wp\/v2\/product\/16545","targetHints":{"allow":["GET"]}}],"collection":[{"href":"https:\/\/mes-pochoirs.com\/es\/wp-json\/wp\/v2\/product"}],"about":[{"href":"https:\/\/mes-pochoirs.com\/es\/wp-json\/wp\/v2\/types\/product"}],"replies":[{"embeddable":true,"href":"https:\/\/mes-pochoirs.com\/es\/wp-json\/wp\/v2\/comments?post=16545"}],"wp:featuredmedia":[{"embeddable":true,"href":"https:\/\/mes-pochoirs.com\/es\/wp-json\/wp\/v2\/media\/16494"}],"wp:attachment":[{"href":"https:\/\/mes-pochoirs.com\/es\/wp-json\/wp\/v2\/media?parent=16545"}],"wp:term":[{"taxonomy":"product_brand","embeddable":true,"href":"https:\/\/mes-pochoirs.com\/es\/wp-json\/wp\/v2\/product_brand?post=16545"},{"taxonomy":"product_cat","embeddable":true,"href":"https:\/\/mes-pochoirs.com\/es\/wp-json\/wp\/v2\/product_cat?post=16545"},{"taxonomy":"product_tag","embeddable":true,"href":"https:\/\/mes-pochoirs.com\/es\/wp-json\/wp\/v2\/product_tag?post=16545"}],"curies":[{"name":"wp","href":"https:\/\/api.w.org\/{rel}","templated":true}]}}