{"id":16569,"date":"2024-09-25T11:03:09","date_gmt":"2024-09-25T09:03:09","guid":{"rendered":"https:\/\/mes-pochoirs.com\/?post_type=product&#038;p=16569"},"modified":"2025-10-31T12:13:30","modified_gmt":"2025-10-31T11:13:30","slug":"plantilla-estilo-graffiti-gr0006","status":"publish","type":"product","link":"https:\/\/mes-pochoirs.com\/es\/produit\/pochoir-style-graffiti-gr0006","title":{"rendered":"Plantilla Graffiti Abstracto - GR0006"},"content":{"rendered":"<h2>Plantilla estilo graffiti<\/h2>\n<h2>Una herramienta creativa para el arte urbano<\/h2>\n<p>Le Pochoir style graffiti est con\u00e7u pour les artistes qui souhaitent capturer l\u2019\u00e9nergie brute et l\u2019essence du street art dans leurs cr\u00e9ations. Ce mod\u00e8le repr\u00e9sente un graffiti abstrait, caract\u00e9ris\u00e9 par des formes libres et des lignes dynamiques, typiques de l&#8217;art urbain contemporain. Issu de notre collection graffiti, ce pochoir est id\u00e9al pour ajouter une touche unique et vibrante \u00e0 vos \u0153uvres, qu\u2019elles soient r\u00e9alis\u00e9es sur des toiles, des murs ou d\u2019autres surfaces. Le style graffiti est un mode d\u2019expression artistique audacieux, o\u00f9 les formes abstraites et les couleurs vives se rencontrent pour cr\u00e9er des compositions percutantes et spontan\u00e9es. Ce pochoir permet de recr\u00e9er cette esth\u00e9tique du graffiti abstrait, o\u00f9 la libert\u00e9 d&#8217;expression et l&#8217;interaction avec l\u2019espace urbain sont mises \u00e0 l&#8217;honneur. Que vous travailliez avec de la peinture \u00e0 la bombe, de l\u2019acrylique ou m\u00eame des techniques mixtes, ce pochoir est parfait pour personnaliser vos cr\u00e9ations tout en int\u00e9grant une touche urbaine. Con\u00e7u avec un design unique et exclusif, chaque mod\u00e8le est imagin\u00e9 et cr\u00e9\u00e9 par notre \u00e9quipe de designers pour garantir un rendu original et de qualit\u00e9. Ce Pochoir style graffiti fait partie de notre collection d\u00e9di\u00e9e aux artistes qui souhaitent apporter une dimension moderne et street art \u00e0 leurs \u0153uvres, qu\u2019il s\u2019agisse de d\u00e9corer des surfaces ou de personnaliser des objets du quotidien.<\/p>","protected":false},"excerpt":{"rendered":"<p>Plantilla reutilizable de alta calidad de estilo graffiti disponible en varios tama\u00f1os. Perfecta para creaciones modernas y urbanas en una gran variedad de superficies.<\/p>","protected":false},"featured_media":16496,"comment_status":"open","ping_status":"closed","template":"","meta":{"bwfblock_default_font":"","_kad_blocks_custom_css":"","_kad_blocks_head_custom_js":"","_kad_blocks_body_custom_js":"","_kad_blocks_footer_custom_js":"","_kadence_starter_templates_imported_post":false,"_kad_post_transparent":"default","_kad_post_title":"","_kad_post_layout":"default","_kad_post_sidebar_id":"","_kad_post_content_style":"default","_kad_post_vertical_padding":"default","_kad_post_feature":"","_kad_post_feature_position":"","_kad_post_header":false,"_kad_post_footer":false,"_kad_post_classname":""},"product_brand":[1415],"product_cat":[284,328,273],"product_tag":[694,285,433,760,327,286],"class_list":{"0":"post-16569","1":"product","2":"type-product","3":"status-publish","4":"has-post-thumbnail","6":"product_brand-mes-pochoirs","7":"product_cat-pochoirs-graffitis","8":"product_cat-pochoirs-street-art","9":"product_cat-pochoirs-urbains","10":"product_tag-abstrait","11":"product_tag-graffiti","12":"product_tag-mur","13":"product_tag-peinture-a-la-bombe","14":"product_tag-street-art","15":"product_tag-urbain","17":"first","18":"instock","19":"taxable","20":"shipping-taxable","21":"purchasable","22":"product-type-variable","23":"has-default-attributes","24":"entry","25":"content-bg","26":"loop-entry"},"taxonomy_info":{"product_brand":[{"value":1415,"label":"Mes Pochoirs"}],"product_cat":[{"value":284,"label":"Graffitis"},{"value":328,"label":"Street Art"},{"value":273,"label":"Urbains"}],"product_tag":[{"value":694,"label":"abstrait"},{"value":285,"label":"graffiti"},{"value":433,"label":"mur"},{"value":760,"label":"peinture \u00e0 la bombe"},{"value":327,"label":"street art"},{"value":286,"label":"urbain"}]},"featured_image_src_large":["https:\/\/mes-pochoirs.com\/wp-content\/uploads\/2024\/09\/GR0006-FR-pochoir-graffiti-abstrait-1-1-copyright-mes-pochoirs-com--858x1030.jpg",858,1030,true],"author_info":[],"comment_info":0,"_links":{"self":[{"href":"https:\/\/mes-pochoirs.com\/es\/wp-json\/wp\/v2\/product\/16569","targetHints":{"allow":["GET"]}}],"collection":[{"href":"https:\/\/mes-pochoirs.com\/es\/wp-json\/wp\/v2\/product"}],"about":[{"href":"https:\/\/mes-pochoirs.com\/es\/wp-json\/wp\/v2\/types\/product"}],"replies":[{"embeddable":true,"href":"https:\/\/mes-pochoirs.com\/es\/wp-json\/wp\/v2\/comments?post=16569"}],"wp:featuredmedia":[{"embeddable":true,"href":"https:\/\/mes-pochoirs.com\/es\/wp-json\/wp\/v2\/media\/16496"}],"wp:attachment":[{"href":"https:\/\/mes-pochoirs.com\/es\/wp-json\/wp\/v2\/media?parent=16569"}],"wp:term":[{"taxonomy":"product_brand","embeddable":true,"href":"https:\/\/mes-pochoirs.com\/es\/wp-json\/wp\/v2\/product_brand?post=16569"},{"taxonomy":"product_cat","embeddable":true,"href":"https:\/\/mes-pochoirs.com\/es\/wp-json\/wp\/v2\/product_cat?post=16569"},{"taxonomy":"product_tag","embeddable":true,"href":"https:\/\/mes-pochoirs.com\/es\/wp-json\/wp\/v2\/product_tag?post=16569"}],"curies":[{"name":"wp","href":"https:\/\/api.w.org\/{rel}","templated":true}]}}