{"id":16600,"date":"2024-09-25T11:38:56","date_gmt":"2024-09-25T09:38:56","guid":{"rendered":"https:\/\/mes-pochoirs.com\/?post_type=product&#038;p=16600"},"modified":"2025-10-31T12:13:34","modified_gmt":"2025-10-31T11:13:34","slug":"plantilla-graffiti-base-gr0008","status":"publish","type":"product","link":"https:\/\/mes-pochoirs.com\/es\/produit\/pochoir-base-graffiti-gr0008","title":{"rendered":"Plantilla Fragmento de Graffiti Abstracto - GR0008"},"content":{"rendered":"<h2>Plantilla Base Graffiti<\/h2>\n<h3>Una herramienta esencial para crear fondos din\u00e1micos<\/h3>\n<p>Le Pochoir base graffiti est con\u00e7u pour les artistes souhaitant donner vie \u00e0 des \u0153uvres avec une touche urbaine et moderne. Ce mod\u00e8le repr\u00e9sente un fragment de graffiti abstrait, id\u00e9al pour \u00eatre utilis\u00e9 en tant que base ou fond de vos cr\u00e9ations. Il permet d&#8217;ajouter des textures dynamiques et des motifs abstraits qui servent de toile de fond pour vos \u0153uvres plus d\u00e9taill\u00e9es. Issu de notre cat\u00e9gorie graffiti, ce pochoir capture l\u2019\u00e9nergie brute et spontan\u00e9e du street art, tout en offrant une base cr\u00e9ative parfaite pour des \u0153uvres multi-couches ou des compositions plus complexes. L\u2019utilisation du Pochoir base graffiti permet d\u2019ancrer vos cr\u00e9ations dans un style urbain contemporain, inspir\u00e9 des fresques que l\u2019on peut voir sur les murs des villes du monde entier. Le graffiti est bien plus qu&#8217;un art visuel ; c&#8217;est un moyen d\u2019expression puissant qui r\u00e9sonne avec la libert\u00e9 et la spontan\u00e9it\u00e9. Avec ce pochoir, vous pouvez facilement transposer cette esth\u00e9tique sur vos murs, toiles, et autres surfaces, en apportant une touche moderne et unique \u00e0 vos projets. Nos mod\u00e8les sont con\u00e7us par notre \u00e9quipe de cr\u00e9ateurs et sont exclusifs \u00e0 notre collection, vous garantissant un design original et authentique.<\/p>","protected":false},"excerpt":{"rendered":"<p>Plantilla de graffiti reutilizable de alta calidad disponible en varios tama\u00f1os. Perfecta para crear fondos urbanos en todo tipo de superficies.<\/p>","protected":false},"featured_media":16554,"comment_status":"open","ping_status":"closed","template":"","meta":{"bwfblock_default_font":"","_kad_blocks_custom_css":"","_kad_blocks_head_custom_js":"","_kad_blocks_body_custom_js":"","_kad_blocks_footer_custom_js":"","_kadence_starter_templates_imported_post":false,"_kad_post_transparent":"default","_kad_post_title":"","_kad_post_layout":"default","_kad_post_sidebar_id":"","_kad_post_content_style":"default","_kad_post_vertical_padding":"default","_kad_post_feature":"","_kad_post_feature_position":"","_kad_post_header":false,"_kad_post_footer":false,"_kad_post_classname":""},"product_brand":[1415],"product_cat":[284,328,273],"product_tag":[694,761,762,285,433,760,327,286],"class_list":{"0":"post-16600","1":"product","2":"type-product","3":"status-publish","4":"has-post-thumbnail","6":"product_brand-mes-pochoirs","7":"product_cat-pochoirs-graffitis","8":"product_cat-pochoirs-street-art","9":"product_cat-pochoirs-urbains","10":"product_tag-abstrait","11":"product_tag-base","12":"product_tag-fond","13":"product_tag-graffiti","14":"product_tag-mur","15":"product_tag-peinture-a-la-bombe","16":"product_tag-street-art","17":"product_tag-urbain","19":"first","20":"instock","21":"taxable","22":"shipping-taxable","23":"purchasable","24":"product-type-variable","25":"entry","26":"content-bg","27":"loop-entry"},"taxonomy_info":{"product_brand":[{"value":1415,"label":"Mes Pochoirs"}],"product_cat":[{"value":284,"label":"Graffitis"},{"value":328,"label":"Street Art"},{"value":273,"label":"Urbains"}],"product_tag":[{"value":694,"label":"abstrait"},{"value":761,"label":"base"},{"value":762,"label":"fond"},{"value":285,"label":"graffiti"},{"value":433,"label":"mur"},{"value":760,"label":"peinture \u00e0 la bombe"},{"value":327,"label":"street art"},{"value":286,"label":"urbain"}]},"featured_image_src_large":["https:\/\/mes-pochoirs.com\/wp-content\/uploads\/2024\/09\/GR0008-FR-pochoir-fragment-graffiti-abstrait-7-10-copyright-mes-pochoirs-com--858x1030.jpg",858,1030,true],"author_info":[],"comment_info":0,"_links":{"self":[{"href":"https:\/\/mes-pochoirs.com\/es\/wp-json\/wp\/v2\/product\/16600","targetHints":{"allow":["GET"]}}],"collection":[{"href":"https:\/\/mes-pochoirs.com\/es\/wp-json\/wp\/v2\/product"}],"about":[{"href":"https:\/\/mes-pochoirs.com\/es\/wp-json\/wp\/v2\/types\/product"}],"replies":[{"embeddable":true,"href":"https:\/\/mes-pochoirs.com\/es\/wp-json\/wp\/v2\/comments?post=16600"}],"wp:featuredmedia":[{"embeddable":true,"href":"https:\/\/mes-pochoirs.com\/es\/wp-json\/wp\/v2\/media\/16554"}],"wp:attachment":[{"href":"https:\/\/mes-pochoirs.com\/es\/wp-json\/wp\/v2\/media?parent=16600"}],"wp:term":[{"taxonomy":"product_brand","embeddable":true,"href":"https:\/\/mes-pochoirs.com\/es\/wp-json\/wp\/v2\/product_brand?post=16600"},{"taxonomy":"product_cat","embeddable":true,"href":"https:\/\/mes-pochoirs.com\/es\/wp-json\/wp\/v2\/product_cat?post=16600"},{"taxonomy":"product_tag","embeddable":true,"href":"https:\/\/mes-pochoirs.com\/es\/wp-json\/wp\/v2\/product_tag?post=16600"}],"curies":[{"name":"wp","href":"https:\/\/api.w.org\/{rel}","templated":true}]}}