{"id":16698,"date":"2024-09-11T15:29:24","date_gmt":"2024-09-11T13:29:24","guid":{"rendered":"https:\/\/mes-pochoirs.com\/?post_type=product&#038;p=16698"},"modified":"2025-10-31T12:13:49","modified_gmt":"2025-10-31T11:13:49","slug":"plantilla-abstracta-felina-a0023","status":"publish","type":"product","link":"https:\/\/mes-pochoirs.com\/es\/produit\/pochoir-felin-abstrait-a0023","title":{"rendered":"Plantilla Felina Abstracta - A0023"},"content":{"rendered":"<h3>Plantilla Felina Abstracta<\/h3>\n<h3>Una representaci\u00f3n abstracta del felino<\/h3>\n<p>Le pochoir f\u00e9lin abstrait est un design artistique unique qui capture l\u2019\u00e9l\u00e9gance myst\u00e9rieuse et la gr\u00e2ce naturelle du chat \u00e0 travers une interpr\u00e9tation abstraite. Ce mod\u00e8le, issu de notre collection animali\u00e8re, met en lumi\u00e8re la t\u00eate de chat avec des lignes \u00e9pur\u00e9es. Le r\u00e9sultat est une \u0153uvre dynamique, qui tout en restant reconnaissable, \u00e9voque la libert\u00e9 et la fluidit\u00e9 des mouvements du f\u00e9lin. Ce pochoir ne se contente pas de repr\u00e9senter un chat\u202f; il en distille l\u2019essence, avec un \u00e9quilibre parfait entre abstraction et r\u00e9alisme. Cette combinaison permet d\u2019utiliser ce pochoir comme une pi\u00e8ce ma\u00eetresse ou un compl\u00e9ment subtil dans vos cr\u00e9ations artistiques. Ce pochoir abstrait a \u00e9t\u00e9 soigneusement con\u00e7u pour les artistes et les passionn\u00e9s d\u2019art contemporain qui cherchent \u00e0 insuffler une touche f\u00e9line \u00e0 leurs \u0153uvres. Que vous soyez dans un style minimaliste ou expressif, ce design exclusif, imagin\u00e9 par notre \u00e9quipe de cr\u00e9ateurs, vous permettra de jouer avec les contrastes, les textures et les nuances pour des rendus visuels \u00e9tonnants. Parfait pour les \u0153uvres murales, les toiles ou les projets DIY, ce pochoir s\u2019adapte \u00e0 une multitude de surfaces. Il invite \u00e0 explorer diff\u00e9rentes techniques cr\u00e9atives, tout en permettant d\u2019exprimer le caract\u00e8re myst\u00e9rieux et intrigant du chat dans vos \u0153uvres.<\/p>","protected":false},"excerpt":{"rendered":"<p>Plantilla abstracta reutilizable de felino de alta calidad. Disponible en varios tama\u00f1os para creaciones sobre distintas superficies con un acabado profesional.<\/p>","protected":false},"featured_media":16689,"comment_status":"open","ping_status":"closed","template":"","meta":{"bwfblock_default_font":"","_kad_blocks_custom_css":"","_kad_blocks_head_custom_js":"","_kad_blocks_body_custom_js":"","_kad_blocks_footer_custom_js":"","_kadence_starter_templates_imported_post":false,"_kad_post_transparent":"default","_kad_post_title":"","_kad_post_layout":"default","_kad_post_sidebar_id":"","_kad_post_content_style":"default","_kad_post_vertical_padding":"default","_kad_post_feature":"","_kad_post_feature_position":"","_kad_post_header":false,"_kad_post_footer":false,"_kad_post_classname":""},"product_brand":[1415],"product_cat":[364],"product_tag":[694,367,766,666,767],"class_list":{"0":"post-16698","1":"product","2":"type-product","3":"status-publish","4":"has-post-thumbnail","6":"product_brand-mes-pochoirs","7":"product_cat-pochoirs-animaux","8":"product_tag-abstrait","9":"product_tag-animal","10":"product_tag-chat","11":"product_tag-felin","12":"product_tag-tete-de-chat","14":"first","15":"instock","16":"taxable","17":"shipping-taxable","18":"purchasable","19":"product-type-variable","20":"has-default-attributes","21":"entry","22":"content-bg","23":"loop-entry"},"taxonomy_info":{"product_brand":[{"value":1415,"label":"Mes Pochoirs"}],"product_cat":[{"value":364,"label":"Animaux"}],"product_tag":[{"value":694,"label":"abstrait"},{"value":367,"label":"animal"},{"value":766,"label":"chat"},{"value":666,"label":"f\u00e9lin"},{"value":767,"label":"t\u00eate de chat"}]},"featured_image_src_large":["https:\/\/mes-pochoirs.com\/wp-content\/uploads\/2024\/09\/A0023-FR-pochoir-tete-chat-1-1-copyright-mes-pochoirs-com--858x1030.jpg",858,1030,true],"author_info":[],"comment_info":1,"_links":{"self":[{"href":"https:\/\/mes-pochoirs.com\/es\/wp-json\/wp\/v2\/product\/16698","targetHints":{"allow":["GET"]}}],"collection":[{"href":"https:\/\/mes-pochoirs.com\/es\/wp-json\/wp\/v2\/product"}],"about":[{"href":"https:\/\/mes-pochoirs.com\/es\/wp-json\/wp\/v2\/types\/product"}],"replies":[{"embeddable":true,"href":"https:\/\/mes-pochoirs.com\/es\/wp-json\/wp\/v2\/comments?post=16698"}],"wp:featuredmedia":[{"embeddable":true,"href":"https:\/\/mes-pochoirs.com\/es\/wp-json\/wp\/v2\/media\/16689"}],"wp:attachment":[{"href":"https:\/\/mes-pochoirs.com\/es\/wp-json\/wp\/v2\/media?parent=16698"}],"wp:term":[{"taxonomy":"product_brand","embeddable":true,"href":"https:\/\/mes-pochoirs.com\/es\/wp-json\/wp\/v2\/product_brand?post=16698"},{"taxonomy":"product_cat","embeddable":true,"href":"https:\/\/mes-pochoirs.com\/es\/wp-json\/wp\/v2\/product_cat?post=16698"},{"taxonomy":"product_tag","embeddable":true,"href":"https:\/\/mes-pochoirs.com\/es\/wp-json\/wp\/v2\/product_tag?post=16698"}],"curies":[{"name":"wp","href":"https:\/\/api.w.org\/{rel}","templated":true}]}}