{"id":16837,"date":"2024-09-17T14:03:55","date_gmt":"2024-09-17T12:03:55","guid":{"rendered":"https:\/\/mes-pochoirs.com\/?post_type=product&#038;p=16837"},"modified":"2025-10-31T12:14:29","modified_gmt":"2025-10-31T11:14:29","slug":"plantilla-cangrejo-a0030","status":"publish","type":"product","link":"https:\/\/mes-pochoirs.com\/es\/produit\/pochoir-crabe-a0030","title":{"rendered":"Plantilla cangrejo - A0030"},"content":{"rendered":"<p>Plantilla de cangrejo<\/p>\n<h3>Plantilla de cangrejo inspirada en el oc\u00e9ano<\/h3>\n<p>La plantilla cangrejo es una creaci\u00f3n \u00fanica y exclusiva que le transportar\u00e1 inmediatamente a las profundidades del oc\u00e9ano y a playas ex\u00f3ticas. Esta plantilla presenta un cangrejo meticulosamente dibujado de nuestra colecci\u00f3n dedicada a los animales marinos. Inspirado en la belleza del mar y de los fondos marinos, este dise\u00f1o art\u00edstico destaca la elegancia y la robustez de este emblem\u00e1tico habitante del oc\u00e9ano. Utilizar esta plantilla significa capturar una peque\u00f1a parte del mundo marino e incorporarla a tus creaciones art\u00edsticas o proyectos decorativos. Tanto si le apasiona la vida marina como si simplemente busca un dise\u00f1o original para realzar sus obras de arte, esta plantilla es ideal para evocar la energ\u00eda del mar, la tranquilidad de las playas y la complejidad de la fauna oce\u00e1nica.<\/p>\n<h4>Dise\u00f1o \u00fanico para creaciones originales<\/h4>\n<p>La plantilla cangrejo forma parte de nuestra categor\u00eda \"animales\", especialmente dise\u00f1ada para artistas que desean a\u00f1adir un toque salvaje o natural a sus obras. Cada modelo de esta colecci\u00f3n ha sido cuidadosamente imaginado y creado por nuestro equipo de dise\u00f1adores, lo que garantiza una exclusividad art\u00edstica que no encontrar\u00e1 en ning\u00fan otro sitio. Esta plantilla le permite variar los estilos, desde una interpretaci\u00f3n realista del cangrejo hasta creaciones m\u00e1s abstractas o modernas, seg\u00fan sus preferencias. Es perfecta para proyectos en los que el tema del mar y la naturaleza sean centrales, y puede utilizarse para decorar una gran variedad de superficies, ya sean lienzos, papel, madera, textiles o paredes. Con esta plantilla, cada pincelada o roc\u00edo captura el esp\u00edritu del oc\u00e9ano, al tiempo que ofrece un acabado preciso y profesional.<\/p>","protected":false},"excerpt":{"rendered":"<p>Plantilla de cangrejo reutilizable en varios tama\u00f1os. Alta calidad, dise\u00f1ada para todas las superficies. Ideal para creaciones originales y duraderas.<\/p>","protected":false},"featured_media":16833,"comment_status":"open","ping_status":"closed","template":"","meta":{"bwfblock_default_font":"","_kad_blocks_custom_css":"","_kad_blocks_head_custom_js":"","_kad_blocks_body_custom_js":"","_kad_blocks_footer_custom_js":"","_kadence_starter_templates_imported_post":false,"_kad_post_transparent":"default","_kad_post_title":"","_kad_post_layout":"default","_kad_post_sidebar_id":"","_kad_post_content_style":"default","_kad_post_vertical_padding":"default","_kad_post_feature":"","_kad_post_feature_position":"","_kad_post_header":false,"_kad_post_footer":false,"_kad_post_classname":""},"product_brand":[1415],"product_cat":[364],"product_tag":[783,784,629,630,626],"class_list":{"0":"post-16837","1":"product","2":"type-product","3":"status-publish","4":"has-post-thumbnail","6":"product_brand-mes-pochoirs","7":"product_cat-pochoirs-animaux","8":"product_tag-crabe","9":"product_tag-fond-marin","10":"product_tag-mer","11":"product_tag-ocean","12":"product_tag-plage","14":"first","15":"instock","16":"taxable","17":"shipping-taxable","18":"purchasable","19":"product-type-variable","20":"has-default-attributes","21":"entry","22":"content-bg","23":"loop-entry"},"taxonomy_info":{"product_brand":[{"value":1415,"label":"Mes Pochoirs"}],"product_cat":[{"value":364,"label":"Animaux"}],"product_tag":[{"value":783,"label":"crabe"},{"value":784,"label":"fond marin"},{"value":629,"label":"mer"},{"value":630,"label":"oc\u00e9an"},{"value":626,"label":"plage"}]},"featured_image_src_large":["https:\/\/mes-pochoirs.com\/wp-content\/uploads\/2024\/09\/A0030-FR-pochoir-crabe-1-1-copyright-mes-pochoirs-com--858x1030.jpg",858,1030,true],"author_info":[],"comment_info":0,"_links":{"self":[{"href":"https:\/\/mes-pochoirs.com\/es\/wp-json\/wp\/v2\/product\/16837","targetHints":{"allow":["GET"]}}],"collection":[{"href":"https:\/\/mes-pochoirs.com\/es\/wp-json\/wp\/v2\/product"}],"about":[{"href":"https:\/\/mes-pochoirs.com\/es\/wp-json\/wp\/v2\/types\/product"}],"replies":[{"embeddable":true,"href":"https:\/\/mes-pochoirs.com\/es\/wp-json\/wp\/v2\/comments?post=16837"}],"wp:featuredmedia":[{"embeddable":true,"href":"https:\/\/mes-pochoirs.com\/es\/wp-json\/wp\/v2\/media\/16833"}],"wp:attachment":[{"href":"https:\/\/mes-pochoirs.com\/es\/wp-json\/wp\/v2\/media?parent=16837"}],"wp:term":[{"taxonomy":"product_brand","embeddable":true,"href":"https:\/\/mes-pochoirs.com\/es\/wp-json\/wp\/v2\/product_brand?post=16837"},{"taxonomy":"product_cat","embeddable":true,"href":"https:\/\/mes-pochoirs.com\/es\/wp-json\/wp\/v2\/product_cat?post=16837"},{"taxonomy":"product_tag","embeddable":true,"href":"https:\/\/mes-pochoirs.com\/es\/wp-json\/wp\/v2\/product_tag?post=16837"}],"curies":[{"name":"wp","href":"https:\/\/api.w.org\/{rel}","templated":true}]}}