{"id":16877,"date":"2024-09-26T09:00:16","date_gmt":"2024-09-26T07:00:16","guid":{"rendered":"https:\/\/mes-pochoirs.com\/?post_type=product&#038;p=16877"},"modified":"2025-10-31T12:14:37","modified_gmt":"2025-10-31T11:14:37","slug":"plantilla-vincent-van-gogh-y-sus-girasoles-ic0002","status":"publish","type":"product","link":"https:\/\/mes-pochoirs.com\/es\/produit\/pochoir-vincent-van-gogh-et-ses-tournesols-ic0002","title":{"rendered":"Plantilla Vincent Van Gogh y sus Girasoles - IC0002"},"content":{"rendered":"<h2>Vincent Van Gogh y su plantilla de girasoles<\/h2>\n<h3>Fusi\u00f3n de luz: Van Gogh en el coraz\u00f3n de los girasoles<\/h3>\n<p>\u00a0<\/p>\n<p>Basada en la obra de John Beckley \"The Sun's Embrace\", esta plantilla \u00fanica captura el poder simb\u00f3lico del encuentro entre el autorretrato de Vincent van Gogh y sus famosos girasoles. La plantilla representa a Van Gogh sosteniendo un jarr\u00f3n de girasoles, un gesto profundamente metaf\u00f3rico que evoca la dualidad del artista: un genio creativo y atormentado, pero enraizado en la luz y la vitalidad que simbolizan estas flores.<\/p>\n<p>Esta plantilla es m\u00e1s que una simple representaci\u00f3n; encarna la lucha interior del artista con la belleza que trata de plasmar. Los radiantes girasoles parecen casi una extensi\u00f3n del propio Van Gogh, una parte de \u00e9l que lleva con orgullo, \u00edntimamente ligada a sus obras m\u00e1s luminosas. La reinterpretaci\u00f3n de John Beckley de esta obra es un respetuoso y poderoso homenaje a Van Gogh, con un toque contempor\u00e1neo. Esta plantilla \u00fanica es una obra de arte en s\u00ed misma.<\/p>\n<h3>Inspiraci\u00f3n sin l\u00edmites : La magia de la plantilla Van Gogh<\/h3>\n<p>Tanto si eres un artista en ciernes como un profesional, un apasionado de Van Gogh o buscas ampliar los l\u00edmites de tu creatividad, esta plantilla \u00fanica a\u00f1adir\u00e1 una dimensi\u00f3n art\u00edstica profunda y simb\u00f3lica a tu trabajo. Ideal para su uso en diversos soportes, le permitir\u00e1 incorporar a sus proyectos la riqueza de una obra ic\u00f3nica. Esta plantilla ofrece la oportunidad de explorar nuevas t\u00e9cnicas, al tiempo que rinde homenaje al legado art\u00edstico de Van Gogh a trav\u00e9s de una interpretaci\u00f3n moderna.<\/p>","protected":false},"excerpt":{"rendered":"<p>Plantilla <span style=\"font-family: var(--global-body-font-family); font-size: 18px; font-weight: normal;\">Vincent Van Gogh y sus Girasoles<\/span>Una fusi\u00f3n simb\u00f3lica del autorretrato de Van Gogh y sus emblem\u00e1ticas flores, ideal para enriquecer sus creaciones art\u00edsticas con una interpretaci\u00f3n contempor\u00e1nea.<\/p>","protected":false},"featured_media":16897,"comment_status":"open","ping_status":"closed","template":"","meta":{"bwfblock_default_font":"","_kad_blocks_custom_css":"","_kad_blocks_head_custom_js":"","_kad_blocks_body_custom_js":"","_kad_blocks_footer_custom_js":"","_kadence_starter_templates_imported_post":false,"_kad_post_transparent":"default","_kad_post_title":"","_kad_post_layout":"default","_kad_post_sidebar_id":"","_kad_post_content_style":"default","_kad_post_vertical_padding":"default","_kad_post_feature":"","_kad_post_feature_position":"","_kad_post_header":false,"_kad_post_footer":false,"_kad_post_classname":""},"product_brand":[1415],"product_cat":[732,36],"product_tag":[656,735,469,340,416,471,564,468,390,792,794,791,338],"class_list":{"0":"post-16877","1":"product","2":"type-product","3":"status-publish","4":"has-post-thumbnail","6":"product_brand-mes-pochoirs","7":"product_cat-pochoirs-icones-celebrites","8":"product_cat-pochoirs-portraits-visages","9":"product_tag-artiste","10":"product_tag-artiste-peintre","11":"product_tag-celebre","12":"product_tag-celebrite","13":"product_tag-fleurs","14":"product_tag-icone","15":"product_tag-oeuvre","16":"product_tag-peintre","17":"product_tag-portrait","18":"product_tag-tournesol","19":"product_tag-van-gogh","20":"product_tag-vincent-van-gogh","21":"product_tag-visage","23":"first","24":"instock","25":"taxable","26":"shipping-taxable","27":"purchasable","28":"product-type-variable","29":"has-default-attributes","30":"entry","31":"content-bg","32":"loop-entry"},"taxonomy_info":{"product_brand":[{"value":1415,"label":"Mes Pochoirs"}],"product_cat":[{"value":732,"label":"Ic\u00f4nes &amp; C\u00e9l\u00e9brit\u00e9s"},{"value":36,"label":"Portraits &amp; Visages"}],"product_tag":[{"value":656,"label":"artiste"},{"value":735,"label":"artiste peintre"},{"value":469,"label":"c\u00e9l\u00e8bre"},{"value":340,"label":"c\u00e9l\u00e9brit\u00e9"},{"value":416,"label":"fleurs"},{"value":471,"label":"icone"},{"value":564,"label":"oeuvre"},{"value":468,"label":"peintre"},{"value":390,"label":"portrait"},{"value":792,"label":"tournesol"},{"value":794,"label":"Van Gogh"},{"value":791,"label":"Vincent Van Gogh"},{"value":338,"label":"visage"}]},"featured_image_src_large":["https:\/\/mes-pochoirs.com\/wp-content\/uploads\/2024\/09\/IC0002-FR-pochoir-vincent-van-gogh-tournesols-1-1-copyright-mes-pochoirs-com--858x1030.jpg",858,1030,true],"author_info":[],"comment_info":7,"_links":{"self":[{"href":"https:\/\/mes-pochoirs.com\/es\/wp-json\/wp\/v2\/product\/16877","targetHints":{"allow":["GET"]}}],"collection":[{"href":"https:\/\/mes-pochoirs.com\/es\/wp-json\/wp\/v2\/product"}],"about":[{"href":"https:\/\/mes-pochoirs.com\/es\/wp-json\/wp\/v2\/types\/product"}],"replies":[{"embeddable":true,"href":"https:\/\/mes-pochoirs.com\/es\/wp-json\/wp\/v2\/comments?post=16877"}],"wp:featuredmedia":[{"embeddable":true,"href":"https:\/\/mes-pochoirs.com\/es\/wp-json\/wp\/v2\/media\/16897"}],"wp:attachment":[{"href":"https:\/\/mes-pochoirs.com\/es\/wp-json\/wp\/v2\/media?parent=16877"}],"wp:term":[{"taxonomy":"product_brand","embeddable":true,"href":"https:\/\/mes-pochoirs.com\/es\/wp-json\/wp\/v2\/product_brand?post=16877"},{"taxonomy":"product_cat","embeddable":true,"href":"https:\/\/mes-pochoirs.com\/es\/wp-json\/wp\/v2\/product_cat?post=16877"},{"taxonomy":"product_tag","embeddable":true,"href":"https:\/\/mes-pochoirs.com\/es\/wp-json\/wp\/v2\/product_tag?post=16877"}],"curies":[{"name":"wp","href":"https:\/\/api.w.org\/{rel}","templated":true}]}}