{"id":16900,"date":"2024-09-19T10:24:36","date_gmt":"2024-09-19T08:24:36","guid":{"rendered":"https:\/\/mes-pochoirs.com\/?post_type=product&#038;p=16900"},"modified":"2025-10-31T12:14:41","modified_gmt":"2025-10-31T11:14:41","slug":"plantilla-hojas-de-arbol-n0003","status":"publish","type":"product","link":"https:\/\/mes-pochoirs.com\/es\/produit\/pochoir-feuilles-darbres-n0003","title":{"rendered":"Plantilla Hojas de \u00e1rbol - N0003"},"content":{"rendered":"<h2>Plantilla Hojas de \u00e1rbol<\/h2>\n<h3>Un toque de naturaleza para sus creaciones<\/h3>\n<p>Le pochoir feuilles d&#8217;arbres est un v\u00e9ritable hommage \u00e0 la beaut\u00e9 de la nature, offrant un assemblage d\u00e9taill\u00e9 de feuilles qui \u00e9voque la vie v\u00e9g\u00e9tale dans toute sa splendeur. Ce motif unique capture l\u2019essence des for\u00eats, des arbres majestueux et de la v\u00e9g\u00e9tation dense, pour apporter une ambiance naturelle et apaisante \u00e0 vos cr\u00e9ations. Ce mod\u00e8le fait partie de notre cat\u00e9gorie nature, sp\u00e9cialement con\u00e7ue pour les artistes qui souhaitent s\u2019inspirer des \u00e9l\u00e9ments organiques. En int\u00e9grant ce pochoir dans vos projets, vous apportez une touche de verdure et de s\u00e9r\u00e9nit\u00e9 qui rappelle les cycles des saisons et la connexion profonde que nous entretenons avec la nature. Que vous soyez inspir\u00e9 par la fra\u00eecheur printani\u00e8re ou par la chaleur automnale, ce motif riche en d\u00e9tails vous permet d\u2019explorer un large \u00e9ventail de th\u00e8mes, tout en jouant avec les textures et les nuances du feuillage. Cr\u00e9\u00e9 pour les artistes et d\u00e9corateurs, ce design exclusif a \u00e9t\u00e9 imagin\u00e9 et r\u00e9alis\u00e9 par notre \u00e9quipe, garantissant une originalit\u00e9 que vous ne trouverez nulle part ailleurs. Le pochoir feuilles arbre est parfait pour ceux qui souhaitent ajouter une dimension naturelle \u00e0 leurs \u0153uvres ou d\u00e9corer diff\u00e9rents types de surfaces. Que vous l\u2019utilisiez pour cr\u00e9er des fonds v\u00e9g\u00e9taux subtils ou pour ajouter des \u00e9l\u00e9ments de d\u00e9tail \u00e0 vos compositions, ce pochoir vous offre une grande libert\u00e9 cr\u00e9ative. Il s&#8217;adapte \u00e0 diff\u00e9rents styles artistiques, allant du r\u00e9alisme botanic \u00e0 des formes abstraites plus contemporaines. Il est id\u00e9al pour les projets d\u2019int\u00e9rieur comme de d\u00e9coration ext\u00e9rieure, ajoutant une touche naturelle et \u00e9l\u00e9gante \u00e0 tout type de support.<\/p>","protected":false},"excerpt":{"rendered":"<p>Plantilla de hojas de \u00e1rbol reutilizable de alta calidad, disponible en varios tama\u00f1os. Perfecta para decorar todos tus materiales creativos y art\u00edsticos.<\/p>","protected":false},"featured_media":16895,"comment_status":"open","ping_status":"closed","template":"","meta":{"bwfblock_default_font":"","_kad_blocks_custom_css":"","_kad_blocks_head_custom_js":"","_kad_blocks_body_custom_js":"","_kad_blocks_footer_custom_js":"","_kadence_starter_templates_imported_post":false,"_kad_post_transparent":"default","_kad_post_title":"","_kad_post_layout":"default","_kad_post_sidebar_id":"","_kad_post_content_style":"default","_kad_post_vertical_padding":"default","_kad_post_feature":"","_kad_post_feature_position":"","_kad_post_header":false,"_kad_post_footer":false,"_kad_post_classname":""},"product_brand":[1415],"product_cat":[369],"product_tag":[414,793,790,237,371,370,789,788],"class_list":{"0":"post-16900","1":"product","2":"type-product","3":"status-publish","4":"has-post-thumbnail","6":"product_brand-mes-pochoirs","7":"product_cat-pochoirs-nature","8":"product_tag-arbre","9":"product_tag-arbres","10":"product_tag-feuillage","11":"product_tag-feuille","12":"product_tag-feuilles","13":"product_tag-nature","14":"product_tag-saison","15":"product_tag-vegetation","17":"first","18":"instock","19":"taxable","20":"shipping-taxable","21":"purchasable","22":"product-type-variable","23":"has-default-attributes","24":"entry","25":"content-bg","26":"loop-entry"},"taxonomy_info":{"product_brand":[{"value":1415,"label":"Mes Pochoirs"}],"product_cat":[{"value":369,"label":"Nature"}],"product_tag":[{"value":414,"label":"Arbre"},{"value":793,"label":"arbres"},{"value":790,"label":"feuillage"},{"value":237,"label":"feuille"},{"value":371,"label":"feuilles"},{"value":370,"label":"nature"},{"value":789,"label":"saison"},{"value":788,"label":"v\u00e9g\u00e9tation"}]},"featured_image_src_large":["https:\/\/mes-pochoirs.com\/wp-content\/uploads\/2024\/09\/N0003-FR-pochoir-nature-feuille-arbres-1-1-copyright-mes-pochoirs-com--858x1030.jpg",858,1030,true],"author_info":[],"comment_info":0,"_links":{"self":[{"href":"https:\/\/mes-pochoirs.com\/es\/wp-json\/wp\/v2\/product\/16900","targetHints":{"allow":["GET"]}}],"collection":[{"href":"https:\/\/mes-pochoirs.com\/es\/wp-json\/wp\/v2\/product"}],"about":[{"href":"https:\/\/mes-pochoirs.com\/es\/wp-json\/wp\/v2\/types\/product"}],"replies":[{"embeddable":true,"href":"https:\/\/mes-pochoirs.com\/es\/wp-json\/wp\/v2\/comments?post=16900"}],"wp:featuredmedia":[{"embeddable":true,"href":"https:\/\/mes-pochoirs.com\/es\/wp-json\/wp\/v2\/media\/16895"}],"wp:attachment":[{"href":"https:\/\/mes-pochoirs.com\/es\/wp-json\/wp\/v2\/media?parent=16900"}],"wp:term":[{"taxonomy":"product_brand","embeddable":true,"href":"https:\/\/mes-pochoirs.com\/es\/wp-json\/wp\/v2\/product_brand?post=16900"},{"taxonomy":"product_cat","embeddable":true,"href":"https:\/\/mes-pochoirs.com\/es\/wp-json\/wp\/v2\/product_cat?post=16900"},{"taxonomy":"product_tag","embeddable":true,"href":"https:\/\/mes-pochoirs.com\/es\/wp-json\/wp\/v2\/product_tag?post=16900"}],"curies":[{"name":"wp","href":"https:\/\/api.w.org\/{rel}","templated":true}]}}