{"id":16949,"date":"2024-09-23T09:16:45","date_gmt":"2024-09-23T07:16:45","guid":{"rendered":"https:\/\/mes-pochoirs.com\/?post_type=product&#038;p=16949"},"modified":"2025-10-31T12:14:44","modified_gmt":"2025-10-31T11:14:44","slug":"plantilla-urbana-no-war-panel-u0010","status":"publish","type":"product","link":"https:\/\/mes-pochoirs.com\/es\/produit\/pochoir-urbain-panneau-no-war-u0010","title":{"rendered":"Plantilla urbana \"No a la guerra\" - U0010"},"content":{"rendered":"<h2>El panel \"No a la guerra\" de Urban Stencil<\/h2>\n<h3>Una declaraci\u00f3n fuerte y simb\u00f3lica<\/h3>\n<p>La plantilla urbana \"no a la guerra\" es mucho m\u00e1s que una herramienta creativa: representa una firme postura contra la violencia y los conflictos en nuestra sociedad. Con su dise\u00f1o que imita una se\u00f1al de tr\u00e1fico urbana, inserta esta reivindicaci\u00f3n en un marco visual cotidiano, recordando a todos que el mensaje de paz debe estar omnipresente, ya sea en la calle, en una esquina de la ciudad o en el muro de un artista. Esta plantilla, de nuestra categor\u00eda urbana, est\u00e1 dise\u00f1ada para causar una impresi\u00f3n duradera, ya sea en creaciones personales, arte callejero o incluso proyectos decorativos. Con la inscripci\u00f3n \"no a la guerra\", esta plantilla incita a la reflexi\u00f3n inmediata, invitando a la paz y a la solidaridad a trav\u00e9s del arte. Se dirige a quienes desean introducir una dimensi\u00f3n social y comprometida en su trabajo, transformando cada soporte en una plataforma de expresi\u00f3n.<\/p>\n<h3>Un estilo \u00fanico para creaciones impactantes<\/h3>\n<p>Con esta plantilla, los estilos urbano y street-art cobran protagonismo. La est\u00e9tica descarnada y directa del panel se inspira en los c\u00f3digos visuales de las grandes ciudades y calles. Nuestro equipo ha ideado este dise\u00f1o exclusivo para los artistas que desean incorporar elementos gr\u00e1ficos urbanos a sus creaciones. Ya sea sobre lienzos, paredes u otras superficies, esta plantilla aporta un toque decididamente moderno y din\u00e1mico. Este modelo forma parte de una colecci\u00f3n pensada para quienes buscan dise\u00f1os potentes y urbanos para realzar sus proyectos con una est\u00e9tica contempor\u00e1nea y comprometida. Se convierte en una herramienta esencial para cualquier artista que busque expresar ideas universales y hacerse eco de las preocupaciones de nuestro tiempo.<\/p>\n<h2>Ampliar detalles t\u00e9cnicos<\/h2>\n<ul>\n<li><strong>Referencia:<\/strong> U0010<\/li>\n<li><strong>Formato de la plantilla<\/strong>Cuadrado 1:1<\/li>\n<li><strong>Tallas disponibles :<\/strong> de 20 x 20 cm \u00e0 80 x 80 cm Ce pochoir est propos\u00e9 en plusieurs dimensions pour s\u2019adapter parfaitement \u00e0 tous vos projets artistiques.<\/li>\n<li><strong>Materiales y dise\u00f1o:<\/strong>Todas nuestras plantillas se fabrican en nuestro taller, utilizando pl\u00e1stico flexible de alta calidad que es robusto, reversible y reutilizable, lo que garantiza una larga vida \u00fatil y un uso repetido.<\/li>\n<li><strong>Precisi\u00f3n y versatilidad de uso:<\/strong> Cada plantilla se corta con gran precisi\u00f3n para ofrecer detalles n\u00edtidos y acabados impecables, garantizando un aspecto profesional. Gracias a su versatilidad, puede aplicarse a una amplia gama de superficies, como paredes, lienzos, papel, madera y textiles, utilizando diversas t\u00e9cnicas como pincel, esp\u00e1tula, acr\u00edlico, acuarela o pintura en aerosol.<\/li>\n<\/ul>","protected":false},"excerpt":{"rendered":"<p>Plantilla urbana no b\u00e9lica reutilizable fabricada en pl\u00e1stico de alta calidad. Disponible en varios tama\u00f1os para tus proyectos creativos y decorativos.<\/p>","protected":false},"featured_media":16944,"comment_status":"open","ping_status":"closed","template":"","meta":{"bwfblock_default_font":"","_kad_blocks_custom_css":"","_kad_blocks_head_custom_js":"","_kad_blocks_body_custom_js":"","_kad_blocks_footer_custom_js":"","_kadence_starter_templates_imported_post":false,"_kad_post_transparent":"default","_kad_post_title":"","_kad_post_layout":"default","_kad_post_sidebar_id":"","_kad_post_content_style":"default","_kad_post_vertical_padding":"default","_kad_post_feature":"","_kad_post_feature_position":"","_kad_post_header":false,"_kad_post_footer":false,"_kad_post_classname":""},"product_brand":[1415],"product_cat":[273,328],"product_tag":[274,503,446,327,286,276],"class_list":{"0":"post-16949","1":"product","2":"type-product","3":"status-publish","4":"has-post-thumbnail","6":"product_brand-mes-pochoirs","7":"product_cat-pochoirs-urbains","8":"product_cat-pochoirs-street-art","9":"product_tag-panneau","10":"product_tag-rue","11":"product_tag-street","12":"product_tag-street-art","13":"product_tag-urbain","14":"product_tag-ville","16":"first","17":"instock","18":"taxable","19":"shipping-taxable","20":"purchasable","21":"product-type-variable","22":"has-default-attributes","23":"entry","24":"content-bg","25":"loop-entry"},"taxonomy_info":{"product_brand":[{"value":1415,"label":"Mes Pochoirs"}],"product_cat":[{"value":273,"label":"Urbains"},{"value":328,"label":"Street Art"}],"product_tag":[{"value":274,"label":"Panneau"},{"value":503,"label":"rue"},{"value":446,"label":"street"},{"value":327,"label":"street art"},{"value":286,"label":"urbain"},{"value":276,"label":"ville"}]},"featured_image_src_large":["https:\/\/mes-pochoirs.com\/wp-content\/uploads\/2024\/09\/U0010-FR-pochoir-panneau-no-war-1-1-copyright-mes-pochoirs-com--858x1030.jpg",858,1030,true],"author_info":[],"comment_info":0,"_links":{"self":[{"href":"https:\/\/mes-pochoirs.com\/es\/wp-json\/wp\/v2\/product\/16949","targetHints":{"allow":["GET"]}}],"collection":[{"href":"https:\/\/mes-pochoirs.com\/es\/wp-json\/wp\/v2\/product"}],"about":[{"href":"https:\/\/mes-pochoirs.com\/es\/wp-json\/wp\/v2\/types\/product"}],"replies":[{"embeddable":true,"href":"https:\/\/mes-pochoirs.com\/es\/wp-json\/wp\/v2\/comments?post=16949"}],"wp:featuredmedia":[{"embeddable":true,"href":"https:\/\/mes-pochoirs.com\/es\/wp-json\/wp\/v2\/media\/16944"}],"wp:attachment":[{"href":"https:\/\/mes-pochoirs.com\/es\/wp-json\/wp\/v2\/media?parent=16949"}],"wp:term":[{"taxonomy":"product_brand","embeddable":true,"href":"https:\/\/mes-pochoirs.com\/es\/wp-json\/wp\/v2\/product_brand?post=16949"},{"taxonomy":"product_cat","embeddable":true,"href":"https:\/\/mes-pochoirs.com\/es\/wp-json\/wp\/v2\/product_cat?post=16949"},{"taxonomy":"product_tag","embeddable":true,"href":"https:\/\/mes-pochoirs.com\/es\/wp-json\/wp\/v2\/product_tag?post=16949"}],"curies":[{"name":"wp","href":"https:\/\/api.w.org\/{rel}","templated":true}]}}