{"id":17175,"date":"2024-10-03T12:43:19","date_gmt":"2024-10-03T10:43:19","guid":{"rendered":"https:\/\/mes-pochoirs.com\/?post_type=product&#038;p=17175"},"modified":"2025-10-31T12:14:52","modified_gmt":"2025-10-31T11:14:52","slug":"jack-russell-plantilla-a0035","status":"publish","type":"product","link":"https:\/\/mes-pochoirs.com\/es\/produit\/pochoir-jack-russell-a0035","title":{"rendered":"Jack Russell Plantilla - A0035"},"content":{"rendered":"<h2>Plantilla Jack Russell\u00a0<\/h2>\n<h3>Un compa\u00f1ero fiel en tus trabajos<\/h3>\n<p>La plantilla Jack Russell de nuestra colecci\u00f3n est\u00e1 protagonizada por un perro Jack Russell, famoso por su energ\u00eda desbordante y su car\u00e1cter afectuoso. Este dise\u00f1o exclusivo capta a la perfecci\u00f3n la esencia de esta raza din\u00e1mica, a menudo caracterizada por su vivacidad y su mente inteligente. El Jack Russell es m\u00e1s que una mascota: encarna la lealtad, la determinaci\u00f3n y el amor incondicional que los perros aportan a sus due\u00f1os. Con esta plantilla, podr\u00e1s expresar estas cualidades en tus creaciones, ya sean de interiorismo, proyectos art\u00edsticos o simples toques personales sobre distintos soportes. Esta plantilla de nuestra colecci\u00f3n \u201canimales\u201d es perfecta para los artistas que deseen incorporar un toque canino a sus obras. El Jack Russell, con su aspecto distinguido y sus rasgos caracter\u00edsticos, es un s\u00edmbolo poderoso para todos los amantes de los perros. Este modelo exclusivo, imaginado y dise\u00f1ado por nuestro equipo, capta el esp\u00edritu juguet\u00f3n y protector de esta raza en una elegante representaci\u00f3n art\u00edstica. Tanto si desea a\u00f1adir un ambiente amistoso a una habitaci\u00f3n como rendir homenaje a la belleza de esta raza, la plantilla Jack Russell es una opci\u00f3n ideal para todas sus creaciones art\u00edsticas.<\/p>\n<h3>Un estilo vers\u00e1til para todos sus trabajos<\/h3>\n<p>El dise\u00f1o de plantilla Jack Russell es adecuado para una gran variedad de estilos creativos, tanto si prefieres una representaci\u00f3n realista, contempor\u00e1nea o abstracta. Esta plantilla ofrece una flexibilidad inigualable para ilustrar el car\u00e1cter \u00fanico de este perro de raza, desde retratos detallados hasta dise\u00f1os m\u00e1s sencillos. Gracias a sus l\u00edneas finamente recortadas, esta plantilla permite trabajar con matices sutiles o contrastes m\u00e1s marcados, seg\u00fan el efecto deseado. Los artistas pueden crear f\u00e1cilmente obras din\u00e1micas que capten la vitalidad del Jack Russell. Esta plantilla tambi\u00e9n es ideal para quienes buscan decorar todo tipo de superficies. Ya sean paredes, lienzos, madera o textiles, la plantilla Jack Russell aporta un toque animal a cualquier proyecto creativo. Util\u00edzala para personalizar objetos cotidianos, crear murales de pared o crear obras para los amantes de los perros. El Jack Russell, con su aspecto alegre y simp\u00e1tico, combina a la perfecci\u00f3n con creaciones que evocan la naturaleza, la familia o la amistad. \u00a0<\/p>","protected":false},"excerpt":{"rendered":"<p>Plantilla Jack Russell de alta calidad, reutilizable y disponible en varios tama\u00f1os. Ideal para crear obras de arte y decorar cualquier superficie con estilo.<\/p>","protected":false},"featured_media":17164,"comment_status":"open","ping_status":"closed","template":"","meta":{"bwfblock_default_font":"","_kad_blocks_custom_css":"","_kad_blocks_head_custom_js":"","_kad_blocks_body_custom_js":"","_kad_blocks_footer_custom_js":"","_kadence_starter_templates_imported_post":false,"_kad_post_transparent":"default","_kad_post_title":"","_kad_post_layout":"default","_kad_post_sidebar_id":"","_kad_post_content_style":"default","_kad_post_vertical_padding":"default","_kad_post_feature":"","_kad_post_feature_position":"","_kad_post_header":false,"_kad_post_footer":false,"_kad_post_classname":""},"product_brand":[1415],"product_cat":[364],"product_tag":[710,708,780,806],"class_list":{"0":"post-17175","1":"product","2":"type-product","3":"status-publish","4":"has-post-thumbnail","6":"product_brand-mes-pochoirs","7":"product_cat-pochoirs-animaux","8":"product_tag-animal-de-compagnie","9":"product_tag-chien","10":"product_tag-chien-de-race","11":"product_tag-jack-russell","13":"first","14":"instock","15":"taxable","16":"shipping-taxable","17":"purchasable","18":"product-type-variable","19":"has-default-attributes","20":"entry","21":"content-bg","22":"loop-entry"},"taxonomy_info":{"product_brand":[{"value":1415,"label":"Mes Pochoirs"}],"product_cat":[{"value":364,"label":"Animaux"}],"product_tag":[{"value":710,"label":"animal de compagnie"},{"value":708,"label":"chien"},{"value":780,"label":"Chien de race"},{"value":806,"label":"jack russell"}]},"featured_image_src_large":["https:\/\/mes-pochoirs.com\/wp-content\/uploads\/2024\/10\/A0035-FR-pochoir-chien-jack-russell-1-1-copyright-mes-pochoirs-com--858x1030.jpg",858,1030,true],"author_info":[],"comment_info":0,"_links":{"self":[{"href":"https:\/\/mes-pochoirs.com\/es\/wp-json\/wp\/v2\/product\/17175","targetHints":{"allow":["GET"]}}],"collection":[{"href":"https:\/\/mes-pochoirs.com\/es\/wp-json\/wp\/v2\/product"}],"about":[{"href":"https:\/\/mes-pochoirs.com\/es\/wp-json\/wp\/v2\/types\/product"}],"replies":[{"embeddable":true,"href":"https:\/\/mes-pochoirs.com\/es\/wp-json\/wp\/v2\/comments?post=17175"}],"wp:featuredmedia":[{"embeddable":true,"href":"https:\/\/mes-pochoirs.com\/es\/wp-json\/wp\/v2\/media\/17164"}],"wp:attachment":[{"href":"https:\/\/mes-pochoirs.com\/es\/wp-json\/wp\/v2\/media?parent=17175"}],"wp:term":[{"taxonomy":"product_brand","embeddable":true,"href":"https:\/\/mes-pochoirs.com\/es\/wp-json\/wp\/v2\/product_brand?post=17175"},{"taxonomy":"product_cat","embeddable":true,"href":"https:\/\/mes-pochoirs.com\/es\/wp-json\/wp\/v2\/product_cat?post=17175"},{"taxonomy":"product_tag","embeddable":true,"href":"https:\/\/mes-pochoirs.com\/es\/wp-json\/wp\/v2\/product_tag?post=17175"}],"curies":[{"name":"wp","href":"https:\/\/api.w.org\/{rel}","templated":true}]}}