{"id":17182,"date":"2024-10-03T14:14:07","date_gmt":"2024-10-03T12:14:07","guid":{"rendered":"https:\/\/mes-pochoirs.com\/?post_type=product&#038;p=17182"},"modified":"2026-03-16T15:24:52","modified_gmt":"2026-03-16T14:24:52","slug":"plantilla-caniche-a0036","status":"publish","type":"product","link":"https:\/\/mes-pochoirs.com\/es\/produit\/pochoir-caniche-a0036","title":{"rendered":"Plantilla Caniche - A0036"},"content":{"rendered":"<h2>Plantilla Caniche<\/h2>\n<h3>Elegancia y encanto en sus creaciones<\/h3>\n<p>La plantilla Caniche de nuestra colecci\u00f3n representa delicadamente a un perro Caniche, una raza famosa por su elegancia, inteligencia y temperamento afectuoso. Este dise\u00f1o exclusivo capta a la perfecci\u00f3n la esencia de este sofisticado perro de compa\u00f1\u00eda, apreciado por su car\u00e1cter alegre y su lealtad. El Caniche, con su noble porte y su caracter\u00edstico pelaje, encarna la gracia y la vivacidad. Esta plantilla es ideal para los artistas que deseen incorporar a sus obras un elemento refinado a la par que entra\u00f1able. Tanto si eres un fan de esta raza como si simplemente buscas un toque animal \u00fanico para tus proyectos decorativos, esta plantilla colmar\u00e1 tus expectativas. De nuestra colecci\u00f3n \u201canimales\u201d, esta plantilla Caniche es perfecta para crear un ambiente elegante y c\u00e1lido en sus creaciones. El Caniche se asocia a menudo con la inteligencia, la energ\u00eda y el car\u00e1cter sociable, lo que lo convierte en un tema ideal para obras que expresen vivacidad y simpat\u00eda. Este modelo exclusivo, dise\u00f1ado por nuestro equipo, representa con autenticidad los rasgos distintivos de esta raza canina, al tiempo que ofrece un toque art\u00edstico que puede adaptarse a multitud de estilos creativos. Ya sea para un proyecto art\u00edstico o para a\u00f1adir un motivo sofisticado a sus paredes, muebles o accesorios, esta plantilla es una excelente elecci\u00f3n para los amantes de los perros y los artistas que buscan dise\u00f1os \u00fanicos.<\/p>\n<h3>Un estilo vers\u00e1til para todos sus proyectos<\/h3>\n<p>El dise\u00f1o de la plantilla Caniche es extremadamente flexible y puede utilizarse en una gran variedad de estilos art\u00edsticos. Tanto si prefiere un aspecto realista, contempor\u00e1neo o incluso abstracto, este modelo encajar\u00e1 a la perfecci\u00f3n en sus proyectos creativos. Gracias a sus detalles finamente recortados, permite una gran libertad de interpretaci\u00f3n: puede trabajar con matices sutiles para un efecto delicado o jugar con contrastes m\u00e1s marcados para resaltar la nobleza del Caniche. Esta plantilla tambi\u00e9n es perfecta para crear obras din\u00e1micas y expresivas que capten la energ\u00eda y sofisticaci\u00f3n de este perro de raza. La plantilla Caniche se presta a multitud de soportes art\u00edsticos y decorativos, ya sean paredes, lienzos, papel, madera o textiles. Util\u00edcela para decorar una habitaci\u00f3n con un elegante toque animal o para personalizar objetos cotidianos con un motivo refinado. Ya sea para crear un mural o simplemente para a\u00f1adir un detalle encantador a un lienzo o a un mueble, esta plantilla aporta un toque de elegancia y car\u00e1cter a todas sus creaciones. \u00a0<\/p>","protected":false},"excerpt":{"rendered":"<p>Plantilla Caniche de alta calidad, reutilizable y disponible en varios tama\u00f1os. Perfecta para decorar paredes, lienzos, madera y textiles con estilo y delicadeza.<\/p>","protected":false},"featured_media":17165,"comment_status":"open","ping_status":"closed","template":"","meta":{"bwfblock_default_font":"","_kad_blocks_custom_css":"","_kad_blocks_head_custom_js":"","_kad_blocks_body_custom_js":"","_kad_blocks_footer_custom_js":"","_kadence_starter_templates_imported_post":false,"_kad_post_transparent":"default","_kad_post_title":"","_kad_post_layout":"default","_kad_post_sidebar_id":"","_kad_post_content_style":"default","_kad_post_vertical_padding":"default","_kad_post_feature":"","_kad_post_feature_position":"","_kad_post_header":false,"_kad_post_footer":false,"_kad_post_classname":""},"product_brand":[1415],"product_cat":[364],"product_tag":[710,807,708,780],"class_list":{"0":"post-17182","1":"product","2":"type-product","3":"status-publish","4":"has-post-thumbnail","6":"product_brand-mes-pochoirs","7":"product_cat-pochoirs-animaux","8":"product_tag-animal-de-compagnie","9":"product_tag-caniche","10":"product_tag-chien","11":"product_tag-chien-de-race","13":"first","14":"instock","15":"taxable","16":"shipping-taxable","17":"purchasable","18":"product-type-variable","19":"has-default-attributes","20":"entry","21":"content-bg","22":"loop-entry"},"taxonomy_info":{"product_brand":[{"value":1415,"label":"Mes Pochoirs"}],"product_cat":[{"value":364,"label":"Animaux"}],"product_tag":[{"value":710,"label":"animal de compagnie"},{"value":807,"label":"Caniche"},{"value":708,"label":"chien"},{"value":780,"label":"Chien de race"}]},"featured_image_src_large":["https:\/\/mes-pochoirs.com\/wp-content\/uploads\/2024\/10\/A0036-FR-pochoir-chien-caniche-1-1-copyright-mes-pochoirs-com--858x1030.jpg",858,1030,true],"author_info":[],"comment_info":1,"_links":{"self":[{"href":"https:\/\/mes-pochoirs.com\/es\/wp-json\/wp\/v2\/product\/17182","targetHints":{"allow":["GET"]}}],"collection":[{"href":"https:\/\/mes-pochoirs.com\/es\/wp-json\/wp\/v2\/product"}],"about":[{"href":"https:\/\/mes-pochoirs.com\/es\/wp-json\/wp\/v2\/types\/product"}],"replies":[{"embeddable":true,"href":"https:\/\/mes-pochoirs.com\/es\/wp-json\/wp\/v2\/comments?post=17182"}],"wp:featuredmedia":[{"embeddable":true,"href":"https:\/\/mes-pochoirs.com\/es\/wp-json\/wp\/v2\/media\/17165"}],"wp:attachment":[{"href":"https:\/\/mes-pochoirs.com\/es\/wp-json\/wp\/v2\/media?parent=17182"}],"wp:term":[{"taxonomy":"product_brand","embeddable":true,"href":"https:\/\/mes-pochoirs.com\/es\/wp-json\/wp\/v2\/product_brand?post=17182"},{"taxonomy":"product_cat","embeddable":true,"href":"https:\/\/mes-pochoirs.com\/es\/wp-json\/wp\/v2\/product_cat?post=17182"},{"taxonomy":"product_tag","embeddable":true,"href":"https:\/\/mes-pochoirs.com\/es\/wp-json\/wp\/v2\/product_tag?post=17182"}],"curies":[{"name":"wp","href":"https:\/\/api.w.org\/{rel}","templated":true}]}}