{"id":17222,"date":"2024-10-04T10:02:05","date_gmt":"2024-10-04T08:02:05","guid":{"rendered":"https:\/\/mes-pochoirs.com\/?post_type=product&#038;p=17222"},"modified":"2025-10-31T12:14:59","modified_gmt":"2025-10-31T11:14:59","slug":"plantilla-futbolista-hombre-sp0006","status":"publish","type":"product","link":"https:\/\/mes-pochoirs.com\/es\/produit\/pochoir-homme-footballeur-sp0006","title":{"rendered":"Plantilla de f\u00fatbol - SP0006"},"content":{"rendered":"<h2>Plantilla de f\u00fatbol\u00a0<\/h2>\n<h3>Un icono deportivo en su arte<\/h3>\n<p>La plantilla de futbolista masculino encarna la energ\u00eda, la pasi\u00f3n y la adrenalina de uno de los deportes m\u00e1s populares del mundo: el f\u00fatbol. Esta plantilla, que representa a un futbolista en acci\u00f3n, forma parte de nuestra categor\u00eda de deportes y ha sido cuidadosamente dise\u00f1ada para rendir homenaje a la belleza y el poder de este juego universal. Tanto si eres un aficionado al f\u00fatbol como si simplemente te atrae el esp\u00edritu deportivo que trasciende fronteras, esta plantilla exclusiva es la herramienta perfecta para introducir este din\u00e1mico mundo en tus dise\u00f1os. El f\u00fatbol, deporte de equipo por excelencia, simboliza la coordinaci\u00f3n, la fuerza y la concentraci\u00f3n, cualidades que esta plantilla transmite a trav\u00e9s de sus l\u00edneas fluidas y detalles precisos. Ya sea para decorar un mural, un lienzo o incluso para personalizar textiles, esta plantilla aportar\u00e1 un toque deportivo y contempor\u00e1neo a tus trabajos.<\/p>\n<h3>Un dise\u00f1o \u00fanico para inspirar creaciones deportivas<\/h3>\n<p>Parte de nuestra colecci\u00f3n exclusiva para artistas que desean a\u00f1adir una dimensi\u00f3n deportiva a sus obras, esta plantilla est\u00e1 dise\u00f1ada para ser vers\u00e1til y adaptable a cualquier tipo de superficie. El estilo din\u00e1mico y realista del futbolista en acci\u00f3n est\u00e1 dise\u00f1ado para captar los r\u00e1pidos movimientos y la determinaci\u00f3n que caracterizan a este emblem\u00e1tico deporte. Tanto si desea crear una intensa escena de partido como si simplemente desea utilizar la silueta como elemento gr\u00e1fico, esta plantilla se presta a numerosas interpretaciones art\u00edsticas. Nuestros dise\u00f1os, creados por nuestro equipo de apasionados dise\u00f1adores, son exclusivos y destacan por su originalidad. Constituyen una base ideal para una amplia gama de trabajos, desde la decoraci\u00f3n de interiores modernos hasta la personalizaci\u00f3n de accesorios deportivos. Con esta plantilla de hombre futbolista, tu creatividad ser\u00e1 el terreno de juego perfecto para expresar tu pasi\u00f3n por el deporte. \u00a0<\/p>","protected":false},"excerpt":{"rendered":"<p>Plantilla de futbolista reutilizable de alta calidad disponible en varios tama\u00f1os. Ideal para crear ilustraciones deportivas en cualquier superficie.<\/p>","protected":false},"featured_media":17218,"comment_status":"open","ping_status":"closed","template":"","meta":{"bwfblock_default_font":"","_kad_blocks_custom_css":"","_kad_blocks_head_custom_js":"","_kad_blocks_body_custom_js":"","_kad_blocks_footer_custom_js":"","_kadence_starter_templates_imported_post":false,"_kad_post_transparent":"default","_kad_post_title":"","_kad_post_layout":"default","_kad_post_sidebar_id":"","_kad_post_content_style":"default","_kad_post_vertical_padding":"default","_kad_post_feature":"","_kad_post_feature_position":"","_kad_post_header":false,"_kad_post_footer":false,"_kad_post_classname":""},"product_brand":[1415],"product_cat":[707,36],"product_tag":[716,718,818,719,819,712],"class_list":{"0":"post-17222","1":"product","2":"type-product","3":"status-publish","4":"has-post-thumbnail","6":"product_brand-mes-pochoirs","7":"product_cat-pochoirs-sports","8":"product_cat-pochoirs-portraits-visages","9":"product_tag-ballon","10":"product_tag-foot","11":"product_tag-football","12":"product_tag-footballeur","13":"product_tag-joueur-football","14":"product_tag-sport","16":"first","17":"instock","18":"taxable","19":"shipping-taxable","20":"purchasable","21":"product-type-variable","22":"has-default-attributes","23":"entry","24":"content-bg","25":"loop-entry"},"taxonomy_info":{"product_brand":[{"value":1415,"label":"Mes Pochoirs"}],"product_cat":[{"value":707,"label":"Sports"},{"value":36,"label":"Portraits &amp; Visages"}],"product_tag":[{"value":716,"label":"ballon"},{"value":718,"label":"foot"},{"value":818,"label":"football"},{"value":719,"label":"footballeur"},{"value":819,"label":"joueur football"},{"value":712,"label":"sport"}]},"featured_image_src_large":["https:\/\/mes-pochoirs.com\/wp-content\/uploads\/2024\/10\/SP0006-FR-pochoir-footballeur-1-1-copyright-mes-pochoirs-com--858x1030.jpg",858,1030,true],"author_info":[],"comment_info":0,"_links":{"self":[{"href":"https:\/\/mes-pochoirs.com\/es\/wp-json\/wp\/v2\/product\/17222","targetHints":{"allow":["GET"]}}],"collection":[{"href":"https:\/\/mes-pochoirs.com\/es\/wp-json\/wp\/v2\/product"}],"about":[{"href":"https:\/\/mes-pochoirs.com\/es\/wp-json\/wp\/v2\/types\/product"}],"replies":[{"embeddable":true,"href":"https:\/\/mes-pochoirs.com\/es\/wp-json\/wp\/v2\/comments?post=17222"}],"wp:featuredmedia":[{"embeddable":true,"href":"https:\/\/mes-pochoirs.com\/es\/wp-json\/wp\/v2\/media\/17218"}],"wp:attachment":[{"href":"https:\/\/mes-pochoirs.com\/es\/wp-json\/wp\/v2\/media?parent=17222"}],"wp:term":[{"taxonomy":"product_brand","embeddable":true,"href":"https:\/\/mes-pochoirs.com\/es\/wp-json\/wp\/v2\/product_brand?post=17222"},{"taxonomy":"product_cat","embeddable":true,"href":"https:\/\/mes-pochoirs.com\/es\/wp-json\/wp\/v2\/product_cat?post=17222"},{"taxonomy":"product_tag","embeddable":true,"href":"https:\/\/mes-pochoirs.com\/es\/wp-json\/wp\/v2\/product_tag?post=17222"}],"curies":[{"name":"wp","href":"https:\/\/api.w.org\/{rel}","templated":true}]}}