{"id":17665,"date":"2024-10-21T12:21:22","date_gmt":"2024-10-21T10:21:22","guid":{"rendered":"https:\/\/mes-pochoirs.com\/?post_type=product&#038;p=17665"},"modified":"2025-10-31T12:16:39","modified_gmt":"2025-10-31T11:16:39","slug":"plantilla-reutilizable-tiburon-a0048","status":"publish","type":"product","link":"https:\/\/mes-pochoirs.com\/es\/produit\/pochoir-requin-reutilisable-a0048","title":{"rendered":"Plantilla tibur\u00f3n - A0048"},"content":{"rendered":"<h2>Un estilo abstracto para creaciones marinas \u00fanicas<\/h2>\n<p>El motivo <strong>plantilla reutilizable de tibur\u00f3n<\/strong> incarne toute la puissance et l\u2019\u00e9l\u00e9gance de l\u2019un des plus c\u00e9l\u00e8bres habitants de l\u2019oc\u00e9an. Avec ses lignes fluides et ses d\u00e9tails pr\u00e9cis, ce design capture le mouvement majestueux du requin en pleine nage, \u00e9voquant \u00e0 la fois la force et le myst\u00e8re des profondeurs marines. Chaque d\u00e9tail de ce pochoir a \u00e9t\u00e9 minutieusement pens\u00e9 pour repr\u00e9senter le requin dans une posture dynamique, comme s\u2019il surgissait des vagues pour s&#8217;imposer visuellement. Ce motif unique, audacieux et moderne, attire instantan\u00e9ment le regard et donne une forte personnalit\u00e9 aux surfaces sur lesquelles il est appliqu\u00e9, qu\u2019il s\u2019agisse de murs, de toiles, de meubles, ou m\u00eame de textiles. Parfait pour les passionn\u00e9s de d\u00e9coration marine et ceux qui souhaitent insuffler un caract\u00e8re animalier fort dans leurs cr\u00e9ations, ce pochoir requin se distingue par son adaptabilit\u00e9 et son impact visuel. Il s\u2019int\u00e8gre ais\u00e9ment dans des projets de street art contemporains, des d\u00e9cors DIY d\u2019int\u00e9rieur, ou m\u00eame des projets artistiques plus minimalistes. Gr\u00e2ce \u00e0 sa structure r\u00e9utilisable et sa facilit\u00e9 d&#8217;entretien, il devient un outil de choix pour multiplier les projets sans perdre en qualit\u00e9 de finition. Ce motif, utilis\u00e9 seul pour cr\u00e9er un point focal saisissant ou combin\u00e9 avec d\u2019autres \u00e9l\u00e9ments marins pour une ambiance immersive, transporte l\u2019observateur dans un univers oc\u00e9anique dynamique et profond, transformant l\u2019espace en une sc\u00e8ne aquatique o\u00f9 le requin incarne puissance et libert\u00e9.<\/p>","protected":false},"excerpt":{"rendered":"<p>Plantilla de tibur\u00f3n reversible, reutilizable y de alta calidad. Disponible en varios tama\u00f1os para creaciones marinas en diversas superficies.<\/p>","protected":false},"featured_media":17599,"comment_status":"open","ping_status":"closed","template":"","meta":{"bwfblock_default_font":"","_kad_blocks_custom_css":"","_kad_blocks_head_custom_js":"","_kad_blocks_body_custom_js":"","_kad_blocks_footer_custom_js":"","_kadence_starter_templates_imported_post":false,"_kad_post_transparent":"default","_kad_post_title":"","_kad_post_layout":"default","_kad_post_sidebar_id":"","_kad_post_content_style":"default","_kad_post_vertical_padding":"default","_kad_post_feature":"","_kad_post_feature_position":"","_kad_post_header":false,"_kad_post_footer":false,"_kad_post_classname":""},"product_brand":[1415],"product_cat":[364],"product_tag":[805,904,899,629,630,907,906],"class_list":{"0":"post-17665","1":"product","2":"type-product","3":"status-publish","4":"has-post-thumbnail","6":"product_brand-mes-pochoirs","7":"product_cat-pochoirs-animaux","8":"product_tag-animal-marin","9":"product_tag-cetace","10":"product_tag-fonds-marin","11":"product_tag-mer","12":"product_tag-ocean","13":"product_tag-poisson","14":"product_tag-requin","16":"first","17":"instock","18":"taxable","19":"shipping-taxable","20":"purchasable","21":"product-type-variable","22":"entry","23":"content-bg","24":"loop-entry"},"taxonomy_info":{"product_brand":[{"value":1415,"label":"Mes Pochoirs"}],"product_cat":[{"value":364,"label":"Animaux"}],"product_tag":[{"value":805,"label":"animal marin"},{"value":904,"label":"c\u00e9tac\u00e9"},{"value":899,"label":"fonds marin"},{"value":629,"label":"mer"},{"value":630,"label":"oc\u00e9an"},{"value":907,"label":"poisson"},{"value":906,"label":"requin"}]},"featured_image_src_large":["https:\/\/mes-pochoirs.com\/wp-content\/uploads\/2024\/10\/A0048-FR-pochoir-requin-4-5-copyright-mes-pochoirs-com--858x1030.jpg",858,1030,true],"author_info":[],"comment_info":0,"_links":{"self":[{"href":"https:\/\/mes-pochoirs.com\/es\/wp-json\/wp\/v2\/product\/17665","targetHints":{"allow":["GET"]}}],"collection":[{"href":"https:\/\/mes-pochoirs.com\/es\/wp-json\/wp\/v2\/product"}],"about":[{"href":"https:\/\/mes-pochoirs.com\/es\/wp-json\/wp\/v2\/types\/product"}],"replies":[{"embeddable":true,"href":"https:\/\/mes-pochoirs.com\/es\/wp-json\/wp\/v2\/comments?post=17665"}],"wp:featuredmedia":[{"embeddable":true,"href":"https:\/\/mes-pochoirs.com\/es\/wp-json\/wp\/v2\/media\/17599"}],"wp:attachment":[{"href":"https:\/\/mes-pochoirs.com\/es\/wp-json\/wp\/v2\/media?parent=17665"}],"wp:term":[{"taxonomy":"product_brand","embeddable":true,"href":"https:\/\/mes-pochoirs.com\/es\/wp-json\/wp\/v2\/product_brand?post=17665"},{"taxonomy":"product_cat","embeddable":true,"href":"https:\/\/mes-pochoirs.com\/es\/wp-json\/wp\/v2\/product_cat?post=17665"},{"taxonomy":"product_tag","embeddable":true,"href":"https:\/\/mes-pochoirs.com\/es\/wp-json\/wp\/v2\/product_tag?post=17665"}],"curies":[{"name":"wp","href":"https:\/\/api.w.org\/{rel}","templated":true}]}}