{"id":18171,"date":"2024-11-20T14:56:14","date_gmt":"2024-11-20T13:56:14","guid":{"rendered":"https:\/\/mes-pochoirs.com\/?post_type=product&#038;p=18171"},"modified":"2025-10-31T12:18:33","modified_gmt":"2025-10-31T11:18:33","slug":"plantilla-paisaje-velero-pl0008","status":"publish","type":"product","link":"https:\/\/mes-pochoirs.com\/es\/produit\/pochoir-paysage-voilier-pl0008","title":{"rendered":"Plantilla de paisaje marino - PL0008"},"content":{"rendered":"<h2>Plantilla Paisaje Velero<\/h2>\n<h3>Un momento de libertad en el mar<\/h3>\n<p>La plantilla de paisaje de velero captura la esencia de un paisaje marino con un velero que se desliza apaciblemente sobre las olas. Esta plantilla abstracta representa la belleza sencilla y po\u00e9tica de un velero sobre el agua, evocando la tranquilidad del mar y el poder de la naturaleza. De nuestra categor\u00eda de paisajes, y m\u00e1s concretamente de la subcategor\u00eda de paisajes marinos, este dise\u00f1o te invita a incorporar la llamada del oc\u00e9ano y el encanto del mar abierto a tus creaciones. Con unas pocas formas sencillas, transmite la relajante atm\u00f3sfera del aire marino, la belleza de la naturaleza y la impresi\u00f3n de infinito. Ideal para los artistas que desean captar la esencia de un paisaje marino, esta plantilla facilita la tarea de a\u00f1adir un toque aut\u00e9ntico de oc\u00e9ano y naturaleza a sus obras.<\/p>\n<h3>Dise\u00f1o abstracto y exclusivo para creaciones inspiradas<\/h3>\n<p>Pensada para artistas apasionados por la naturaleza, esta plantilla de paisaje de velero ofrece una libertad de interpretaci\u00f3n \u00fanica. Con su dise\u00f1o exclusivo, imaginado y creado por nuestro equipo, se adapta a una amplia gama de soportes y estilos art\u00edsticos, permiti\u00e9ndole crear obras variadas y personales. Si desea evocar un paisaje marino estilizado, una escena po\u00e9tica con un velero o simplemente captar el encanto del mar, esta plantilla abstracta enriquecer\u00e1 sus composiciones. Perfecta para proyectos de decoraci\u00f3n mural u obras sobre lienzo, forma parte de una colecci\u00f3n dise\u00f1ada para inspirar a los artistas a incorporar la naturaleza y el ambiente marino en sus creaciones. Esta plantilla es una excelente elecci\u00f3n para crear obras elegantes y relajantes inspiradas en el oc\u00e9ano.<\/p>","protected":false},"excerpt":{"rendered":"<p>Plantilla de alta calidad para paisajes de veleros, reutilizable, reversible y disponible en varios tama\u00f1os. Ideal para creaciones marinas elegantes y \u00fanicas.<\/p>","protected":false},"featured_media":18170,"comment_status":"open","ping_status":"closed","template":"","meta":{"bwfblock_default_font":"","_kad_blocks_custom_css":"","_kad_blocks_head_custom_js":"","_kad_blocks_body_custom_js":"","_kad_blocks_footer_custom_js":"","_kadence_starter_templates_imported_post":false,"_kad_post_transparent":"default","_kad_post_title":"","_kad_post_layout":"default","_kad_post_sidebar_id":"","_kad_post_content_style":"default","_kad_post_vertical_padding":"default","_kad_post_feature":"","_kad_post_feature_position":"","_kad_post_header":false,"_kad_post_footer":false,"_kad_post_classname":""},"product_brand":[1415],"product_cat":[939,618],"product_tag":[942,943,941,944,623,931,629,370,630,309,626,948,947,945],"class_list":{"0":"post-18171","1":"product","2":"type-product","3":"status-publish","4":"has-post-thumbnail","6":"product_brand-mes-pochoirs","7":"product_cat-paysages-marins","8":"product_cat-pochoirs-paysages","9":"product_tag-air-marin","10":"product_tag-barque","11":"product_tag-bateau","12":"product_tag-bateau-a-voile","13":"product_tag-ile","14":"product_tag-marin","15":"product_tag-mer","16":"product_tag-nature","17":"product_tag-ocean","18":"product_tag-paysage","19":"product_tag-plage","20":"product_tag-rochers","21":"product_tag-voile","22":"product_tag-voilier","24":"first","25":"instock","26":"taxable","27":"shipping-taxable","28":"purchasable","29":"product-type-variable","30":"entry","31":"content-bg","32":"loop-entry"},"taxonomy_info":{"product_brand":[{"value":1415,"label":"Mes Pochoirs"}],"product_cat":[{"value":939,"label":"Paysages Marins"},{"value":618,"label":"Paysages"}],"product_tag":[{"value":942,"label":"air marin"},{"value":943,"label":"barque"},{"value":941,"label":"bateau"},{"value":944,"label":"bateau \u00e0 voile"},{"value":623,"label":"\u00eele"},{"value":931,"label":"marin"},{"value":629,"label":"mer"},{"value":370,"label":"nature"},{"value":630,"label":"oc\u00e9an"},{"value":309,"label":"paysage"},{"value":626,"label":"plage"},{"value":948,"label":"rochers"},{"value":947,"label":"voile"},{"value":945,"label":"voilier"}]},"featured_image_src_large":["https:\/\/mes-pochoirs.com\/wp-content\/uploads\/2024\/11\/PL0008-FR-pochoir-paysage-marin-7-10-copyright-mes-pochoirs-com--858x1030.jpg",858,1030,true],"author_info":[],"comment_info":0,"_links":{"self":[{"href":"https:\/\/mes-pochoirs.com\/es\/wp-json\/wp\/v2\/product\/18171","targetHints":{"allow":["GET"]}}],"collection":[{"href":"https:\/\/mes-pochoirs.com\/es\/wp-json\/wp\/v2\/product"}],"about":[{"href":"https:\/\/mes-pochoirs.com\/es\/wp-json\/wp\/v2\/types\/product"}],"replies":[{"embeddable":true,"href":"https:\/\/mes-pochoirs.com\/es\/wp-json\/wp\/v2\/comments?post=18171"}],"wp:featuredmedia":[{"embeddable":true,"href":"https:\/\/mes-pochoirs.com\/es\/wp-json\/wp\/v2\/media\/18170"}],"wp:attachment":[{"href":"https:\/\/mes-pochoirs.com\/es\/wp-json\/wp\/v2\/media?parent=18171"}],"wp:term":[{"taxonomy":"product_brand","embeddable":true,"href":"https:\/\/mes-pochoirs.com\/es\/wp-json\/wp\/v2\/product_brand?post=18171"},{"taxonomy":"product_cat","embeddable":true,"href":"https:\/\/mes-pochoirs.com\/es\/wp-json\/wp\/v2\/product_cat?post=18171"},{"taxonomy":"product_tag","embeddable":true,"href":"https:\/\/mes-pochoirs.com\/es\/wp-json\/wp\/v2\/product_tag?post=18171"}],"curies":[{"name":"wp","href":"https:\/\/api.w.org\/{rel}","templated":true}]}}