{"id":18184,"date":"2024-11-20T15:13:22","date_gmt":"2024-11-20T14:13:22","guid":{"rendered":"https:\/\/mes-pochoirs.com\/?post_type=product&#038;p=18184"},"modified":"2025-10-31T12:18:35","modified_gmt":"2025-10-31T11:18:35","slug":"plantilla-paisaje-barco-pl0009","status":"publish","type":"product","link":"https:\/\/mes-pochoirs.com\/es\/produit\/pochoir-paysage-bateau-pl0009","title":{"rendered":"Plantilla de paisaje marino - PL0009"},"content":{"rendered":"<h2>Plantilla Paisaje Barco\u00a0<\/h2>\n<h3>Una escapada al horizonte marino<\/h3>\n<p>La plantilla Paisaje de barco encarna la esencia de un paisaje marino, con un barco flotando libremente sobre las olas y una atm\u00f3sfera de aire marino. Este dise\u00f1o abstracto evoca la belleza intemporal del mar, capturando la tranquilidad del oc\u00e9ano y el sutil poder de la naturaleza. Parte de nuestra exclusiva colecci\u00f3n Paisajes, y m\u00e1s concretamente de la subcategor\u00eda Paisajes marinos, esta plantilla es una invitaci\u00f3n a viajar y contemplar. Tanto si imagina un cielo extenso como un horizonte infinito, cada aplicaci\u00f3n de esta plantilla aporta un soplo de aire marino y una nota po\u00e9tica a su trabajo, sumergi\u00e9ndole en la belleza del oc\u00e9ano y la llamada del mar abierto.<\/p>\n<h3>Un estilo abstracto y natural, pensado para artistas<\/h3>\n<p>Creada para artistas que buscan inspiraci\u00f3n natural, esta plantilla de paisaje de barco es ideal para a\u00f1adir un toque aut\u00e9ntico de naturaleza a sus composiciones. Su estilo abstracto, cuidadosamente elaborado por nuestro equipo, ofrece una representaci\u00f3n minimalista y moderna que puede interpretarse de m\u00faltiples maneras. Util\u00edcelo para crear escenas mar\u00edtimas que respiren el aire marino, evoquen la calma del mar y transporten al espectador a un mundo de evasi\u00f3n. El dise\u00f1o \u00fanico y exclusivo de esta plantilla la hace perfecta para murales, lienzos o telones de fondo que busquen capturar el esp\u00edritu del mar. Forma parte de nuestra colecci\u00f3n para dise\u00f1adores apasionados por la naturaleza y los elementos, que desean impregnar sus obras de arte con un poco del mundo marino.<\/p>","protected":false},"excerpt":{"rendered":"<p>Plantilla de paisaje marino de alta calidad, reutilizable y reversible, disponible en varios tama\u00f1os. Ideal para creaciones \u00fanicas de arte marino.<\/p>","protected":false},"featured_media":18197,"comment_status":"open","ping_status":"closed","template":"","meta":{"bwfblock_default_font":"","_kad_blocks_custom_css":"","_kad_blocks_head_custom_js":"","_kad_blocks_body_custom_js":"","_kad_blocks_footer_custom_js":"","_kadence_starter_templates_imported_post":false,"_kad_post_transparent":"default","_kad_post_title":"","_kad_post_layout":"default","_kad_post_sidebar_id":"","_kad_post_content_style":"default","_kad_post_vertical_padding":"default","_kad_post_feature":"","_kad_post_feature_position":"","_kad_post_header":false,"_kad_post_footer":false,"_kad_post_classname":""},"product_brand":[1415],"product_cat":[939,618],"product_tag":[942,941,944,931,629,370,630,309,945],"class_list":{"0":"post-18184","1":"product","2":"type-product","3":"status-publish","4":"has-post-thumbnail","6":"product_brand-mes-pochoirs","7":"product_cat-paysages-marins","8":"product_cat-pochoirs-paysages","9":"product_tag-air-marin","10":"product_tag-bateau","11":"product_tag-bateau-a-voile","12":"product_tag-marin","13":"product_tag-mer","14":"product_tag-nature","15":"product_tag-ocean","16":"product_tag-paysage","17":"product_tag-voilier","19":"first","20":"instock","21":"taxable","22":"shipping-taxable","23":"purchasable","24":"product-type-variable","25":"entry","26":"content-bg","27":"loop-entry"},"taxonomy_info":{"product_brand":[{"value":1415,"label":"Mes Pochoirs"}],"product_cat":[{"value":939,"label":"Paysages Marins"},{"value":618,"label":"Paysages"}],"product_tag":[{"value":942,"label":"air marin"},{"value":941,"label":"bateau"},{"value":944,"label":"bateau \u00e0 voile"},{"value":931,"label":"marin"},{"value":629,"label":"mer"},{"value":370,"label":"nature"},{"value":630,"label":"oc\u00e9an"},{"value":309,"label":"paysage"},{"value":945,"label":"voilier"}]},"featured_image_src_large":["https:\/\/mes-pochoirs.com\/wp-content\/uploads\/2024\/11\/PL0009-FR-pochoir-paysage-marin-7-10-copyright-mes-pochoirs-com--858x1030.jpg",858,1030,true],"author_info":[],"comment_info":0,"_links":{"self":[{"href":"https:\/\/mes-pochoirs.com\/es\/wp-json\/wp\/v2\/product\/18184","targetHints":{"allow":["GET"]}}],"collection":[{"href":"https:\/\/mes-pochoirs.com\/es\/wp-json\/wp\/v2\/product"}],"about":[{"href":"https:\/\/mes-pochoirs.com\/es\/wp-json\/wp\/v2\/types\/product"}],"replies":[{"embeddable":true,"href":"https:\/\/mes-pochoirs.com\/es\/wp-json\/wp\/v2\/comments?post=18184"}],"wp:featuredmedia":[{"embeddable":true,"href":"https:\/\/mes-pochoirs.com\/es\/wp-json\/wp\/v2\/media\/18197"}],"wp:attachment":[{"href":"https:\/\/mes-pochoirs.com\/es\/wp-json\/wp\/v2\/media?parent=18184"}],"wp:term":[{"taxonomy":"product_brand","embeddable":true,"href":"https:\/\/mes-pochoirs.com\/es\/wp-json\/wp\/v2\/product_brand?post=18184"},{"taxonomy":"product_cat","embeddable":true,"href":"https:\/\/mes-pochoirs.com\/es\/wp-json\/wp\/v2\/product_cat?post=18184"},{"taxonomy":"product_tag","embeddable":true,"href":"https:\/\/mes-pochoirs.com\/es\/wp-json\/wp\/v2\/product_tag?post=18184"}],"curies":[{"name":"wp","href":"https:\/\/api.w.org\/{rel}","templated":true}]}}