{"id":18303,"date":"2024-11-15T09:53:54","date_gmt":"2024-11-15T08:53:54","guid":{"rendered":"https:\/\/mes-pochoirs.com\/?post_type=product&#038;p=18303"},"modified":"2025-10-31T12:18:51","modified_gmt":"2025-10-31T11:18:51","slug":"navidad-padre-retrato-plantilla-fe0001","status":"publish","type":"product","link":"https:\/\/mes-pochoirs.com\/es\/produit\/pochoir-portrait-pere-noel-fe0001","title":{"rendered":"Plantilla Pap\u00e1 Noel - FE0001"},"content":{"rendered":"<h2>Plantilla Retrato de Pap\u00e1 Noel<\/h2>\n<h3>Capturar el esp\u00edritu de la temporada<\/h3>\n<p>Sum\u00e9rjase en la magia de la Navidad con nuestra plantilla retrato de Pap\u00e1 Noel, una creaci\u00f3n exclusiva que pone de relieve el s\u00edmbolo emblem\u00e1tico de esta celebraci\u00f3n tradicional. Esta plantilla, de nuestra categor\u00eda de fiestas y eventos, representa a un Pap\u00e1 Noel atemporal, que evoca a San Nicol\u00e1s y la alegr\u00eda de las celebraciones invernales. Con sus l\u00edneas art\u00edsticas y su dise\u00f1o refinado, esta plantilla capta la esencia de la \u00e9poca festiva, marcada por la generosidad, los regalos y los momentos compartidos en familia. Ideal para ilustrar el ambiente festivo y las tradiciones asociadas a la Navidad, esta plantilla es una elecci\u00f3n perfecta para a\u00f1adir un toque c\u00e1lido y aut\u00e9ntico a sus proyectos creativos.<\/p>\n<h3>Un estilo abstracto para creaciones \u00fanicas<\/h3>\n<p>La plantilla retrato de Pap\u00e1 Noel ha sido dise\u00f1ada para artistas que buscan incorporar un ambiente festivo a sus obras. Su dise\u00f1o abstracto ofrece flexibilidad art\u00edstica, lo que permite utilizarla para crear escenas ricas en detalles o composiciones modernas y minimalistas. Ya sea para tarjetas de felicitaci\u00f3n, decoraciones murales u objetos personalizados, esta plantilla es perfecta para tus proyectos. Cada modelo de nuestra colecci\u00f3n es fruto de la experiencia de nuestro equipo, lo que garantiza un estilo \u00fanico y una exclusividad sin igual. A\u00f1ada un toque de magia navide\u00f1a a sus creaciones y deje que esta plantilla convierta sus ideas en celebraciones visuales.<\/p>","protected":false},"excerpt":{"rendered":"<p>Plantilla retrato de Pap\u00e1 Noel: de alta calidad, reutilizable y reversible, en varios tama\u00f1os para tus creaciones art\u00edsticas y decoraciones navide\u00f1as.<\/p>","protected":false},"featured_media":18266,"comment_status":"open","ping_status":"closed","template":"","meta":{"bwfblock_default_font":"","_kad_blocks_custom_css":"","_kad_blocks_head_custom_js":"","_kad_blocks_body_custom_js":"","_kad_blocks_footer_custom_js":"","_kadence_starter_templates_imported_post":false,"_kad_post_transparent":"default","_kad_post_title":"","_kad_post_layout":"default","_kad_post_sidebar_id":"","_kad_post_content_style":"default","_kad_post_vertical_padding":"default","_kad_post_feature":"","_kad_post_feature_position":"","_kad_post_header":false,"_kad_post_footer":false,"_kad_post_classname":""},"product_brand":[1415],"product_cat":[951,950,36],"product_tag":[954,953,681,952,956,390,957,955],"class_list":{"0":"post-18303","1":"product","2":"type-product","3":"status-publish","4":"has-post-thumbnail","6":"product_brand-mes-pochoirs","7":"product_cat-pochoirs-noel","8":"product_cat-pochoirs-fetes-evenements","9":"product_cat-pochoirs-portraits-visages","10":"product_tag-celebration","11":"product_tag-evenement","12":"product_tag-fete","13":"product_tag-noel","14":"product_tag-pere-noel","15":"product_tag-portrait","16":"product_tag-saint-nicolas","17":"product_tag-tradition","19":"first","20":"instock","21":"taxable","22":"shipping-taxable","23":"purchasable","24":"product-type-variable","25":"has-default-attributes","26":"entry","27":"content-bg","28":"loop-entry"},"taxonomy_info":{"product_brand":[{"value":1415,"label":"Mes Pochoirs"}],"product_cat":[{"value":951,"label":"No\u00ebl"},{"value":950,"label":"F\u00eates &amp; \u00c9v\u00e9nements"},{"value":36,"label":"Portraits &amp; Visages"}],"product_tag":[{"value":954,"label":"c\u00e9l\u00e9bration"},{"value":953,"label":"\u00e9v\u00e8nement"},{"value":681,"label":"f\u00eate"},{"value":952,"label":"no\u00ebl"},{"value":956,"label":"p\u00e8re no\u00ebl"},{"value":390,"label":"portrait"},{"value":957,"label":"Saint-Nicolas"},{"value":955,"label":"tradition"}]},"featured_image_src_large":["https:\/\/mes-pochoirs.com\/wp-content\/uploads\/2024\/11\/FE0001-FR-pochoir-pere-noel-1-1-copyright-mes-pochoirs-com--858x1030.jpg",858,1030,true],"author_info":[],"comment_info":0,"_links":{"self":[{"href":"https:\/\/mes-pochoirs.com\/es\/wp-json\/wp\/v2\/product\/18303","targetHints":{"allow":["GET"]}}],"collection":[{"href":"https:\/\/mes-pochoirs.com\/es\/wp-json\/wp\/v2\/product"}],"about":[{"href":"https:\/\/mes-pochoirs.com\/es\/wp-json\/wp\/v2\/types\/product"}],"replies":[{"embeddable":true,"href":"https:\/\/mes-pochoirs.com\/es\/wp-json\/wp\/v2\/comments?post=18303"}],"wp:featuredmedia":[{"embeddable":true,"href":"https:\/\/mes-pochoirs.com\/es\/wp-json\/wp\/v2\/media\/18266"}],"wp:attachment":[{"href":"https:\/\/mes-pochoirs.com\/es\/wp-json\/wp\/v2\/media?parent=18303"}],"wp:term":[{"taxonomy":"product_brand","embeddable":true,"href":"https:\/\/mes-pochoirs.com\/es\/wp-json\/wp\/v2\/product_brand?post=18303"},{"taxonomy":"product_cat","embeddable":true,"href":"https:\/\/mes-pochoirs.com\/es\/wp-json\/wp\/v2\/product_cat?post=18303"},{"taxonomy":"product_tag","embeddable":true,"href":"https:\/\/mes-pochoirs.com\/es\/wp-json\/wp\/v2\/product_tag?post=18303"}],"curies":[{"name":"wp","href":"https:\/\/api.w.org\/{rel}","templated":true}]}}