{"id":18309,"date":"2024-11-15T10:20:21","date_gmt":"2024-11-15T09:20:21","guid":{"rendered":"https:\/\/mes-pochoirs.com\/?post_type=product&#038;p=18309"},"modified":"2025-10-31T12:18:53","modified_gmt":"2025-10-31T11:18:53","slug":"plantilla-padre-de-navidad-fe0002","status":"publish","type":"product","link":"https:\/\/mes-pochoirs.com\/es\/produit\/pochoir-pere-noel-fe0002","title":{"rendered":"Plantilla Pap\u00e1 Noel - FE0002"},"content":{"rendered":"<h2>Plantilla de Pap\u00e1 Noel<\/h2>\n<h3>Un icono de la magia navide\u00f1a<\/h3>\n<p>Sum\u00e9rgete en el esp\u00edritu festivo con nuestra plantilla de Pap\u00e1 Noel, una creaci\u00f3n \u00fanica que muestra el icono atemporal de esta m\u00e1gica \u00e9poca del a\u00f1o. Esta plantilla abstracta, de nuestra categor\u00eda de fiestas y eventos, captura la imagen ic\u00f3nica de Pap\u00e1 Noel, tambi\u00e9n conocido como San Nicol\u00e1s, s\u00edmbolo de generosidad y celebraci\u00f3n. Representa la alegr\u00eda de las fiestas y evoca c\u00e1lidos momentos familiares, regalos bajo el \u00e1rbol y tradiciones entra\u00f1ables. Esta plantilla es perfecta para a\u00f1adir un toque de autenticidad y encanto a sus decoraciones y creaciones art\u00edsticas, al tiempo que encarna los valores intemporales de la Navidad.<\/p>\n<h3>Dise\u00f1o abstracto para una gran variedad de creaciones art\u00edsticas<\/h3>\n<p>Con su estilo abstracto, la plantilla Pap\u00e1 Noel ofrece una gran libertad creativa a artistas y decoradores. Ya sea para tarjetas de felicitaci\u00f3n, decoraciones murales, envoltorios de regalo personalizados u obras de arte \u00fanicas, esta plantilla se adapta a multitud de proyectos. Dise\u00f1ada exclusivamente por nuestro equipo, garantiza una calidad excepcional y una reutilizaci\u00f3n \u00f3ptima. Su estilo atemporal puede adaptarse a composiciones cl\u00e1sicas o modernas, capturando al mismo tiempo la esencia de la estaci\u00f3n invernal. Aporte un toque c\u00e1lido y festivo a sus proyectos y deje que esta plantilla exclusiva transforme sus ideas en obras maestras inspiradas en la Navidad.<\/p>","protected":false},"excerpt":{"rendered":"<p>Plantilla de Pap\u00e1 Noel: dise\u00f1o exclusivo, reutilizable, reversible, en varios tama\u00f1os, perfecta para tus cuadros, pinturas y decoraciones navide\u00f1as.<\/p>","protected":false},"featured_media":18267,"comment_status":"open","ping_status":"closed","template":"","meta":{"bwfblock_default_font":"","_kad_blocks_custom_css":"","_kad_blocks_head_custom_js":"","_kad_blocks_body_custom_js":"","_kad_blocks_footer_custom_js":"","_kadence_starter_templates_imported_post":false,"_kad_post_transparent":"default","_kad_post_title":"","_kad_post_layout":"default","_kad_post_sidebar_id":"","_kad_post_content_style":"default","_kad_post_vertical_padding":"default","_kad_post_feature":"","_kad_post_feature_position":"","_kad_post_header":false,"_kad_post_footer":false,"_kad_post_classname":""},"product_brand":[1415],"product_cat":[951,950,36],"product_tag":[954,953,681,952,956,957,955],"class_list":{"0":"post-18309","1":"product","2":"type-product","3":"status-publish","4":"has-post-thumbnail","6":"product_brand-mes-pochoirs","7":"product_cat-pochoirs-noel","8":"product_cat-pochoirs-fetes-evenements","9":"product_cat-pochoirs-portraits-visages","10":"product_tag-celebration","11":"product_tag-evenement","12":"product_tag-fete","13":"product_tag-noel","14":"product_tag-pere-noel","15":"product_tag-saint-nicolas","16":"product_tag-tradition","18":"first","19":"instock","20":"taxable","21":"shipping-taxable","22":"purchasable","23":"product-type-variable","24":"entry","25":"content-bg","26":"loop-entry"},"taxonomy_info":{"product_brand":[{"value":1415,"label":"Mes Pochoirs"}],"product_cat":[{"value":951,"label":"No\u00ebl"},{"value":950,"label":"F\u00eates &amp; \u00c9v\u00e9nements"},{"value":36,"label":"Portraits &amp; Visages"}],"product_tag":[{"value":954,"label":"c\u00e9l\u00e9bration"},{"value":953,"label":"\u00e9v\u00e8nement"},{"value":681,"label":"f\u00eate"},{"value":952,"label":"no\u00ebl"},{"value":956,"label":"p\u00e8re no\u00ebl"},{"value":957,"label":"Saint-Nicolas"},{"value":955,"label":"tradition"}]},"featured_image_src_large":["https:\/\/mes-pochoirs.com\/wp-content\/uploads\/2024\/11\/FE0002-FR-pochoir-pere-noel-7-10-copyright-mes-pochoirs-com--858x1030.jpg",858,1030,true],"author_info":[],"comment_info":0,"_links":{"self":[{"href":"https:\/\/mes-pochoirs.com\/es\/wp-json\/wp\/v2\/product\/18309","targetHints":{"allow":["GET"]}}],"collection":[{"href":"https:\/\/mes-pochoirs.com\/es\/wp-json\/wp\/v2\/product"}],"about":[{"href":"https:\/\/mes-pochoirs.com\/es\/wp-json\/wp\/v2\/types\/product"}],"replies":[{"embeddable":true,"href":"https:\/\/mes-pochoirs.com\/es\/wp-json\/wp\/v2\/comments?post=18309"}],"wp:featuredmedia":[{"embeddable":true,"href":"https:\/\/mes-pochoirs.com\/es\/wp-json\/wp\/v2\/media\/18267"}],"wp:attachment":[{"href":"https:\/\/mes-pochoirs.com\/es\/wp-json\/wp\/v2\/media?parent=18309"}],"wp:term":[{"taxonomy":"product_brand","embeddable":true,"href":"https:\/\/mes-pochoirs.com\/es\/wp-json\/wp\/v2\/product_brand?post=18309"},{"taxonomy":"product_cat","embeddable":true,"href":"https:\/\/mes-pochoirs.com\/es\/wp-json\/wp\/v2\/product_cat?post=18309"},{"taxonomy":"product_tag","embeddable":true,"href":"https:\/\/mes-pochoirs.com\/es\/wp-json\/wp\/v2\/product_tag?post=18309"}],"curies":[{"name":"wp","href":"https:\/\/api.w.org\/{rel}","templated":true}]}}